{"id":9964,"date":"2025-07-24T10:18:33","date_gmt":"2025-07-24T10:18:33","guid":{"rendered":"https:\/\/kaiserdom.de\/?page_id=9964"},"modified":"2026-03-27T08:54:48","modified_gmt":"2026-03-27T08:54:48","slug":"ausbildung","status":"publish","type":"page","link":"https:\/\/kaiserdom.de\/en\/ausbildung","title":{"rendered":"Ausbildung"},"content":{"rendered":"<p>[et_pb_section fb_built=&#8220;1&#8243; admin_label=&#8220;Services&#8220; _builder_version=&#8220;3.22&#8243; custom_margin=&#8220;||-57px|||&#8220;][et_pb_row _builder_version=&#8220;4.4.1&#8243; min_height=&#8220;12px&#8220; custom_padding=&#8220;5px||4px|||&#8220;][et_pb_column type=&#8220;4_4&#8243; _builder_version=&#8220;4.4.1&#8243;][et_pb_text _builder_version=&#8220;4.4.1&#8243; link_option_url=&#8220;https:\/\/kaiserdom.de\/karriere&#8220;]<\/p>\n<p><a href=\"https:\/\/kaiserdom.de\/karriere\"><span style=\"color: #008000;\"><\/span><span style=\"color: #162e72;\"><\/span><span style=\"color: #162e72;\"><strong>&lt; Karriere<\/strong><\/span><\/a><\/p>\n<p>[\/et_pb_text][\/et_pb_column][\/et_pb_row][et_pb_row _builder_version=&#8220;4.4.1&#8243; custom_padding=&#8220;8px|||||&#8220;][et_pb_column type=&#8220;4_4&#8243; _builder_version=&#8220;4.4.1&#8243;][et_pb_image src=&#8220;https:\/\/kaiserdom.de\/wp-content\/uploads\/2024\/08\/Azubi-Team.jpg&#8220; _builder_version=&#8220;4.4.1&#8243; custom_margin=&#8220;-9px|||||&#8220;][\/et_pb_image][\/et_pb_column][\/et_pb_row][et_pb_row _builder_version=&#8220;4.4.1&#8243; custom_margin=&#8220;-8px|auto||auto||&#8220; custom_padding=&#8220;11px||5px|||&#8220;][et_pb_column type=&#8220;4_4&#8243; _builder_version=&#8220;4.4.1&#8243;][et_pb_text _builder_version=&#8220;4.4.1&#8243; custom_margin=&#8220;||10px|||&#8220;]<\/p>\n<h4 style=\"text-align: left;\"><span style=\"color: #000000;\"><strong>Willkommen bei Kaiserdom<\/strong><\/span><\/h4>\n<div class=\"ge-year\" style=\"text-align: center;\">\n<p style=\"text-align: left;\">Wir sind ein zuverl\u00e4ssiger Partner in der Region und beliefern auch exportstark internationale M\u00e4rkte auf der ganzen Welt. Unseren Mitarbeitern bietet sich ein famili\u00e4res Betriebsklima. Handwerk, Technik, Planung und Organisation gehen hier Hand in Hand.<\/p>\n<p style=\"text-align: left;\"><em><\/em><\/p>\n<p style=\"text-align: left;\"><em><\/em><\/p>\n<h5 style=\"text-align: left;\"><strong><span color=\"#000000\" style=\"color: #000000;\">Deine Ausbildungsvorteile: <\/span><\/strong><\/h5>\n<ul>\n<li style=\"text-align: left;\"><span style=\"color: #000000;\">Famili\u00e4res Miteinander, erfahrene Ausbilder<\/span><\/li>\n<li style=\"text-align: left;\"><span color=\"#000000\" style=\"color: #000000;\">Praxisnahes Lernen in einem modernen Betrieb<\/span><\/li>\n<li style=\"text-align: left;\"><span style=\"color: #000000;\">Faire Verg\u00fctung und attraktive Zusatzleistungen<\/span><\/li>\n<li style=\"text-align: left;\"><span style=\"color: #000000;\">Sehr gute \u00dcbernahmechancen<\/span><span style=\"color: #000000;\"><\/span><\/li>\n<\/ul>\n<\/div>\n<p>[\/et_pb_text][\/et_pb_column][\/et_pb_row][et_pb_row _builder_version=&#8220;4.4.1&#8243; custom_margin=&#8220;-8px|auto||auto||&#8220; custom_padding=&#8220;11px|||||&#8220;][et_pb_column type=&#8220;4_4&#8243; _builder_version=&#8220;4.4.1&#8243;][et_pb_text _builder_version=&#8220;4.4.1&#8243; custom_margin=&#8220;||48px|||&#8220;]<\/p>\n<h4 style=\"text-align: left;\"><span style=\"color: #000000;\"><strong>Ausbildung zum Brauer und M\u00e4lzer<\/strong> (m\/w\/d)<\/span><\/h4>\n<div class=\"ge-year\" style=\"text-align: center;\">\n<p style=\"text-align: left;\"><span style=\"color: #000000;\"><em>Wasser, Malz, Hopfen und Hefe<strong> &#8211; entdecke, wie vielf\u00e4ltig vier Rohstoffe sein k\u00f6nnen!<br \/> <\/strong>Dich erwarten <strong>moderne Anlagen und neuste Technik<\/strong> und ein motiviertes Team, das dir zur Seite steht<\/em><\/span><\/p>\n<p style=\"text-align: left;\"><span style=\"color: #000000;\"><em><\/em><\/span><\/p>\n<p style=\"text-align: left;\"><span style=\"color: #000000;\"><em><\/em><\/span><\/p>\n<ul>\n<li style=\"text-align: left;\"><span style=\"color: #000000;\">Prozessabl\u00e4ufe betreuen, \u00fcberwachen und steuern: Du wirst in alle Schritte der Bierherstellung eingef\u00fchrt und lernst, wie man diese kontrolliert<\/span><\/li>\n<li style=\"text-align: left;\"><span style=\"color: #000000;\">Qualit\u00e4tskontrollen durchf\u00fchren: Qualit\u00e4t steht bei uns an erster Stelle, und du wirst lernen, wie man diese st\u00e4ndig sicherstellt<\/span><\/li>\n<li style=\"text-align: left;\"><span style=\"color: #000000;\">Dein Ausbilder wird dich dabei unterst\u00fctzen, selbstst\u00e4ndig Verantwortung zu \u00fcbernehmen<\/span><\/li>\n<\/ul>\n<p style=\"text-align: left;\"><span style=\"color: #000080;\"><a href=\"https:\/\/kaiserdom.de\/wp-content\/uploads\/2025\/06\/Anzeige_Ausbildung_Brauer-Maelzer_2026.pdf\" target=\"_blank\" rel=\"noopener noreferrer\" style=\"color: #000080;\"><strong>Zur Stellenbeschreibung<\/strong><\/a><\/span><\/p>\n<\/div>\n<p>[\/et_pb_text][et_pb_text _builder_version=&#8220;4.4.1&#8243; custom_margin=&#8220;||48px||false|false&#8220; hover_enabled=&#8220;0&#8243;]<\/p>\n<h4 style=\"text-align: left;\"><span style=\"color: #000000;\"><strong>Ausbildung zum Industriekaufmann<\/strong> (m\/w\/d)<\/span><\/h4>\n<div class=\"ge-year\" style=\"text-align: center;\">\n<p style=\"text-align: left;\"><em><strong>Du hast Interesse an\u00a0Zahlen, Organisieren und Verhandeln?\u00a0<\/strong>Dann zeigen wir dir, dass ein B\u00fcro mehr als ein reiner Arbeitsplatz sein kann!<\/em><\/p>\n<p style=\"text-align: left;\"><span style=\"color: #000000;\"><em><\/em><\/span><\/p>\n<p style=\"text-align: left;\"><span style=\"color: #000000;\"><em><\/em><\/span><\/p>\n<ul>\n<li style=\"text-align: left;\"><span style=\"color: #000000;\">Materialwirtschaft: Erfahre alles \u00fcber Einkauf und Lagerung von Materialien<\/span><\/li>\n<li style=\"text-align: left;\"><span style=\"color: #000000;\">Vertrieb &amp; Marketing: Wir machen dich fit f\u00fcr die <span> <\/span>Betreuung von Kunden im In- und Ausland<\/span><\/li>\n<li style=\"text-align: left;\"><span style=\"color: #000000;\">Finanz- &amp; Rechnungswesen: Du lernst wie Gesch\u00e4ftsvorg\u00e4nge bear\u00adbeitet, gebucht und kontrolliert werden<\/span><\/li>\n<li style=\"text-align: left;\"><span style=\"color: #000000;\">Personalwesen: Wir vermitteln dir Kompetenzen im Bereich der Personalverwaltung<\/span><span style=\"color: #000000;\"><\/span><\/li>\n<\/ul>\n<p style=\"text-align: left;\"><span style=\"color: #000000;\"><strong>Achtung, erst wieder ab 2027 freie Ausbildungspl\u00e4tze f\u00fcr Industriekaufleute!<\/strong><\/span><\/p>\n<p style=\"text-align: left;\"><a href=\"https:\/\/kaiserdom.de\/wp-content\/uploads\/2025\/11\/Anzeige_Ausbildung_Industriekaufmann_2026.pdf\" target=\"_blank\" rel=\"noopener noreferrer\"><strong><span style=\"color: #000080;\">Zur Stellenbeschreibung<\/span><span style=\"color: #000000;\"><\/span><\/strong><\/a><\/p>\n<p style=\"text-align: left;\">\n<\/div>\n<p>[\/et_pb_text][et_pb_text _builder_version=&#8220;4.4.1&#8243; custom_margin=&#8220;||||false|false&#8220; hover_enabled=&#8220;0&#8243;]<\/p>\n<h4><span><strong>Ausbildung zum Fachlagerist<\/strong> (m\/w\/d)<\/span><\/h4>\n<h4><\/h4>\n<div class=\"ge-year\">\n<p><em><strong>Du packst gern mit an, beh\u00e4ltst den \u00dcberblick und arbeitest gern im Team?<\/strong>\u00a0Wir zeigen dir, wie vielseitig die Logistik einer Brauerei ist!<\/em><\/p>\n<\/div>\n<div class=\"ge-year\" style=\"text-align: center;\">\n<p style=\"text-align: left;\"><span style=\"color: #000000;\"><em><\/em><\/span><\/p>\n<p style=\"text-align: left;\"><span style=\"color: #000000;\"><em><\/em><\/span><\/p>\n<ul>\n<li style=\"text-align: left;\"><span style=\"color: #000000;\">Wareneingang bearbeiten: Du lernst, Lieferungen anzunehmen, zu pr\u00fcfen und fachgerecht zu erfassen<\/span><\/li>\n<li style=\"text-align: left;\"><span style=\"color: #000000;\">Fachgerechte Lagerung: Wir zeigen dir, wie G\u00fcter sicher, \u00fcbersichtlich und systematisch eingelagert werden<\/span><\/li>\n<li style=\"text-align: left;\"><span style=\"color: #000000;\">Kommissionierung &amp; Verpackung: Du stellst Waren zusammen und bereitest sie f\u00fcr den Weitertransport vor<\/span><\/li>\n<li style=\"text-align: left;\"><span style=\"color: #000000;\">Du wirst lernen, mit Flurf\u00f6rderzeugen G\u00fcter sicher durch das Lager zu bewegen<\/span><\/li>\n<\/ul>\n<p style=\"text-align: left;\"><span style=\"color: #000000;\"><strong>Achtung, erst wieder ab 2027 freie Ausbildungspl\u00e4tze f\u00fcr Fachlageristen!<\/strong><\/span><\/p>\n<p style=\"text-align: left;\"><span style=\"color: #000080;\"><a href=\"https:\/\/kaiserdom.de\/wp-content\/uploads\/2026\/01\/Anzeige_Ausbildung_Fachlagerist_2026.pdf\" target=\"_blank\" rel=\"noopener noreferrer\" style=\"color: #000080;\"><strong>Zur Stellenbeschreibung<\/strong><\/a><\/span><\/p>\n<\/div>\n<p>[\/et_pb_text][et_pb_text _builder_version=&#8220;4.4.1&#8243; custom_margin=&#8220;||||false|false&#8220;]<\/p>\n<p><b><i>Logistik ist dein Ding, aber du willst mehr?<\/i><\/b><i> <\/i><strong><i>Dann hol dir mehr!<\/i><\/strong><\/p>\n<p><i><\/i><\/p>\n<h4><span><strong>Ausbildung zur Fachkraft f\u00fcr Lagerlogistik<\/strong> (m\/w\/d)\u00a0<\/span><\/h4>\n<h4><\/h4>\n<div class=\"ge-year\"><\/div>\n<div class=\"ge-year\" style=\"text-align: center;\">\n<p style=\"text-align: left;\"><span style=\"color: #000000;\"><em><\/em><\/span><\/p>\n<p style=\"text-align: left;\"><span style=\"color: #000000;\"><em><\/em><\/span><\/p>\n<ul>\n<li style=\"text-align: left;\"><span style=\"color: #000000;\">Prozessabl\u00e4ufe betreuen, \u00fcberwachen und steuern: Du wirst in alle Schritte der Bierherstellung eingef\u00fchrt und lernst, wie man diese kontrolliert<\/span><\/li>\n<li style=\"text-align: left;\"><span style=\"color: #000000;\">Qualit\u00e4tskontrollen durchf\u00fchren: Qualit\u00e4t steht bei uns an erster Stelle, und du wirst lernen, wie man diese st\u00e4ndig sicherstellt<\/span><\/li>\n<li style=\"text-align: left;\"><span style=\"color: #000000;\">Dein Ausbilder wird dich dabei unterst\u00fctzen, selbstst\u00e4ndig Verantwortung zu \u00fcbernehmen<\/span><\/li>\n<\/ul>\n<\/div>\n<p>[\/et_pb_text][et_pb_text _builder_version=&#8220;4.4.1&#8243;]<\/p>\n<p><em><strong>Wir freuen uns \u00fcber deine aussagekr\u00e4ftige Bewerbung!<br \/> <\/strong><\/em>Dein Ansprechpartner:\u00a0Herr Stephan Schilling<\/p>\n<p>[\/et_pb_text][et_pb_button button_url=&#8220;mailto:bewerbungen@kaiserdom.de&#8220; button_text=&#8220;@ Jetzt bewerben&#8220; button_alignment=&#8220;center&#8220; _builder_version=&#8220;4.4.1&#8243;][\/et_pb_button][\/et_pb_column][\/et_pb_row][\/et_pb_section][et_pb_section fb_built=&#8220;1&#8243; admin_label=&#8220;My Approach&#8220; _builder_version=&#8220;3.22&#8243; custom_padding=&#8220;5px||104px|||&#8220;][et_pb_row column_structure=&#8220;3_5,2_5&#8243; _builder_version=&#8220;4.4.1&#8243; custom_padding=&#8220;8px|||||&#8220;][et_pb_column type=&#8220;3_5&#8243; _builder_version=&#8220;4.4.1&#8243;][et_pb_image src=&#8220;https:\/\/kaiserdom.de\/wp-content\/uploads\/2025\/11\/Azubi-Teamfoto.jpg&#8220; _builder_version=&#8220;4.4.1&#8243;][\/et_pb_image][\/et_pb_column][et_pb_column type=&#8220;2_5&#8243; _builder_version=&#8220;4.4.1&#8243;][et_pb_text _builder_version=&#8220;4.4.1&#8243;]<\/p>\n<h4><span><strong>Das haben wir zu bieten<\/strong><\/span><\/h4>\n<div class=\"ge-year\">\n<p style=\"text-align: left;\"><span style=\"color: #000000;\"><em><\/em><\/span><\/p>\n<p style=\"text-align: left;\"><span style=\"color: #000000;\"><em><\/em><\/span><\/p>\n<ul>\n<li>Bis zu 78 Liter <strong>Hautrunk pro Monat<\/strong><\/li>\n<li>Zuschuss zu <strong>verm\u00f6genswirksamen Leistungen<\/strong><\/li>\n<li><strong>Jahressonderzahlung<\/strong><\/li>\n<li><strong>Gourmet-Card<\/strong> (Gastro-Geldwertkarte mit monatl. Aufladung)<\/li>\n<li><strong>Gesundheitsbonus<\/strong><\/li>\n<li>Kooperation mit <strong>JobRad<br \/>\n<\/strong><strong>&#8230; und vieles mehr<\/strong><\/li>\n<\/ul>\n<\/div>\n<p>[\/et_pb_text][et_pb_text _builder_version=&#8220;4.4.1&#8243;]<\/p>\n<p><em><strong>Wir freuen uns \u00fcber deine aussagekr\u00e4ftige Bewerbung!<\/strong><\/em><br \/> Dein Ansprechpartner: Herr Stephan Schilling<\/p>\n<p>[\/et_pb_text][et_pb_button button_url=&#8220;mailto:bewerbungen@kaiserdom.de&#8220; button_text=&#8220;@ Jetzt bewerben&#8220; button_alignment=&#8220;center&#8220; _builder_version=&#8220;4.4.1&#8243;][\/et_pb_button][\/et_pb_column][\/et_pb_row][et_pb_row _builder_version=&#8220;4.4.1&#8243;][et_pb_column type=&#8220;4_4&#8243; _builder_version=&#8220;4.4.1&#8243;][et_pb_testimonial author=&#8220;Florian S.&#8220; job_title=&#8220;Lagerleiter&#8220; portrait_url=&#8220;https:\/\/kaiserdom.de\/wp-content\/uploads\/2025\/11\/Florian_S.jpg&#8220; _builder_version=&#8220;4.4.1&#8243;]<\/p>\n<p>Als Ausbilder freue ich mich darauf, jungen Menschen einen guten Start ins Arbeitsleben zu bereiten, Zusammenh\u00e4nge zu erl\u00e4utern, ein logistisches Verst\u00e4ndnis zu vermitteln und ihnen Schritt f\u00fcr Schritt Verantwortung zu \u00fcbertragen.<\/p>\n<p>[\/et_pb_testimonial][et_pb_testimonial author=&#8220;Florian K.&#8220; job_title=&#8220;Azubi Industriekaufmann&#8220; portrait_url=&#8220;https:\/\/kaiserdom.de\/wp-content\/uploads\/2025\/06\/Florian_Koslowski_Azubi_.jpg&#8220; _builder_version=&#8220;4.4.1&#8243;]<\/p>\n<p>Als Auszubildender f\u00fchle ich mich bei der Kaiserdom Specialit\u00e4ten Brauerei sehr wohl. Die Ausbildung ist sehr vielf\u00e4ltig und umfasst hier Bereiche sowohl im In-, als auch im Ausland. Vom ersten Lehrjahr an wurde ich darin gef\u00f6rdert, selbst\u00e4ndig zu arbeiten, wobei mir auch immer ein Ansprechpartner zur Seite steht. Nat\u00fcrlich ist es an sich schon super, bei einer Brauerei zu arbeiten und von den Vorteilen, wie dem Haustrunk, zu pro\ufb01tieren.<\/p>\n<p>[\/et_pb_testimonial][et_pb_testimonial author=&#8220;Emma P. &#038; Carolina M.&#8220; job_title=&#8220;Azubine und Brauergesellin&#8220; portrait_url=&#8220;https:\/\/kaiserdom.de\/wp-content\/uploads\/2026\/01\/Brauerinnen_.jpg&#8220; _builder_version=&#8220;4.4.1&#8243;]<\/p>\n<p>Bei Kaiserdom gef\u00e4llt uns die Abwechslung &#8211; jeder Tag bringt neue Aufgaben rund ums Bierbrauen.<br \/> Man lernt alles von der Rohware bis zum fertigen Bier und wird dabei super im Team aufgenommen.<\/p>\n<p>[\/et_pb_testimonial][\/et_pb_column][\/et_pb_row][\/et_pb_section][et_pb_section fb_built=&#8220;1&#8243; _builder_version=&#8220;4.4.1&#8243; background_color=&#8220;#d6d6d6&#8243; min_height=&#8220;0px&#8220; custom_margin=&#8220;210px||||false|false&#8220; custom_padding=&#8220;5px||0px|||&#8220; global_module=&#8220;7115&#8243; saved_tabs=&#8220;all&#8220;][et_pb_row column_structure=&#8220;1_5,1_5,1_5,1_5,1_5&#8243; use_custom_gutter=&#8220;on&#8220; gutter_width=&#8220;2&#8243; _builder_version=&#8220;4.4.1&#8243; width=&#8220;100%&#8220; width_tablet=&#8220;100%&#8220; width_phone=&#8220;100%&#8220; width_last_edited=&#8220;on|phone&#8220; max_width=&#8220;100%&#8220; min_height=&#8220;67px&#8220; custom_margin=&#8220;||||false|false&#8220; custom_padding=&#8220;13px|0px|15px|||&#8220; module_alignment_tablet=&#8220;center&#8220; module_alignment_phone=&#8220;center&#8220; module_alignment_last_edited=&#8220;on|phone&#8220;][et_pb_column type=&#8220;1_5&#8243; _builder_version=&#8220;4.4.1&#8243;][\/et_pb_column][et_pb_column type=&#8220;1_5&#8243; _builder_version=&#8220;4.4.1&#8243;][et_pb_text content_tablet=&#8220;<\/p>\n<p style=%22text-align: center;%22><a href=%22https:\/\/kaiserdom.de\/kontakt%22><span style=%22color: #000000;%22>Kontakt<\/span><\/a><span style=%22color: #000000;%22> <\/span><\/p>\n<p style=%22text-align: center;%22><a href=%22https:\/\/kaiserdom.de\/karriere-3%22><span style=%22color: #000000;%22>Karriere<\/span><\/a><span style=%22color: #000000;%22> <\/span><\/p>\n<p style=%22text-align: center;%22><span style=%22color: #000000;%22><a href=%22https:\/\/kaiserdom.de\/kundenbereich%22 style=%22color: #000000;%22>Downloads<\/a><\/span><\/p>\n<p>&#8220; content_phone=&#8220;<\/p>\n<p style=%22text-align: center;%22><a href=%22https:\/\/kaiserdom.de\/kontakt%22><span style=%22color: #000000;%22>Kontakt<\/span><\/a><\/p>\n<p style=%22text-align: center;%22><span style=%22color: #000000;%22> <\/span><a href=%22https:\/\/kaiserdom.de\/karriere-3%22><span style=%22color: #000000;%22>Karriere<\/span><\/a><span style=%22color: #000000;%22> <\/span><\/p>\n<p style=%22text-align: center;%22><span style=%22color: #000000;%22><a href=%22https:\/\/kaiserdom.de\/kundenbereich%22 style=%22color: #000000;%22>Downloads<\/a><\/span><\/p>\n<p>&#8220; content_last_edited=&#8220;on|phone&#8220; _builder_version=&#8220;4.4.1&#8243; width_tablet=&#8220;100%&#8220; width_phone=&#8220;100%&#8220; width_last_edited=&#8220;on|phone&#8220; max_width_tablet=&#8220;100%&#8220; max_width_phone=&#8220;100%&#8220; max_width_last_edited=&#8220;on|phone&#8220; custom_margin=&#8220;22px|||65px||&#8220; custom_margin_tablet=&#8220;|||0px|false|false&#8220; custom_margin_phone=&#8220;22px|||0px|false|false&#8220; custom_margin_last_edited=&#8220;on|phone&#8220; module_alignment_tablet=&#8220;center&#8220; module_alignment_phone=&#8220;center&#8220; module_alignment_last_edited=&#8220;on|phone&#8220;]<\/p>\n<p style=\"text-align: left;\"><a href=\"https:\/\/kaiserdom.de\/kontakt\"><span style=\"color: #000000;\">Kontakt<\/span><\/a><span style=\"color: #000000;\">\u00a0 \u00a0 \u00a0 \u00a0<\/span><a href=\"https:\/\/kaiserdom.de\/karriere\"><span style=\"color: #000000;\">Karriere<\/span><\/a><span style=\"color: #000000;\">\u00a0 \u00a0 \u00a0<a href=\"https:\/\/kaiserdom.de\/kundenbereich\" style=\"color: #000000;\">Downloads<\/a><\/span><\/p>\n<p>[\/et_pb_text][\/et_pb_column][et_pb_column type=&#8220;1_5&#8243; _builder_version=&#8220;4.4.1&#8243;][et_pb_image src=&#8220;https:\/\/kaiserdom.de\/wp-content\/uploads\/2020\/03\/KDLogo_Goldimitation-e1533220731251.png&#8220; align=&#8220;center&#8220; _builder_version=&#8220;4.4.1&#8243; width=&#8220;27%&#8220; width_tablet=&#8220;100%&#8220; width_phone=&#8220;40%&#8220; width_last_edited=&#8220;on|phone&#8220; max_width_tablet=&#8220;100%&#8220; max_width_phone=&#8220;40%&#8220; max_width_last_edited=&#8220;on|phone&#8220; custom_margin=&#8220;|130px||||&#8220; custom_margin_tablet=&#8220;|0px|||false|false&#8220; custom_margin_phone=&#8220;|0px|||false|false&#8220; custom_margin_last_edited=&#8220;on|phone&#8220; custom_padding_tablet=&#8220;&#8220; custom_padding_phone=&#8220;0px|0px|0px|0px|false|false&#8220; custom_padding_last_edited=&#8220;on|phone&#8220; module_alignment_tablet=&#8220;center&#8220; module_alignment_phone=&#8220;center&#8220; module_alignment_last_edited=&#8220;on|phone&#8220;][\/et_pb_image][\/et_pb_column][et_pb_column type=&#8220;1_5&#8243; _builder_version=&#8220;4.4.1&#8243;][et_pb_text content_tablet=&#8220;<\/p>\n<\/p>\n<p style=%22text-align: center;%22><a href=%22https:\/\/kaiserdom.de\/datenschutz%22><span style=%22color: #000000;%22>Datenschutz<\/span><\/a> <a href=%22https:\/\/kaiserdom.de\/impressum%22><span style=%22color: #000000;%22>Impressum<\/span><\/a> <a href=%22https:\/\/kaiserdom.de\/agb%22><span style=%22color: #000000;%22>AGB<\/span><\/a> <\/p>\n<p style=%22text-align: center;%22><a href=%22https:\/\/www.facebook.com\/profile.php?id=100087365753254%22 data-et-target-link=%22_blank%22 rel=%22noopener noreferrer%22><span style=%22color: #000000;%22>Facebook<\/span><\/a> <a href=%22https:\/\/www.instagram.com\/brauerei.kaiserdom\/%22 data-et-target-link=%22_blank%22 rel=%22noopener noreferrer%22><span style=%22color: #000000;%22>Instagram<\/span><\/a> <span style=%22color: #000000;%22> <\/span><span><span style=%22color: #000000;%22><a href=%22https:\/\/kaiserdom.de\/hinweisgebersystem%22 style=%22color: #000000;%22>Hinweisgebersystem<\/a>  <\/span> <\/span><\/p>\n<\/p>\n<p>&#8220; content_phone=&#8220;<\/p>\n<p style=%22text-align: center;%22><a href=%22https:\/\/kaiserdom.de\/datenschutz%22><span style=%22color: #000000;%22>Datenschutz<\/span><\/a> <a href=%22https:\/\/kaiserdom.de\/impressum%22><span style=%22color: #000000;%22>Impressum<\/span><\/a> <a href=%22https:\/\/kaiserdom.de\/agb%22><span style=%22color: #000000;%22>AGB<\/span><\/a><\/p>\n<p style=%22text-align: center;%22><a href=%22https:\/\/www.facebook.com\/profile.php?id=100087365753254%22 data-et-target-link=%22_blank%22 rel=%22noopener noreferrer%22><span style=%22color: #000000;%22>Facebook<\/span><\/a> <a href=%22https:\/\/www.instagram.com\/brauerei.kaiserdom\/%22 data-et-target-link=%22_blank%22 rel=%22noopener noreferrer%22><span style=%22color: #000000;%22>Instagram<\/span><\/a><\/p>\n<p style=%22text-align: center;%22><span style=%22color: #000000;%22><a href=%22https:\/\/kaiserdom.de\/hinweisgebersystem%22 style=%22color: #000000;%22>Hinweisgebersystem<\/a><\/span><\/p>\n<p>&#8220; content_last_edited=&#8220;on|tablet&#8220; _builder_version=&#8220;4.4.1&#8243; width_tablet=&#8220;100%&#8220; width_phone=&#8220;&#8220; width_last_edited=&#8220;on|tablet&#8220; max_width_tablet=&#8220;100%&#8220; max_width_phone=&#8220;&#8220; max_width_last_edited=&#8220;on|tablet&#8220; custom_margin=&#8220;22px|-83px||-92px|false|false&#8220; custom_margin_tablet=&#8220;|||0px|false|false&#8220; custom_margin_phone=&#8220;0px|||0px|false|false&#8220; custom_margin_last_edited=&#8220;on|phone&#8220; custom_padding=&#8220;|0px||118px||&#8220; custom_padding_tablet=&#8220;|0px||0px|false|false&#8220; custom_padding_phone=&#8220;|0px||0px|false|false&#8220; custom_padding_last_edited=&#8220;on|phone&#8220; link_option_url_new_window=&#8220;on&#8220; module_alignment_tablet=&#8220;center&#8220; module_alignment_phone=&#8220;&#8220; module_alignment_last_edited=&#8220;on|tablet&#8220;]<\/p>\n<p style=\"text-align: left;\"><a href=\"https:\/\/kaiserdom.de\/datenschutz\"><span style=\"color: #000000;\">Datenschutz<\/span><\/a>\u00a0 \u00a0 \u00a0 \u00a0\u00a0<a href=\"https:\/\/kaiserdom.de\/impressum\"><span style=\"color: #000000;\">Impressum<\/span><\/a>\u00a0 \u00a0 \u00a0 \u00a0\u00a0<a href=\"https:\/\/kaiserdom.de\/agb\"><span style=\"color: #000000;\">AGB<\/span><\/a>\u00a0 \u00a0 \u00a0 \u00a0<span style=\"color: #000000;\"><\/span><\/p>\n<p><a href=\"https:\/\/www.facebook.com\/profile.php?id=100087365753254\" target=\"_blank\" rel=\"noopener noreferrer\"><span style=\"color: #000000;\">Facebook<\/span><\/a>\u00a0 \u00a0 \u00a0 \u00a0 \u00a0 \u00a0 \u00a0<a href=\"https:\/\/www.instagram.com\/brauerei.kaiserdom\/\" target=\"_blank\" rel=\"noopener noreferrer\"><span style=\"color: #000000;\">Instagram<\/span><\/a>\u00a0 \u00a0 \u00a0 \u00a0\u00a0<span style=\"color: #000000;\">\u00a0<a href=\"https:\/\/kaiserdom.de\/hinweisgebersystem\" style=\"color: #000000;\">Hinweisgebersystem<\/a><\/span><\/p>\n<p>[\/et_pb_text][\/et_pb_column][et_pb_column type=&#8220;1_5&#8243; _builder_version=&#8220;4.4.1&#8243;][et_pb_code _builder_version=&#8220;4.4.1&#8243; width=&#8220;50%&#8220; module_alignment=&#8220;center&#8220; custom_margin=&#8220;|||13px||&#8220; custom_margin_tablet=&#8220;&#8220; custom_margin_phone=&#8220;|||135px|false|false&#8220; custom_margin_last_edited=&#8220;on|phone&#8220; custom_padding=&#8220;|||3px||&#8220; text_orientation_tablet=&#8220;&#8220; text_orientation_phone=&#8220;center&#8220; text_orientation_last_edited=&#8220;on|phone&#8220; module_alignment_tablet=&#8220;&#8220; module_alignment_phone=&#8220;center&#8220; module_alignment_last_edited=&#8220;on|phone&#8220; locked=&#8220;off&#8220;]<a href=\"https:\/\/siwecos.de\/scanned-by-siwecos?data-siwecos=kaiserdom.de\"><img src=\"https:\/\/siegel.siwecos.de\/kaiserdom.de\/d.m.y.svg\" width=\"150\" \/><\/a>[\/et_pb_code][\/et_pb_column][\/et_pb_row][\/et_pb_section]<\/p>\n","protected":false},"excerpt":{"rendered":"<p>[et_pb_section fb_built=&#8220;1&#8243; admin_label=&#8220;Services&#8220; _builder_version=&#8220;3.22&#8243; custom_margin=&#8220;||-57px|||&#8220;][et_pb_row _builder_version=&#8220;4.4.1&#8243; min_height=&#8220;12px&#8220; custom_padding=&#8220;5px||4px|||&#8220;][et_pb_column type=&#8220;4_4&#8243; _builder_version=&#8220;4.4.1&#8243;][et_pb_text _builder_version=&#8220;4.4.1&#8243; link_option_url=&#8220;https:\/\/kaiserdom.de\/karriere&#8220;] &lt; Karriere [\/et_pb_text][\/et_pb_column][\/et_pb_row][et_pb_row _builder_version=&#8220;4.4.1&#8243; custom_padding=&#8220;8px|||||&#8220;][et_pb_column type=&#8220;4_4&#8243; _builder_version=&#8220;4.4.1&#8243;][et_pb_image src=&#8220;https:\/\/kaiserdom.de\/wp-content\/uploads\/2024\/08\/Azubi-Team.jpg&#8220; _builder_version=&#8220;4.4.1&#8243; custom_margin=&#8220;-9px|||||&#8220;][\/et_pb_image][\/et_pb_column][\/et_pb_row][et_pb_row _builder_version=&#8220;4.4.1&#8243; custom_margin=&#8220;-8px|auto||auto||&#8220; custom_padding=&#8220;11px||5px|||&#8220;][et_pb_column type=&#8220;4_4&#8243; _builder_version=&#8220;4.4.1&#8243;][et_pb_text _builder_version=&#8220;4.4.1&#8243; custom_margin=&#8220;||10px|||&#8220;] Willkommen bei Kaiserdom Wir sind ein zuverl\u00e4ssiger Partner in der Region und beliefern auch exportstark internationale M\u00e4rkte auf der ganzen Welt. Unseren Mitarbeitern bietet sich ein [&hellip;]<\/p>\n","protected":false},"author":2,"featured_media":0,"parent":0,"menu_order":0,"comment_status":"closed","ping_status":"closed","template":"","meta":{"_et_pb_use_builder":"on","_et_pb_old_content":"","_et_gb_content_width":"","_lmt_disableupdate":"no","_lmt_disable":"","_monsterinsights_skip_tracking":false,"_monsterinsights_sitenote_active":false,"_monsterinsights_sitenote_note":"","_monsterinsights_sitenote_category":0},"aioseo_notices":[],"_links":{"self":[{"href":"https:\/\/kaiserdom.de\/en\/wp-json\/wp\/v2\/pages\/9964"}],"collection":[{"href":"https:\/\/kaiserdom.de\/en\/wp-json\/wp\/v2\/pages"}],"about":[{"href":"https:\/\/kaiserdom.de\/en\/wp-json\/wp\/v2\/types\/page"}],"author":[{"embeddable":true,"href":"https:\/\/kaiserdom.de\/en\/wp-json\/wp\/v2\/users\/2"}],"replies":[{"embeddable":true,"href":"https:\/\/kaiserdom.de\/en\/wp-json\/wp\/v2\/comments?post=9964"}],"version-history":[{"count":26,"href":"https:\/\/kaiserdom.de\/en\/wp-json\/wp\/v2\/pages\/9964\/revisions"}],"predecessor-version":[{"id":10363,"href":"https:\/\/kaiserdom.de\/en\/wp-json\/wp\/v2\/pages\/9964\/revisions\/10363"}],"wp:attachment":[{"href":"https:\/\/kaiserdom.de\/en\/wp-json\/wp\/v2\/media?parent=9964"}],"curies":[{"name":"wp","href":"https:\/\/api.w.org\/{rel}","templated":true}]}}