{"id":9676,"date":"2025-03-10T10:52:59","date_gmt":"2025-03-10T10:52:59","guid":{"rendered":"https:\/\/kaiserdom.de\/?page_id=9676"},"modified":"2025-03-10T10:53:32","modified_gmt":"2025-03-10T10:53:32","slug":"grilltour-2024","status":"publish","type":"page","link":"https:\/\/kaiserdom.de\/en\/grilltour-2024","title":{"rendered":"Grilltour 2024"},"content":{"rendered":"<p>[et_pb_section fb_built=&#8220;1&#8243; admin_label=&#8220;Services&#8220; _builder_version=&#8220;3.22&#8243; custom_margin=&#8220;||-57px|||&#8220;][et_pb_row _builder_version=&#8220;4.4.1&#8243; min_height=&#8220;12px&#8220; custom_padding=&#8220;5px||9px|||&#8220;][et_pb_column type=&#8220;4_4&#8243; _builder_version=&#8220;4.4.1&#8243;][et_pb_text _builder_version=&#8220;4.4.1&#8243; link_option_url=&#8220;https:\/\/kaiserdom.de\/aktuelles&#8220;]<\/p>\n<p><a href=\"https:\/\/kaiserdom.de\/aktuelles\"><span style=\"color: #008000;\"><\/span><span style=\"color: #162e72;\"><\/span><span style=\"color: #162e72;\"><strong>&lt; Aktuelles<\/strong><\/span><\/a><\/p>\n<p>[\/et_pb_text][\/et_pb_column][\/et_pb_row][\/et_pb_section][et_pb_section fb_built=&#8220;1&#8243; admin_label=&#8220;My Approach&#8220; _builder_version=&#8220;3.22&#8243; custom_padding=&#8220;5px|||||&#8220;][et_pb_row _builder_version=&#8220;4.4.1&#8243; custom_padding=&#8220;7px|||||&#8220;][et_pb_column type=&#8220;4_4&#8243; _builder_version=&#8220;4.4.1&#8243;][et_pb_image src=&#8220;https:\/\/kaiserdom.de\/wp-content\/uploads\/2024\/03\/MG_4769a.jpg&#8220; _builder_version=&#8220;4.4.1&#8243;][\/et_pb_image][et_pb_text _builder_version=&#8220;4.4.1&#8243; text_font=&#8220;||||||||&#8220; text_font_size=&#8220;16px&#8220; text_line_height=&#8220;1.9em&#8220; header_font=&#8220;||||||||&#8220; header_3_font=&#8220;Lato|700|||||||&#8220; header_3_font_size=&#8220;24px&#8220; header_3_line_height=&#8220;1.5em&#8220; header_4_font=&#8220;Lato|700|||||||&#8220; header_4_text_color=&#8220;#3550a0&#8243; header_4_font_size=&#8220;16px&#8220; header_4_line_height=&#8220;1.5em&#8220; width=&#8220;100%&#8220; max_width=&#8220;891px&#8220; custom_margin=&#8220;|13px|-1px|-1px||&#8220; custom_padding=&#8220;|12px||0px||&#8220; hover_enabled=&#8220;0&#8243; header_3_font_size_tablet=&#8220;&#8220; header_3_font_size_phone=&#8220;20px&#8220; header_3_font_size_last_edited=&#8220;on|phone&#8220;]<\/p>\n<h4>07.03.2024<\/h4>\n<h3>Kaiserdom Grill-Tour 2024<\/h3>\n<p>2022 sind wir mit unserem L\u00f6schzug das erste Mal auf Tour gewesen, um nach den Corona-Jahren <strong>Vereine zu unterst\u00fctzen und ihnen ein Grillfest zu spendieren. <\/strong>Jetzt\u00a0startet unsere Tour bereits ins dritte Jahr.<\/p>\n<p>Bei der Mega-Resonanz haben wir f\u00fcr euch aufgestockt! <strong>2024 gibt es erstmals 5 Etappen zu gewinnen<\/strong> &#8211; an jedem Freitagnachmittag im Mai! Gewinnt\u00a0exklusiv f\u00fcr eure(n) Verein oder Gemeinde unseren Kaiserdom L\u00f6schzug!<\/p>\n<p><strong>Das\u00a0Feuerwehrauto<\/strong> ist gut gef\u00fcllt <strong>mit ca. 400l Bier<\/strong> und allerlei alkoholfreien Getr\u00e4nken. <strong>Zus\u00e4tzlich versorgen wir euch mit leckeren Bratw\u00fcrsten.\u00a0<\/strong>Und damit noch nicht genug! Oben drauf\u00a0stellen wir euch auch noch Biertischgarnituren zur Verf\u00fcgung, ihr m\u00fcsst also lediglich f\u00fcr die Location und jede Menge gute Laune sorgen!<\/p>\n<p><strong>Mit der Feier m\u00f6chten wir mittelgro\u00dfe Vereine im Raum Bamberg<\/strong> (und etwas dar\u00fcber hinaus)<strong> ansprechen,<\/strong> welche die M\u00f6glichkeit haben,\u00a0<strong>ein Fest f\u00fcr 150-250 Leute auszurichten<\/strong>, um eine sch\u00f6ne gemeinsame Zeit miteinander zu verbringen. Ihr seid nicht so gro\u00df, aber in eurem Ort gibt es andere Vereine, mit denen ihr euch zusammenschlie\u00dfen wollt? Na klar, zusammen feiert sich\u00b4s eh sch\u00f6ner! Bei den bisherigen Tour-Etappen war es fast immer eine Gemeinschaftsfeier mehrerer Vereine \ud83d\ude42<\/p>\n<p>Wenn ihr bei unserer <strong>Kaiserdom Grill-Tour 2024<\/strong> mit dabei sein wollt, dann bewerbt euch am besten sofort\u00a0mit eurem Wunschtermin unter <span style=\"color: #00346f;\"><strong><a href=\"mailto:grillen@kaiserdom.de\" style=\"color: #00346f;\">grillen[at]kaiserdom.de<\/a><span style=\"color: #000000;\"><br \/> Nach Ostern wird gezogen! Teilnahmeschluss ist der 01.4.2024<\/span><\/strong><\/span><\/p>\n<p><strong>M\u00f6gliche Termine:<\/strong><br \/> Fr. 03.05.2024<br \/> Fr. 10.05.2024<br \/> Fr. 17.05.2024<br \/> Fr. 24.05.2024<br \/> Fr. 31.05.2024<\/p>\n<p>Der Rechtsweg ist ausgeschlossen.<\/p>\n<p>[\/et_pb_text][\/et_pb_column][\/et_pb_row][\/et_pb_section]<\/p>\n","protected":false},"excerpt":{"rendered":"<p>[et_pb_section fb_built=&#8220;1&#8243; admin_label=&#8220;Services&#8220; _builder_version=&#8220;3.22&#8243; custom_margin=&#8220;||-57px|||&#8220;][et_pb_row _builder_version=&#8220;4.4.1&#8243; min_height=&#8220;12px&#8220; custom_padding=&#8220;5px||9px|||&#8220;][et_pb_column type=&#8220;4_4&#8243; _builder_version=&#8220;4.4.1&#8243;][et_pb_text _builder_version=&#8220;4.4.1&#8243; link_option_url=&#8220;https:\/\/kaiserdom.de\/aktuelles&#8220;] &lt; Aktuelles [\/et_pb_text][\/et_pb_column][\/et_pb_row][\/et_pb_section][et_pb_section fb_built=&#8220;1&#8243; admin_label=&#8220;My Approach&#8220; _builder_version=&#8220;3.22&#8243; custom_padding=&#8220;5px|||||&#8220;][et_pb_row _builder_version=&#8220;4.4.1&#8243; custom_padding=&#8220;7px|||||&#8220;][et_pb_column type=&#8220;4_4&#8243; _builder_version=&#8220;4.4.1&#8243;][et_pb_image src=&#8220;https:\/\/kaiserdom.de\/wp-content\/uploads\/2024\/03\/MG_4769a.jpg&#8220; _builder_version=&#8220;4.4.1&#8243;][\/et_pb_image][et_pb_text _builder_version=&#8220;4.4.1&#8243; text_font=&#8220;||||||||&#8220; text_font_size=&#8220;16px&#8220; text_line_height=&#8220;1.9em&#8220; header_font=&#8220;||||||||&#8220; header_3_font=&#8220;Lato|700|||||||&#8220; header_3_font_size=&#8220;24px&#8220; header_3_line_height=&#8220;1.5em&#8220; header_4_font=&#8220;Lato|700|||||||&#8220; header_4_text_color=&#8220;#3550a0&#8243; header_4_font_size=&#8220;16px&#8220; header_4_line_height=&#8220;1.5em&#8220; width=&#8220;100%&#8220; max_width=&#8220;891px&#8220; custom_margin=&#8220;|13px|-1px|-1px||&#8220; custom_padding=&#8220;|12px||0px||&#8220; hover_enabled=&#8220;0&#8243; header_3_font_size_tablet=&#8220;&#8220; header_3_font_size_phone=&#8220;20px&#8220; header_3_font_size_last_edited=&#8220;on|phone&#8220;] 07.03.2024 Kaiserdom Grill-Tour 2024 2022 sind wir mit unserem [&hellip;]<\/p>\n","protected":false},"author":2,"featured_media":0,"parent":0,"menu_order":0,"comment_status":"closed","ping_status":"closed","template":"","meta":{"_et_pb_use_builder":"on","_et_pb_old_content":"","_et_gb_content_width":"","_lmt_disableupdate":"no","_lmt_disable":"","_monsterinsights_skip_tracking":false,"_monsterinsights_sitenote_active":false,"_monsterinsights_sitenote_note":"","_monsterinsights_sitenote_category":0},"aioseo_notices":[],"_links":{"self":[{"href":"https:\/\/kaiserdom.de\/en\/wp-json\/wp\/v2\/pages\/9676"}],"collection":[{"href":"https:\/\/kaiserdom.de\/en\/wp-json\/wp\/v2\/pages"}],"about":[{"href":"https:\/\/kaiserdom.de\/en\/wp-json\/wp\/v2\/types\/page"}],"author":[{"embeddable":true,"href":"https:\/\/kaiserdom.de\/en\/wp-json\/wp\/v2\/users\/2"}],"replies":[{"embeddable":true,"href":"https:\/\/kaiserdom.de\/en\/wp-json\/wp\/v2\/comments?post=9676"}],"version-history":[{"count":1,"href":"https:\/\/kaiserdom.de\/en\/wp-json\/wp\/v2\/pages\/9676\/revisions"}],"predecessor-version":[{"id":9677,"href":"https:\/\/kaiserdom.de\/en\/wp-json\/wp\/v2\/pages\/9676\/revisions\/9677"}],"wp:attachment":[{"href":"https:\/\/kaiserdom.de\/en\/wp-json\/wp\/v2\/media?parent=9676"}],"curies":[{"name":"wp","href":"https:\/\/api.w.org\/{rel}","templated":true}]}}