{"id":9013,"date":"2024-05-13T14:26:01","date_gmt":"2024-05-13T14:26:01","guid":{"rendered":"https:\/\/kaiserdom.de\/?page_id=9013"},"modified":"2024-05-14T06:48:10","modified_gmt":"2024-05-14T06:48:10","slug":"grill-tour-etappe-in-hallstadt","status":"publish","type":"page","link":"https:\/\/kaiserdom.de\/en\/grill-tour-etappe-in-hallstadt","title":{"rendered":"Grill-Tour Etappe in Hallstadt"},"content":{"rendered":"<p>[et_pb_section fb_built=&#8220;1&#8243; admin_label=&#8220;Services&#8220; _builder_version=&#8220;3.22&#8243; custom_margin=&#8220;||-57px|||&#8220;][et_pb_row _builder_version=&#8220;4.4.1&#8243; min_height=&#8220;12px&#8220; custom_padding=&#8220;5px||9px|||&#8220;][et_pb_column type=&#8220;4_4&#8243; _builder_version=&#8220;4.4.1&#8243;][et_pb_text _builder_version=&#8220;4.4.1&#8243; link_option_url=&#8220;https:\/\/kaiserdom.de\/aktuelles&#8220;]<\/p>\n<p><a href=\"https:\/\/kaiserdom.de\/aktuelles\"><span style=\"color: #008000;\"><\/span><span style=\"color: #162e72;\"><\/span><span style=\"color: #162e72;\"><strong>&lt; Aktuelles<\/strong><\/span><\/a><\/p>\n<p>[\/et_pb_text][\/et_pb_column][\/et_pb_row][\/et_pb_section][et_pb_section fb_built=&#8220;1&#8243; admin_label=&#8220;My Approach&#8220; _builder_version=&#8220;3.22&#8243; custom_padding=&#8220;5px|||||&#8220;][et_pb_row column_structure=&#8220;2_5,3_5&#8243; _builder_version=&#8220;4.4.1&#8243; custom_padding=&#8220;7px|||||&#8220;][et_pb_column type=&#8220;2_5&#8243; _builder_version=&#8220;4.4.1&#8243;][et_pb_image src=&#8220;https:\/\/kaiserdom.de\/wp-content\/uploads\/2024\/05\/IMG_7228.jpg&#8220; _builder_version=&#8220;4.4.1&#8243;][\/et_pb_image][\/et_pb_column][et_pb_column type=&#8220;3_5&#8243; _builder_version=&#8220;4.4.1&#8243;][et_pb_text _builder_version=&#8220;4.4.1&#8243; text_font=&#8220;||||||||&#8220; text_font_size=&#8220;16px&#8220; text_line_height=&#8220;1.9em&#8220; header_font=&#8220;||||||||&#8220; header_3_font=&#8220;Lato|700|||||||&#8220; header_3_font_size=&#8220;24px&#8220; header_3_line_height=&#8220;1.5em&#8220; header_4_font=&#8220;Lato|700|||||||&#8220; header_4_text_color=&#8220;#3550a0&#8243; header_4_font_size=&#8220;16px&#8220; header_4_line_height=&#8220;1.5em&#8220; width=&#8220;100%&#8220; max_width=&#8220;891px&#8220; custom_margin=&#8220;|1px|-1px|-1px||&#8220; custom_padding=&#8220;|12px||0px||&#8220; header_3_font_size_tablet=&#8220;&#8220; header_3_font_size_phone=&#8220;20px&#8220; header_3_font_size_last_edited=&#8220;on|phone&#8220;]<\/p>\n<h4>13.05.2024<\/h4>\n<h3>Kaiserdom Grill-Tour zu Gast in Hallstadt<\/h3>\n<p>Die zweite Station der Kaiserdom Grill-Tour f\u00fchrte uns direkt in den Nachbarort, genauer zum 1. Faschingsverein Hallstadt. <strong>Als Organisator vieler Ortsveranstaltungen sorgt der Verein f\u00fcr ein lebendiges Miteinander in Hallstadt,<\/strong> hat aber kein eigenes Vereinsgel\u00e4nde und so hat uns Vereinspr\u00e4sident Manuel Reitberger im Bauhof herzlich willkommen gehei\u00dfen und erst einmal angesto\u00dfen!<\/p>\n<p>[\/et_pb_text][\/et_pb_column][\/et_pb_row][et_pb_row _builder_version=&#8220;4.4.1&#8243;][et_pb_column type=&#8220;4_4&#8243; _builder_version=&#8220;4.4.1&#8243;][et_pb_image src=&#8220;https:\/\/kaiserdom.de\/wp-content\/uploads\/2024\/05\/IMG_7231_pano.jpg&#8220; _builder_version=&#8220;4.4.1&#8243;][\/et_pb_image][\/et_pb_column][\/et_pb_row][et_pb_row _builder_version=&#8220;4.4.1&#8243; custom_padding=&#8220;7px|||||&#8220;][et_pb_column type=&#8220;4_4&#8243; _builder_version=&#8220;4.4.1&#8243;][et_pb_text _builder_version=&#8220;4.4.1&#8243; text_font=&#8220;||||||||&#8220; text_font_size=&#8220;16px&#8220; text_line_height=&#8220;1.9em&#8220; header_font=&#8220;||||||||&#8220; header_3_font=&#8220;Lato|700|||||||&#8220; header_3_font_size=&#8220;24px&#8220; header_3_line_height=&#8220;1.5em&#8220; header_4_font=&#8220;Lato|700|||||||&#8220; header_4_text_color=&#8220;#3550a0&#8243; header_4_font_size=&#8220;16px&#8220; header_4_line_height=&#8220;1.5em&#8220; width=&#8220;100%&#8220; max_width=&#8220;891px&#8220; custom_margin=&#8220;|1px|-1px|-1px||&#8220; custom_padding=&#8220;|12px||0px||&#8220; hover_enabled=&#8220;0&#8243; header_3_font_size_tablet=&#8220;&#8220; header_3_font_size_phone=&#8220;20px&#8220; header_3_font_size_last_edited=&#8220;on|phone&#8220;]<\/p>\n<p>Nat\u00fcrlich war klar, dass wieder gemeinsam gefeiert wird und so waren auch <strong>Mitglieder von den befreundeten Vereinen\u00a0eingeladen<\/strong>, wie z.B. dem Soli Hallstadt mit Stammtisch-Mitgliedern, der FFW Hallstadt, der K\u00f6nigshof-Elf Hallstadt und selbstredend auch Mitarbeiter vom Bauhof.<br \/> Temperaturunterschied zur Auftakt-Etappe 10\u00b0C w\u00e4rmer, Stimmungsbarometer: nat\u00fcrlich genauso mega! <strong>Der 11 Jahre junge Verein ist Profi im Feiern von Festen!<br \/> <\/strong>Mit dem Duo &#8222;Uschi &amp; Nobi&#8220; war f\u00fcr die musikalische Unterhaltung an dem Nachmittag\/Abend bestens gesorgt, Tanzbegeisterte kamen gerade bei den 80er und 90er Hits voll auf ihre Kosten.<\/p>\n<p>[\/et_pb_text][\/et_pb_column][\/et_pb_row][et_pb_row column_structure=&#8220;1_2,1_2&#8243; _builder_version=&#8220;4.4.1&#8243;][et_pb_column type=&#8220;1_2&#8243; _builder_version=&#8220;4.4.1&#8243;][et_pb_image src=&#8220;https:\/\/kaiserdom.de\/wp-content\/uploads\/2024\/05\/IMG_7274.jpg&#8220; _builder_version=&#8220;4.4.1&#8243;][\/et_pb_image][\/et_pb_column][et_pb_column type=&#8220;1_2&#8243; _builder_version=&#8220;4.4.1&#8243;][et_pb_image src=&#8220;https:\/\/kaiserdom.de\/wp-content\/uploads\/2024\/05\/IMG_7293.jpg&#8220; _builder_version=&#8220;4.4.1&#8243;][\/et_pb_image][\/et_pb_column][\/et_pb_row][et_pb_row _builder_version=&#8220;4.4.1&#8243; custom_padding=&#8220;7px|||||&#8220;][et_pb_column type=&#8220;4_4&#8243; _builder_version=&#8220;4.4.1&#8243;][et_pb_text _builder_version=&#8220;4.4.1&#8243; text_font=&#8220;||||||||&#8220; text_font_size=&#8220;16px&#8220; text_line_height=&#8220;1.9em&#8220; header_font=&#8220;||||||||&#8220; header_3_font=&#8220;Lato|700|||||||&#8220; header_3_font_size=&#8220;24px&#8220; header_3_line_height=&#8220;1.5em&#8220; header_4_font=&#8220;Lato|700|||||||&#8220; header_4_text_color=&#8220;#3550a0&#8243; header_4_font_size=&#8220;16px&#8220; header_4_line_height=&#8220;1.5em&#8220; width=&#8220;100%&#8220; max_width=&#8220;891px&#8220; custom_margin=&#8220;|1px|-1px|-1px||&#8220; custom_padding=&#8220;|12px||0px||&#8220; header_3_font_size_tablet=&#8220;&#8220; header_3_font_size_phone=&#8220;20px&#8220; header_3_font_size_last_edited=&#8220;on|phone&#8220;]<\/p>\n<p>Wir wissen nicht genau, wann das Fest ausklang, aber vielen Dank f\u00fcr den kleinem Bildergru\u00df vom n\u00e4chsten Morgen. Denn beim gem\u00fctlichen Abbau ging es zumindest genau da weiter, wo es am Abend vorher aufgeh\u00f6rt hatte &#8211; mit viel Sonnenschein und <strong>leckerem Bier aus dem Kaiserdom-L\u00f6schzug!<\/strong><\/p>\n<p>[\/et_pb_text][\/et_pb_column][\/et_pb_row][et_pb_row column_structure=&#8220;1_2,1_2&#8243; _builder_version=&#8220;4.4.1&#8243;][et_pb_column type=&#8220;1_2&#8243; _builder_version=&#8220;4.4.1&#8243;][et_pb_image src=&#8220;https:\/\/kaiserdom.de\/wp-content\/uploads\/2024\/05\/IMG_181609a.jpg&#8220; _builder_version=&#8220;4.4.1&#8243;][\/et_pb_image][\/et_pb_column][et_pb_column type=&#8220;1_2&#8243; _builder_version=&#8220;4.4.1&#8243;][et_pb_image src=&#8220;https:\/\/kaiserdom.de\/wp-content\/uploads\/2024\/05\/Faschingsverein_Grilltour_2024_Samstag.jpg&#8220; _builder_version=&#8220;4.4.1&#8243;][\/et_pb_image][\/et_pb_column][\/et_pb_row][\/et_pb_section]<\/p>\n","protected":false},"excerpt":{"rendered":"<p>[et_pb_section fb_built=&#8220;1&#8243; admin_label=&#8220;Services&#8220; _builder_version=&#8220;3.22&#8243; custom_margin=&#8220;||-57px|||&#8220;][et_pb_row _builder_version=&#8220;4.4.1&#8243; min_height=&#8220;12px&#8220; custom_padding=&#8220;5px||9px|||&#8220;][et_pb_column type=&#8220;4_4&#8243; _builder_version=&#8220;4.4.1&#8243;][et_pb_text _builder_version=&#8220;4.4.1&#8243; link_option_url=&#8220;https:\/\/kaiserdom.de\/aktuelles&#8220;] &lt; Aktuelles [\/et_pb_text][\/et_pb_column][\/et_pb_row][\/et_pb_section][et_pb_section fb_built=&#8220;1&#8243; admin_label=&#8220;My Approach&#8220; _builder_version=&#8220;3.22&#8243; custom_padding=&#8220;5px|||||&#8220;][et_pb_row column_structure=&#8220;2_5,3_5&#8243; _builder_version=&#8220;4.4.1&#8243; custom_padding=&#8220;7px|||||&#8220;][et_pb_column type=&#8220;2_5&#8243; _builder_version=&#8220;4.4.1&#8243;][et_pb_image src=&#8220;https:\/\/kaiserdom.de\/wp-content\/uploads\/2024\/05\/IMG_7228.jpg&#8220; _builder_version=&#8220;4.4.1&#8243;][\/et_pb_image][\/et_pb_column][et_pb_column type=&#8220;3_5&#8243; _builder_version=&#8220;4.4.1&#8243;][et_pb_text _builder_version=&#8220;4.4.1&#8243; text_font=&#8220;||||||||&#8220; text_font_size=&#8220;16px&#8220; text_line_height=&#8220;1.9em&#8220; header_font=&#8220;||||||||&#8220; header_3_font=&#8220;Lato|700|||||||&#8220; header_3_font_size=&#8220;24px&#8220; header_3_line_height=&#8220;1.5em&#8220; header_4_font=&#8220;Lato|700|||||||&#8220; header_4_text_color=&#8220;#3550a0&#8243; header_4_font_size=&#8220;16px&#8220; header_4_line_height=&#8220;1.5em&#8220; width=&#8220;100%&#8220; max_width=&#8220;891px&#8220; custom_margin=&#8220;|1px|-1px|-1px||&#8220; custom_padding=&#8220;|12px||0px||&#8220; header_3_font_size_tablet=&#8220;&#8220; header_3_font_size_phone=&#8220;20px&#8220; header_3_font_size_last_edited=&#8220;on|phone&#8220;] 13.05.2024 Kaiserdom Grill-Tour zu Gast in Hallstadt [&hellip;]<\/p>\n","protected":false},"author":2,"featured_media":0,"parent":0,"menu_order":0,"comment_status":"closed","ping_status":"closed","template":"","meta":{"_et_pb_use_builder":"on","_et_pb_old_content":"","_et_gb_content_width":"","_lmt_disableupdate":"no","_lmt_disable":"","_monsterinsights_skip_tracking":false,"_monsterinsights_sitenote_active":false,"_monsterinsights_sitenote_note":"","_monsterinsights_sitenote_category":0},"aioseo_notices":[],"_links":{"self":[{"href":"https:\/\/kaiserdom.de\/en\/wp-json\/wp\/v2\/pages\/9013"}],"collection":[{"href":"https:\/\/kaiserdom.de\/en\/wp-json\/wp\/v2\/pages"}],"about":[{"href":"https:\/\/kaiserdom.de\/en\/wp-json\/wp\/v2\/types\/page"}],"author":[{"embeddable":true,"href":"https:\/\/kaiserdom.de\/en\/wp-json\/wp\/v2\/users\/2"}],"replies":[{"embeddable":true,"href":"https:\/\/kaiserdom.de\/en\/wp-json\/wp\/v2\/comments?post=9013"}],"version-history":[{"count":8,"href":"https:\/\/kaiserdom.de\/en\/wp-json\/wp\/v2\/pages\/9013\/revisions"}],"predecessor-version":[{"id":9035,"href":"https:\/\/kaiserdom.de\/en\/wp-json\/wp\/v2\/pages\/9013\/revisions\/9035"}],"wp:attachment":[{"href":"https:\/\/kaiserdom.de\/en\/wp-json\/wp\/v2\/media?parent=9013"}],"curies":[{"name":"wp","href":"https:\/\/api.w.org\/{rel}","templated":true}]}}