{"id":8893,"date":"2024-03-07T09:33:52","date_gmt":"2024-03-07T09:33:52","guid":{"rendered":"https:\/\/kaiserdom.de\/?page_id=8893"},"modified":"2024-03-07T09:36:08","modified_gmt":"2024-03-07T09:36:08","slug":"grilltour-2023","status":"publish","type":"page","link":"https:\/\/kaiserdom.de\/en\/grilltour-2023","title":{"rendered":"Grilltour 2023"},"content":{"rendered":"<p>[et_pb_section fb_built=&#8220;1&#8243; admin_label=&#8220;Services&#8220; _builder_version=&#8220;3.22&#8243; custom_margin=&#8220;||-57px|||&#8220;][et_pb_row _builder_version=&#8220;4.4.1&#8243; min_height=&#8220;12px&#8220; custom_padding=&#8220;5px||9px|||&#8220;][et_pb_column type=&#8220;4_4&#8243; _builder_version=&#8220;4.4.1&#8243;][et_pb_text _builder_version=&#8220;4.4.1&#8243; link_option_url=&#8220;https:\/\/kaiserdom.de\/aktuelles&#8220;]<\/p>\n<p><a href=\"https:\/\/kaiserdom.de\/aktuelles\"><span style=\"color: #008000;\"><\/span><span style=\"color: #162e72;\"><\/span><span style=\"color: #162e72;\"><strong>&lt; Aktuelles<\/strong><\/span><\/a><\/p>\n<p>[\/et_pb_text][\/et_pb_column][\/et_pb_row][\/et_pb_section][et_pb_section fb_built=&#8220;1&#8243; admin_label=&#8220;My Approach&#8220; _builder_version=&#8220;3.22&#8243; custom_padding=&#8220;5px|||||&#8220;][et_pb_row _builder_version=&#8220;4.4.1&#8243; custom_padding=&#8220;7px|||||&#8220;][et_pb_column type=&#8220;4_4&#8243; _builder_version=&#8220;4.4.1&#8243;][et_pb_image src=&#8220;https:\/\/kaiserdom.de\/wp-content\/uploads\/2022\/05\/IMG_2095_900px.jpg&#8220; _builder_version=&#8220;4.4.1&#8243;][\/et_pb_image][et_pb_text _builder_version=&#8220;4.4.1&#8243; text_font=&#8220;||||||||&#8220; text_font_size=&#8220;16px&#8220; text_line_height=&#8220;1.9em&#8220; header_font=&#8220;||||||||&#8220; header_3_font=&#8220;Lato|700|||||||&#8220; header_3_font_size=&#8220;24px&#8220; header_3_line_height=&#8220;1.5em&#8220; header_4_font=&#8220;Lato|700|||||||&#8220; header_4_text_color=&#8220;#3550a0&#8243; header_4_font_size=&#8220;16px&#8220; header_4_line_height=&#8220;1.5em&#8220; width=&#8220;100%&#8220; max_width=&#8220;891px&#8220; custom_margin=&#8220;|13px|-1px|-1px||&#8220; custom_padding=&#8220;|12px||0px||&#8220; header_3_font_size_tablet=&#8220;&#8220; header_3_font_size_phone=&#8220;20px&#8220; header_3_font_size_last_edited=&#8220;on|phone&#8220;]<\/p>\n<h4>17.04.2023<\/h4>\n<h3>Kaiserdom Grill-Tour 2023<\/h3>\n<p>die Tage werden wieder l\u00e4nger, die ersten Sonnenstrahlen k\u00fcssen die Haut und die Luft duftet nach Bratw\u00fcrsten, Steaks und Co. Und was darf auf keiner Grillparty fehlen?! <strong>Richtig, ein frisch gezapftes, k\u00fchles Helles<\/strong><strong>!<\/strong><\/p>\n<p><strong>Wir haben unsere Grill-Tour im letzten Jahr erstmal ins Leben gerufen.<\/strong> Nach der langen Corona-Pause wollten wir die Vereine unterst\u00fctzen, um endlich wieder feiern zu k\u00f6nnen. Wir haben mit unserer Idee voll ins Schwarze getroffen, <strong>die Resonanz war ph\u00e4nomenal!<\/strong><\/p>\n<p><strong><\/strong><\/p>\n<p><strong>Ihr habt ab sofort die Chance<\/strong>, exklusiv f\u00fcr eure(n) Verein oder Gemeinde unseren <strong>Kaiserdom L\u00f6schzug<\/strong> f\u00fcr einen Freitagnachmittag im Juni<strong> zu gewinnen.<\/strong><\/p>\n<p>Bef\u00fcllt ist unser <strong>Feuerwehrauto mit ca. 400 l Bier<\/strong> und allerlei alkoholfreien Getr\u00e4nken. <strong>Zus\u00e4tzlich versorgen wir euch mit leckeren Bratw\u00fcrsten.\u00a0<\/strong>Und damit noch nicht genug! Oben drauf\u00a0stellen wir euch auch noch Biertischgarnituren zur Verf\u00fcgung, ihr m\u00fcsst also lediglich f\u00fcr die Location und jede Menge gute Laune sorgen!<\/p>\n<p>Mit der Feier m\u00f6chten wir mittelgro\u00dfe Vereine ansprechen, welche die M\u00f6glichkeit haben <strong>ein Fest f\u00fcr 150-250 Leute auszurichten<\/strong>, um eine sch\u00f6ne gemeinsame Zeit miteinander zu verbringen. Ihr seid nicht so gro\u00df, aber in eurem Ort gibt es andere Vereine, mit denen ihr euch zusammenschlie\u00dfen wollt? Na klar, zusammen feiert sich\u00b4s eh sch\u00f6ner! 2022 waren die Tour-Etappen fast immer eine Gemeinschaftsfeier mehrerer Vereine \ud83d\ude42<\/p>\n<p>Wenn ihr bei unserer <strong>Kaiserdom Grill-Tour 2023<\/strong> mit dabei sein wollt, dann <strong>bewerbt euch<\/strong> am besten sofort\u00a0mit eurem Wunschtermin unter <span style=\"color: #00346f;\"><strong><a href=\"mailto:grillen@kaiserdom.de\" style=\"color: #00346f;\">grillen[at]kaiserdom.de<\/a>\u00a0\u00a0<span style=\"color: #000000;\">&#8211;\u00a0 Teilnahmeschluss ist der 30.4.2023<\/span><\/strong><\/span><\/p>\n<p><strong>M\u00f6gliche Termine:<\/strong><br \/> 02.06.2023<br \/> 09.06.2023<br \/> 16.06.2023<br \/> 30.06.2023<\/p>\n<p>Der Rechtsweg ist ausgeschlossen.<\/p>\n<p>[\/et_pb_text][\/et_pb_column][\/et_pb_row][\/et_pb_section]<\/p>\n","protected":false},"excerpt":{"rendered":"<p>[et_pb_section fb_built=&#8220;1&#8243; admin_label=&#8220;Services&#8220; _builder_version=&#8220;3.22&#8243; custom_margin=&#8220;||-57px|||&#8220;][et_pb_row _builder_version=&#8220;4.4.1&#8243; min_height=&#8220;12px&#8220; custom_padding=&#8220;5px||9px|||&#8220;][et_pb_column type=&#8220;4_4&#8243; _builder_version=&#8220;4.4.1&#8243;][et_pb_text _builder_version=&#8220;4.4.1&#8243; link_option_url=&#8220;https:\/\/kaiserdom.de\/aktuelles&#8220;] &lt; Aktuelles [\/et_pb_text][\/et_pb_column][\/et_pb_row][\/et_pb_section][et_pb_section fb_built=&#8220;1&#8243; admin_label=&#8220;My Approach&#8220; _builder_version=&#8220;3.22&#8243; custom_padding=&#8220;5px|||||&#8220;][et_pb_row _builder_version=&#8220;4.4.1&#8243; custom_padding=&#8220;7px|||||&#8220;][et_pb_column type=&#8220;4_4&#8243; _builder_version=&#8220;4.4.1&#8243;][et_pb_image src=&#8220;https:\/\/kaiserdom.de\/wp-content\/uploads\/2022\/05\/IMG_2095_900px.jpg&#8220; _builder_version=&#8220;4.4.1&#8243;][\/et_pb_image][et_pb_text _builder_version=&#8220;4.4.1&#8243; text_font=&#8220;||||||||&#8220; text_font_size=&#8220;16px&#8220; text_line_height=&#8220;1.9em&#8220; header_font=&#8220;||||||||&#8220; header_3_font=&#8220;Lato|700|||||||&#8220; header_3_font_size=&#8220;24px&#8220; header_3_line_height=&#8220;1.5em&#8220; header_4_font=&#8220;Lato|700|||||||&#8220; header_4_text_color=&#8220;#3550a0&#8243; header_4_font_size=&#8220;16px&#8220; header_4_line_height=&#8220;1.5em&#8220; width=&#8220;100%&#8220; max_width=&#8220;891px&#8220; custom_margin=&#8220;|13px|-1px|-1px||&#8220; custom_padding=&#8220;|12px||0px||&#8220; header_3_font_size_tablet=&#8220;&#8220; header_3_font_size_phone=&#8220;20px&#8220; header_3_font_size_last_edited=&#8220;on|phone&#8220;] 17.04.2023 Kaiserdom Grill-Tour 2023 die Tage werden wieder l\u00e4nger, die [&hellip;]<\/p>\n","protected":false},"author":2,"featured_media":0,"parent":0,"menu_order":0,"comment_status":"closed","ping_status":"closed","template":"","meta":{"_et_pb_use_builder":"on","_et_pb_old_content":"","_et_gb_content_width":"","_lmt_disableupdate":"no","_lmt_disable":"","_monsterinsights_skip_tracking":false,"_monsterinsights_sitenote_active":false,"_monsterinsights_sitenote_note":"","_monsterinsights_sitenote_category":0},"aioseo_notices":[],"_links":{"self":[{"href":"https:\/\/kaiserdom.de\/en\/wp-json\/wp\/v2\/pages\/8893"}],"collection":[{"href":"https:\/\/kaiserdom.de\/en\/wp-json\/wp\/v2\/pages"}],"about":[{"href":"https:\/\/kaiserdom.de\/en\/wp-json\/wp\/v2\/types\/page"}],"author":[{"embeddable":true,"href":"https:\/\/kaiserdom.de\/en\/wp-json\/wp\/v2\/users\/2"}],"replies":[{"embeddable":true,"href":"https:\/\/kaiserdom.de\/en\/wp-json\/wp\/v2\/comments?post=8893"}],"version-history":[{"count":1,"href":"https:\/\/kaiserdom.de\/en\/wp-json\/wp\/v2\/pages\/8893\/revisions"}],"predecessor-version":[{"id":8894,"href":"https:\/\/kaiserdom.de\/en\/wp-json\/wp\/v2\/pages\/8893\/revisions\/8894"}],"wp:attachment":[{"href":"https:\/\/kaiserdom.de\/en\/wp-json\/wp\/v2\/media?parent=8893"}],"curies":[{"name":"wp","href":"https:\/\/api.w.org\/{rel}","templated":true}]}}