{"id":8646,"date":"2023-11-14T15:17:17","date_gmt":"2023-11-14T15:17:17","guid":{"rendered":"https:\/\/kaiserdom.de\/?page_id=8646"},"modified":"2024-01-04T12:15:01","modified_gmt":"2024-01-04T12:15:01","slug":"hinweisgebersystem","status":"publish","type":"page","link":"https:\/\/kaiserdom.de\/en\/hinweisgebersystem","title":{"rendered":"Hinweisgebersystem"},"content":{"rendered":"<p>[et_pb_section fb_built=&#8220;1&#8243; _builder_version=&#8220;4.4.1&#8243; background_color=&#8220;rgba(0,0,0,0)&#8220; background_enable_image=&#8220;off&#8220; custom_margin=&#8220;||-163px|||&#8220; custom_padding=&#8220;0px||42px|||&#8220;][et_pb_row _builder_version=&#8220;4.4.1&#8243; custom_padding=&#8220;49px|||||&#8220;][et_pb_column type=&#8220;4_4&#8243; _builder_version=&#8220;4.4.1&#8243;][et_pb_text _builder_version=&#8220;4.4.1&#8243; text_font=&#8220;Casad||||||||&#8220; text_font_size=&#8220;30px&#8220;]<\/p>\n<p style=\"text-align: center;\"><span style=\"color: #ffffff;\">Hinweisgebersystem<\/span><\/p>\n<p>[\/et_pb_text][\/et_pb_column][\/et_pb_row][et_pb_row _builder_version=&#8220;4.4.1&#8243; width_tablet=&#8220;90%&#8220; width_phone=&#8220;&#8220; width_last_edited=&#8220;on|tablet&#8220; max_width=&#8220;1404px&#8220; max_width_tablet=&#8220;100%&#8220; max_width_phone=&#8220;&#8220; max_width_last_edited=&#8220;on|tablet&#8220; custom_margin=&#8220;|auto|10px|auto||&#8220;][et_pb_column type=&#8220;4_4&#8243; _builder_version=&#8220;4.4.1&#8243;][et_pb_text _builder_version=&#8220;4.4.1&#8243; text_font=&#8220;Casad||||||||&#8220; background_color=&#8220;#ffffff&#8220; min_height=&#8220;883px&#8220; custom_margin=&#8220;-10px|||||&#8220; custom_padding=&#8220;85px|84px|86px|92px||&#8220; link_option_url_new_window=&#8220;on&#8220; hover_enabled=&#8220;0&#8243;]<\/p>\n<h3 style=\"text-align: center;\"><strong><span style=\"color: #000000;\">Kaiserdom Specialit\u00e4ten Brauerei GmbH Bamberg<br \/>\n<\/span><\/strong><strong><span>(Kaiserdom)<\/span><\/strong><\/h3>\n<h3><\/h3>\n<p>Nachhaltiges Wirtschaften begr\u00fcndet die Zukunftsperspektive f\u00fcr Umwelt, Gesellschaft und Wirtschaft und auch f\u00fcr jeden einzelnen Mitarbeiter oder Gesch\u00e4ftspartner von Kaiserdom.<\/p>\n<p>Grundpfeiler der Kaiserdom-Kultur ist ein gemeinsames Verst\u00e4ndnis f\u00fcr Werte und Risikominimierung f\u00fcr eine nachhaltige Unternehmensentwicklung.<\/p>\n<p>Das Hinweisgebersystem mit anwaltlicher Expertise der <a href=\"http:\/\/www.ratisbona-compliance.de\/\" target=\"_blank\" rel=\"noopener noreferrer\" style=\"color: #000000;\"><span style=\"color: #00346f; text-decoration: underline;\">Ratisbona Compliance GmbH<\/span><\/a> (\u201eRC-Whistle\u201c) schafft durch eine f\u00fcr jeden zug\u00e4ngliche, klar definierte Struktur und eine juristisch fundierte Erstbewertung zus\u00e4tzliches Vertrauen und Sicherheit, um auf Missst\u00e4nde hinzuweisen und damit den nachhaltigen Erfolg von Kaiserdom zu sichern und Schaden abzuwenden.<\/p>\n<p><a href=\"https:\/\/ratisbona-compliance.de\/start\/\" target=\"_blank\" rel=\"noopener noreferrer\" style=\"color: =&quot;&quot;;\"><span style=\"color: #00346f; text-decoration: underline;\">Jetzt einen Hinweis geben<\/span><\/a><\/p>\n<p><span style=\"color: #00346f; text-decoration: underline;\"><\/span><\/p>\n<p>Hier finden Sie unsere <a href=\"https:\/\/kaiserdom.de\/wp-content\/uploads\/2023\/11\/20231012_Whistleblowing-Richtlinie.pdf\" target=\"_blank\" rel=\"noopener noreferrer\" style=\"color: =&quot;&quot;;\"><span style=\"color: #00346f; text-decoration: underline;\">Whistleblower-Richtlinie<\/span><span style=\"color: #00346f;\"> <\/span><\/a> und unsere <a href=\"https:\/\/kaiserdom.de\/wp-content\/uploads\/2024\/01\/Informationspflichten.pdf\" target=\"_blank\" rel=\"noopener noreferrer\" style=\"color: #00346f; text-decoration: underline;\">Informationspflichten<\/a>[\/et_pb_text][\/et_pb_column][\/et_pb_row][\/et_pb_section][et_pb_section fb_built=&#8220;1&#8243; _builder_version=&#8220;4.4.1&#8243; background_color=&#8220;#d6d6d6&#8243; min_height=&#8220;0px&#8220; custom_margin=&#8220;210px||||false|false&#8220; custom_padding=&#8220;5px||0px|||&#8220; global_module=&#8220;7115&#8243; saved_tabs=&#8220;all&#8220;][et_pb_row column_structure=&#8220;1_5,1_5,1_5,1_5,1_5&#8243; use_custom_gutter=&#8220;on&#8220; gutter_width=&#8220;2&#8243; _builder_version=&#8220;4.4.1&#8243; width=&#8220;100%&#8220; width_tablet=&#8220;100%&#8220; width_phone=&#8220;100%&#8220; width_last_edited=&#8220;on|phone&#8220; max_width=&#8220;100%&#8220; min_height=&#8220;67px&#8220; custom_margin=&#8220;||||false|false&#8220; custom_padding=&#8220;13px|0px|15px|||&#8220; module_alignment_tablet=&#8220;center&#8220; module_alignment_phone=&#8220;center&#8220; module_alignment_last_edited=&#8220;on|phone&#8220;][et_pb_column type=&#8220;1_5&#8243; _builder_version=&#8220;4.4.1&#8243;][\/et_pb_column][et_pb_column type=&#8220;1_5&#8243; _builder_version=&#8220;4.4.1&#8243;][et_pb_text content_tablet=&#8220;<\/p>\n<p style=%22text-align: center;%22><a href=%22https:\/\/kaiserdom.de\/kontakt%22><span style=%22color: #000000;%22>Kontakt<\/span><\/a><span style=%22color: #000000;%22> <\/span><\/p>\n<p style=%22text-align: center;%22><a href=%22https:\/\/kaiserdom.de\/karriere-3%22><span style=%22color: #000000;%22>Karriere<\/span><\/a><span style=%22color: #000000;%22> <\/span><\/p>\n<p style=%22text-align: center;%22><span style=%22color: #000000;%22><a href=%22https:\/\/kaiserdom.de\/kundenbereich%22 style=%22color: #000000;%22>Downloads<\/a><\/span><\/p>\n<p>&#8220; content_phone=&#8220;<\/p>\n<p style=%22text-align: center;%22><a href=%22https:\/\/kaiserdom.de\/kontakt%22><span style=%22color: #000000;%22>Kontakt<\/span><\/a><\/p>\n<p style=%22text-align: center;%22><span style=%22color: #000000;%22> <\/span><a href=%22https:\/\/kaiserdom.de\/karriere-3%22><span style=%22color: #000000;%22>Karriere<\/span><\/a><span style=%22color: #000000;%22> <\/span><\/p>\n<p style=%22text-align: center;%22><span style=%22color: #000000;%22><a href=%22https:\/\/kaiserdom.de\/kundenbereich%22 style=%22color: #000000;%22>Downloads<\/a><\/span><\/p>\n<p>&#8220; content_last_edited=&#8220;on|phone&#8220; _builder_version=&#8220;4.4.1&#8243; width_tablet=&#8220;100%&#8220; width_phone=&#8220;100%&#8220; width_last_edited=&#8220;on|phone&#8220; max_width_tablet=&#8220;100%&#8220; max_width_phone=&#8220;100%&#8220; max_width_last_edited=&#8220;on|phone&#8220; custom_margin=&#8220;22px|||65px||&#8220; custom_margin_tablet=&#8220;|||0px|false|false&#8220; custom_margin_phone=&#8220;22px|||0px|false|false&#8220; custom_margin_last_edited=&#8220;on|phone&#8220; module_alignment_tablet=&#8220;center&#8220; module_alignment_phone=&#8220;center&#8220; module_alignment_last_edited=&#8220;on|phone&#8220;]<\/p>\n<p style=\"text-align: left;\"><a href=\"https:\/\/kaiserdom.de\/kontakt\"><span style=\"color: #000000;\">Kontakt<\/span><\/a><span style=\"color: #000000;\">\u00a0 \u00a0 \u00a0 \u00a0<\/span><a href=\"https:\/\/kaiserdom.de\/karriere\"><span style=\"color: #000000;\">Karriere<\/span><\/a><span style=\"color: #000000;\">\u00a0 \u00a0 \u00a0<a href=\"https:\/\/kaiserdom.de\/kundenbereich\" style=\"color: #000000;\">Downloads<\/a><\/span><\/p>\n<p>[\/et_pb_text][\/et_pb_column][et_pb_column type=&#8220;1_5&#8243; _builder_version=&#8220;4.4.1&#8243;][et_pb_image src=&#8220;https:\/\/kaiserdom.de\/wp-content\/uploads\/2020\/03\/KDLogo_Goldimitation-e1533220731251.png&#8220; align=&#8220;center&#8220; _builder_version=&#8220;4.4.1&#8243; width=&#8220;27%&#8220; width_tablet=&#8220;100%&#8220; width_phone=&#8220;40%&#8220; width_last_edited=&#8220;on|phone&#8220; max_width_tablet=&#8220;100%&#8220; max_width_phone=&#8220;40%&#8220; max_width_last_edited=&#8220;on|phone&#8220; custom_margin=&#8220;|130px||||&#8220; custom_margin_tablet=&#8220;|0px|||false|false&#8220; custom_margin_phone=&#8220;|0px|||false|false&#8220; custom_margin_last_edited=&#8220;on|phone&#8220; custom_padding_tablet=&#8220;&#8220; custom_padding_phone=&#8220;0px|0px|0px|0px|false|false&#8220; custom_padding_last_edited=&#8220;on|phone&#8220; module_alignment_tablet=&#8220;center&#8220; module_alignment_phone=&#8220;center&#8220; module_alignment_last_edited=&#8220;on|phone&#8220;][\/et_pb_image][\/et_pb_column][et_pb_column type=&#8220;1_5&#8243; _builder_version=&#8220;4.4.1&#8243;][et_pb_text content_tablet=&#8220;<\/p>\n<\/p>\n<p style=%22text-align: center;%22><a href=%22https:\/\/kaiserdom.de\/datenschutz%22><span style=%22color: #000000;%22>Datenschutz<\/span><\/a> <a href=%22https:\/\/kaiserdom.de\/impressum%22><span style=%22color: #000000;%22>Impressum<\/span><\/a> <a href=%22https:\/\/kaiserdom.de\/agb%22><span style=%22color: #000000;%22>AGB<\/span><\/a> <\/p>\n<p style=%22text-align: center;%22><a href=%22https:\/\/www.facebook.com\/profile.php?id=100087365753254%22 data-et-target-link=%22_blank%22 rel=%22noopener noreferrer%22><span style=%22color: #000000;%22>Facebook<\/span><\/a> <a href=%22https:\/\/www.instagram.com\/brauerei.kaiserdom\/%22 data-et-target-link=%22_blank%22 rel=%22noopener noreferrer%22><span style=%22color: #000000;%22>Instagram<\/span><\/a> <span style=%22color: #000000;%22> <\/span><span><span style=%22color: #000000;%22><a href=%22https:\/\/kaiserdom.de\/hinweisgebersystem%22 style=%22color: #000000;%22>Hinweisgebersystem<\/a>  <\/span> <\/span><\/p>\n<\/p>\n<p>&#8220; content_phone=&#8220;<\/p>\n<p style=%22text-align: center;%22><a href=%22https:\/\/kaiserdom.de\/datenschutz%22><span style=%22color: #000000;%22>Datenschutz<\/span><\/a> <a href=%22https:\/\/kaiserdom.de\/impressum%22><span style=%22color: #000000;%22>Impressum<\/span><\/a> <a href=%22https:\/\/kaiserdom.de\/agb%22><span style=%22color: #000000;%22>AGB<\/span><\/a><\/p>\n<p style=%22text-align: center;%22><a href=%22https:\/\/www.facebook.com\/profile.php?id=100087365753254%22 data-et-target-link=%22_blank%22 rel=%22noopener noreferrer%22><span style=%22color: #000000;%22>Facebook<\/span><\/a> <a href=%22https:\/\/www.instagram.com\/brauerei.kaiserdom\/%22 data-et-target-link=%22_blank%22 rel=%22noopener noreferrer%22><span style=%22color: #000000;%22>Instagram<\/span><\/a><\/p>\n<p style=%22text-align: center;%22><span style=%22color: #000000;%22><a href=%22https:\/\/kaiserdom.de\/hinweisgebersystem%22 style=%22color: #000000;%22>Hinweisgebersystem<\/a><\/span><\/p>\n<p>&#8220; content_last_edited=&#8220;on|tablet&#8220; _builder_version=&#8220;4.4.1&#8243; width_tablet=&#8220;100%&#8220; width_phone=&#8220;&#8220; width_last_edited=&#8220;on|tablet&#8220; max_width_tablet=&#8220;100%&#8220; max_width_phone=&#8220;&#8220; max_width_last_edited=&#8220;on|tablet&#8220; custom_margin=&#8220;22px|-83px||-92px|false|false&#8220; custom_margin_tablet=&#8220;|||0px|false|false&#8220; custom_margin_phone=&#8220;0px|||0px|false|false&#8220; custom_margin_last_edited=&#8220;on|phone&#8220; custom_padding=&#8220;|0px||118px||&#8220; custom_padding_tablet=&#8220;|0px||0px|false|false&#8220; custom_padding_phone=&#8220;|0px||0px|false|false&#8220; custom_padding_last_edited=&#8220;on|phone&#8220; link_option_url_new_window=&#8220;on&#8220; module_alignment_tablet=&#8220;center&#8220; module_alignment_phone=&#8220;&#8220; module_alignment_last_edited=&#8220;on|tablet&#8220;]<\/p>\n<p style=\"text-align: left;\"><a href=\"https:\/\/kaiserdom.de\/datenschutz\"><span style=\"color: #000000;\">Datenschutz<\/span><\/a>\u00a0 \u00a0 \u00a0 \u00a0\u00a0<a href=\"https:\/\/kaiserdom.de\/impressum\"><span style=\"color: #000000;\">Impressum<\/span><\/a>\u00a0 \u00a0 \u00a0 \u00a0\u00a0<a href=\"https:\/\/kaiserdom.de\/agb\"><span style=\"color: #000000;\">AGB<\/span><\/a>\u00a0 \u00a0 \u00a0 \u00a0<span style=\"color: #000000;\"><\/span><\/p>\n<p><a href=\"https:\/\/www.facebook.com\/profile.php?id=100087365753254\" target=\"_blank\" rel=\"noopener noreferrer\"><span style=\"color: #000000;\">Facebook<\/span><\/a>\u00a0 \u00a0 \u00a0 \u00a0 \u00a0 \u00a0 \u00a0<a href=\"https:\/\/www.instagram.com\/brauerei.kaiserdom\/\" target=\"_blank\" rel=\"noopener noreferrer\"><span style=\"color: #000000;\">Instagram<\/span><\/a>\u00a0 \u00a0 \u00a0 \u00a0\u00a0<span style=\"color: #000000;\">\u00a0<a href=\"https:\/\/kaiserdom.de\/hinweisgebersystem\" style=\"color: #000000;\">Hinweisgebersystem<\/a><\/span><\/p>\n<p>[\/et_pb_text][\/et_pb_column][et_pb_column type=&#8220;1_5&#8243; _builder_version=&#8220;4.4.1&#8243;][et_pb_code _builder_version=&#8220;4.4.1&#8243; width=&#8220;50%&#8220; module_alignment=&#8220;center&#8220; custom_margin=&#8220;|||13px||&#8220; custom_margin_tablet=&#8220;&#8220; custom_margin_phone=&#8220;|||135px|false|false&#8220; custom_margin_last_edited=&#8220;on|phone&#8220; custom_padding=&#8220;|||3px||&#8220; text_orientation_tablet=&#8220;&#8220; text_orientation_phone=&#8220;center&#8220; text_orientation_last_edited=&#8220;on|phone&#8220; module_alignment_tablet=&#8220;&#8220; module_alignment_phone=&#8220;center&#8220; module_alignment_last_edited=&#8220;on|phone&#8220; locked=&#8220;off&#8220;]<a href=\"https:\/\/siwecos.de\/scanned-by-siwecos?data-siwecos=kaiserdom.de\"><img src=\"https:\/\/siegel.siwecos.de\/kaiserdom.de\/d.m.y.svg\" width=\"150\" \/><\/a>[\/et_pb_code][\/et_pb_column][\/et_pb_row][\/et_pb_section]<\/p>\n","protected":false},"excerpt":{"rendered":"<p>[et_pb_section fb_built=&#8220;1&#8243; _builder_version=&#8220;4.4.1&#8243; background_color=&#8220;rgba(0,0,0,0)&#8220; background_enable_image=&#8220;off&#8220; custom_margin=&#8220;||-163px|||&#8220; custom_padding=&#8220;0px||42px|||&#8220;][et_pb_row _builder_version=&#8220;4.4.1&#8243; custom_padding=&#8220;49px|||||&#8220;][et_pb_column type=&#8220;4_4&#8243; _builder_version=&#8220;4.4.1&#8243;][et_pb_text _builder_version=&#8220;4.4.1&#8243; text_font=&#8220;Casad||||||||&#8220; text_font_size=&#8220;30px&#8220;] Hinweisgebersystem [\/et_pb_text][\/et_pb_column][\/et_pb_row][et_pb_row _builder_version=&#8220;4.4.1&#8243; width_tablet=&#8220;90%&#8220; width_phone=&#8220;&#8220; width_last_edited=&#8220;on|tablet&#8220; max_width=&#8220;1404px&#8220; max_width_tablet=&#8220;100%&#8220; max_width_phone=&#8220;&#8220; max_width_last_edited=&#8220;on|tablet&#8220; custom_margin=&#8220;|auto|10px|auto||&#8220;][et_pb_column type=&#8220;4_4&#8243; _builder_version=&#8220;4.4.1&#8243;][et_pb_text _builder_version=&#8220;4.4.1&#8243; text_font=&#8220;Casad||||||||&#8220; background_color=&#8220;#ffffff&#8220; min_height=&#8220;883px&#8220; custom_margin=&#8220;-10px|||||&#8220; custom_padding=&#8220;85px|84px|86px|92px||&#8220; link_option_url_new_window=&#8220;on&#8220; hover_enabled=&#8220;0&#8243;] Kaiserdom Specialit\u00e4ten Brauerei GmbH Bamberg (Kaiserdom) Nachhaltiges Wirtschaften begr\u00fcndet die Zukunftsperspektive f\u00fcr Umwelt, Gesellschaft und Wirtschaft und auch f\u00fcr jeden [&hellip;]<\/p>\n","protected":false},"author":2,"featured_media":0,"parent":0,"menu_order":0,"comment_status":"closed","ping_status":"closed","template":"","meta":{"_et_pb_use_builder":"on","_et_pb_old_content":"","_et_gb_content_width":"","_lmt_disableupdate":"no","_lmt_disable":"","_monsterinsights_skip_tracking":false,"_monsterinsights_sitenote_active":false,"_monsterinsights_sitenote_note":"","_monsterinsights_sitenote_category":0},"aioseo_notices":[],"_links":{"self":[{"href":"https:\/\/kaiserdom.de\/en\/wp-json\/wp\/v2\/pages\/8646"}],"collection":[{"href":"https:\/\/kaiserdom.de\/en\/wp-json\/wp\/v2\/pages"}],"about":[{"href":"https:\/\/kaiserdom.de\/en\/wp-json\/wp\/v2\/types\/page"}],"author":[{"embeddable":true,"href":"https:\/\/kaiserdom.de\/en\/wp-json\/wp\/v2\/users\/2"}],"replies":[{"embeddable":true,"href":"https:\/\/kaiserdom.de\/en\/wp-json\/wp\/v2\/comments?post=8646"}],"version-history":[{"count":10,"href":"https:\/\/kaiserdom.de\/en\/wp-json\/wp\/v2\/pages\/8646\/revisions"}],"predecessor-version":[{"id":8796,"href":"https:\/\/kaiserdom.de\/en\/wp-json\/wp\/v2\/pages\/8646\/revisions\/8796"}],"wp:attachment":[{"href":"https:\/\/kaiserdom.de\/en\/wp-json\/wp\/v2\/media?parent=8646"}],"curies":[{"name":"wp","href":"https:\/\/api.w.org\/{rel}","templated":true}]}}