{"id":8208,"date":"2023-03-08T16:40:51","date_gmt":"2023-03-08T16:40:51","guid":{"rendered":"https:\/\/kaiserdom.de\/?page_id=8208"},"modified":"2023-03-09T15:07:07","modified_gmt":"2023-03-09T15:07:07","slug":"teilnahmebedingungen","status":"publish","type":"page","link":"https:\/\/kaiserdom.de\/en\/teilnahmebedingungen","title":{"rendered":"Teilnahmebedingungen"},"content":{"rendered":"<p>[et_pb_section fb_built=&#8220;1&#8243; admin_label=&#8220;My Approach&#8220; _builder_version=&#8220;3.22&#8243; custom_padding=&#8220;5px|||||&#8220;][et_pb_row _builder_version=&#8220;4.4.1&#8243; custom_padding=&#8220;7px||5px|||&#8220;][et_pb_column type=&#8220;4_4&#8243; _builder_version=&#8220;4.4.1&#8243;][et_pb_image src=&#8220;https:\/\/kaiserdom.de\/wp-content\/uploads\/2023\/03\/Party-Set_Verlosung.jpg&#8220; _builder_version=&#8220;4.4.1&#8243;][\/et_pb_image][et_pb_text _builder_version=&#8220;4.4.1&#8243; text_font=&#8220;||||||||&#8220; text_font_size=&#8220;16px&#8220; text_line_height=&#8220;1.9em&#8220; header_font=&#8220;||||||||&#8220; header_3_font=&#8220;Lato|700|||||||&#8220; header_3_font_size=&#8220;24px&#8220; header_3_line_height=&#8220;1.5em&#8220; header_4_font=&#8220;Lato|700|||||||&#8220; header_4_text_color=&#8220;#3550a0&#8243; header_4_font_size=&#8220;16px&#8220; header_4_line_height=&#8220;1.5em&#8220; width=&#8220;100%&#8220; custom_margin=&#8220;|13px|-1px|-1px||&#8220; custom_padding=&#8220;|12px||0px||&#8220; hover_enabled=&#8220;0&#8243; header_3_font_size_tablet=&#8220;&#8220; header_3_font_size_phone=&#8220;20px&#8220; header_3_font_size_last_edited=&#8220;on|phone&#8220;]<\/p>\n<h2 style=\"text-align: center;\"><strong>Teilnahmebedingungen<\/strong><\/h2>\n<p>&nbsp;<\/p>\n<p><strong><\/strong><\/p>\n<ol>\n<li><span style=\"text-decoration: underline;\">Sonderregelung f\u00fcr Party-Set Verlosung<\/span> (10.3.2023 bis 12.3.2023):\n<ul>\n<li>Nur Selbstabholung bzw. R\u00fcckgabe\u00a0 in der Brauerei Kaiserdom m\u00f6glich<\/li>\n<\/ul>\n<\/li>\n<li><u>Verantwortlichkeit:<\/u>\n<ul>\n<li>Die Verlosung steht in keiner Verbindung zu Facebook und wird in keiner Weise von Facebook gesponsert, unterst\u00fctzt oder organisiert. Der Empf\u00e4nger der vom Teilnehmer bereitgestellten Informationen ist nicht Facebook, sondern die Kaiserdom Specialit\u00e4ten Brauerei als Betreiber der Facebook-Seite.<\/li>\n<li>Verantwortlich ist die Kaiserdom Specialit\u00e4ten Brauerei:\u00a0<span style=\"color: #000000;\"><a href=\"https:\/\/kaiserdom.de\/impressum\" style=\"color: #000000;\"><strong>Impressum<\/strong><\/a><\/span><\/li>\n<\/ul>\n<\/li>\n<li><u>Teilnahmeregeln:<\/u>\n<ul>\n<li>Teilnahmeberechtigt sind vollj\u00e4hrige (18 Jahre) gesch\u00e4ftsf\u00e4hige Facebook-Benutzer.<\/li>\n<li>Die Teilnahmebedingung sowie der Gewinn ergeben sich aus dem jeweiligen Gewinnspielpost.<\/li>\n<li>Der Zeitraum ergibt sich aus dem Post. Falls kein Zeitraum genannt sein sollte ist Start des Gewinnspiels der Post und Ende exakt eine Woche nach dem Post.<\/li>\n<li>Die Gewinnermittlung erfolgt innerhalb 5 Tagen nach Gewinnspielende durch einen Zufallsgenerator. F\u00fcr die Auslosung zeichnet sich Kaiserdom verantwortlich. Anschlie\u00dfend wird der Gewinner mittels Facebook kontaktiert, womit er sich bei Teilnahme einverstanden erkl\u00e4rt.<\/li>\n<li>Der Missbrauch, z.B. durch Mehrfachanmeldungen, f\u00fchrt zum Ausschluss vom Gewinnspiel.<\/li>\n<\/ul>\n<\/li>\n<li><u>Haftungsausschluss:<\/u>\n<ul>\n<li>Kaiserdom haftet nicht f\u00fcr mittelbare oder unmittelbare Sch\u00e4den, welche sich aus der Teilnahme an dem Gewinnspiel oder der Nichterreichbarkeit des Internet-Servers ergeben, au\u00dfer diese sind auf grob fahrl\u00e4ssiges oder vors\u00e4tzliches Handeln zur\u00fcckzuf\u00fchren, welches von Kaiserdom zu vertreten ist.<\/li>\n<li>Eigenst\u00e4ndige Beitr\u00e4ge der Gewinnspielteilnehmer d\u00fcrfen nicht rechtswidrig sein, d.h. insbesondere keine Beleidigungen oder falsche Tatsachenbehauptungen enthalten oder gegen Schutzrechte des geistigen Eigentums versto\u00dfen. Kaiserdom distanziert sich von Posts dieser Art und versucht im Rahmen des m\u00f6glichen und zumutbaren diese Posts zu entfernen. Teilnehmer stellen Kaiserdom f\u00fcr eigene Kommentare von einer Haftung f\u00fcr Rechtsverst\u00f6\u00dfe frei.<\/li>\n<\/ul>\n<\/li>\n<li><u>Datenschutz, Auskunfts-, \u00c4nderungs- und L\u00f6schungsrecht:<\/u>\n<ul>\n<li>Insoweit im Rahmen des Gewinnspiels personenbezogene Daten von Teilnehmern erfasst werden, werden diese von Kaiserdom ausschlie\u00dflich zum Zwecke der Durchf\u00fchrung des Gewinnspiels erhoben, verarbeitet und genutzt. Der Teilnehmer kann innerhalb des Gewinnspiel-Posts oder in einem Folgepost mit seinem bei Teilnahme am Gewinnspiel verwendeten Facebook-Namen als Gewinner bekannt gegeben werden. Anschlie\u00dfend wird \u00fcber Facebook mit dem Gewinner Kontakt aufgenommen. Die Daten, die bei der Selbstabholung notwendig angegeben werden m\u00fcssen, werden nach R\u00fcckgabe des Leihequipments\u00a0auf Wunsch umgehend gel\u00f6scht.<\/li>\n<li>Auf Anfrage informieren wir Sie gerne kostenlos dar\u00fcber, welche personenbezogenen Daten wir von Ihnen verwenden. Ihr Recht auf kostenlose Auskunft, Sperrung, Berichtigung und auch L\u00f6schung Ihrer Daten k\u00f6nnen Sie per Mail, Post und Fax geltend machen.<br \/>\nSo k\u00f6nnen Sie uns erreichen:<br \/>\nMail:<span style=\"color: #000000;\">\u00a0<a href=\"mailto:datenschutz@kaiserdom.de\" style=\"color: #000000;\">datenschutz@kaiserdom.de<\/a><\/span><br \/>\nAdresse: Kaiserdom Specialit\u00e4ten Brauerei Bamberg GmbH, Breit\u00e4ckerstr. 9, 96049 Bamberg<br \/>\nFax: +49 <span>951 604560<\/span><\/li>\n<\/ul>\n<\/li>\n<li><u>\u00c4nderungsvorbehalt:<\/u><br \/>\nKaiserdom beh\u00e4lt sich vor, das Gewinnspiel nachtr\u00e4glich anders zu gestalten, zu \u00e4ndern oder abzubrechen, falls die Notwendigkeit besteht.<\/li>\n<\/ul>\n<\/li>\n<li><u>Recht an Bildern und Fotos<\/u><br \/>\nSollten Teilnehmer f\u00fcr ein Gewinnspiel Fotos oder Bilder posten, so gestatten sie Kaiserdom die Verwendung auf Facebook\/Instagram und au\u00dferhalb.<\/li>\n<\/ul>\n<\/li>\n<li><u>Rechtsweg:<\/u><br \/>\nDer Rechtsweg ist ausgeschlossen.<\/li>\n<\/ul>\n<\/li>\n<li><u>Salvatorische Klausel<\/u>:<br \/>\nSollten einzelne Bestimmungen dieser Teilnahmebedingungen unwirksam sein oder werden, so wird dadurch die Rechtswirksamkeit der \u00fcbrigen Teilnahmebedingungen nicht ber\u00fchrt. An ihre Stelle tritt eine angemessene Regelung, die dem Zweck der unwirksamen Bestimmungen am ehesten entspricht.<\/li>\n<\/ol>\n<p><span style=\"color: #00346f;\"><strong><\/strong><\/span>[\/et_pb_text][\/et_pb_column][\/et_pb_row][\/et_pb_section]<\/p>\n","protected":false},"excerpt":{"rendered":"<p>[et_pb_section fb_built=&#8220;1&#8243; admin_label=&#8220;My Approach&#8220; _builder_version=&#8220;3.22&#8243; custom_padding=&#8220;5px|||||&#8220;][et_pb_row _builder_version=&#8220;4.4.1&#8243; custom_padding=&#8220;7px||5px|||&#8220;][et_pb_column type=&#8220;4_4&#8243; _builder_version=&#8220;4.4.1&#8243;][et_pb_image src=&#8220;https:\/\/kaiserdom.de\/wp-content\/uploads\/2023\/03\/Party-Set_Verlosung.jpg&#8220; _builder_version=&#8220;4.4.1&#8243;][\/et_pb_image][et_pb_text _builder_version=&#8220;4.4.1&#8243; text_font=&#8220;||||||||&#8220; text_font_size=&#8220;16px&#8220; text_line_height=&#8220;1.9em&#8220; header_font=&#8220;||||||||&#8220; header_3_font=&#8220;Lato|700|||||||&#8220; header_3_font_size=&#8220;24px&#8220; header_3_line_height=&#8220;1.5em&#8220; header_4_font=&#8220;Lato|700|||||||&#8220; header_4_text_color=&#8220;#3550a0&#8243; header_4_font_size=&#8220;16px&#8220; header_4_line_height=&#8220;1.5em&#8220; width=&#8220;100%&#8220; custom_margin=&#8220;|13px|-1px|-1px||&#8220; custom_padding=&#8220;|12px||0px||&#8220; hover_enabled=&#8220;0&#8243; header_3_font_size_tablet=&#8220;&#8220; header_3_font_size_phone=&#8220;20px&#8220; header_3_font_size_last_edited=&#8220;on|phone&#8220;] Teilnahmebedingungen &nbsp; Sonderregelung f\u00fcr Party-Set Verlosung (10.3.2023 bis 12.3.2023): Nur Selbstabholung bzw. R\u00fcckgabe\u00a0 in der Brauerei Kaiserdom m\u00f6glich Verantwortlichkeit: Die Verlosung steht in keiner [&hellip;]<\/p>\n","protected":false},"author":2,"featured_media":0,"parent":0,"menu_order":0,"comment_status":"closed","ping_status":"closed","template":"","meta":{"_et_pb_use_builder":"on","_et_pb_old_content":"","_et_gb_content_width":"","_lmt_disableupdate":"no","_lmt_disable":"","_monsterinsights_skip_tracking":false,"_monsterinsights_sitenote_active":false,"_monsterinsights_sitenote_note":"","_monsterinsights_sitenote_category":0},"aioseo_notices":[],"_links":{"self":[{"href":"https:\/\/kaiserdom.de\/en\/wp-json\/wp\/v2\/pages\/8208"}],"collection":[{"href":"https:\/\/kaiserdom.de\/en\/wp-json\/wp\/v2\/pages"}],"about":[{"href":"https:\/\/kaiserdom.de\/en\/wp-json\/wp\/v2\/types\/page"}],"author":[{"embeddable":true,"href":"https:\/\/kaiserdom.de\/en\/wp-json\/wp\/v2\/users\/2"}],"replies":[{"embeddable":true,"href":"https:\/\/kaiserdom.de\/en\/wp-json\/wp\/v2\/comments?post=8208"}],"version-history":[{"count":8,"href":"https:\/\/kaiserdom.de\/en\/wp-json\/wp\/v2\/pages\/8208\/revisions"}],"predecessor-version":[{"id":8238,"href":"https:\/\/kaiserdom.de\/en\/wp-json\/wp\/v2\/pages\/8208\/revisions\/8238"}],"wp:attachment":[{"href":"https:\/\/kaiserdom.de\/en\/wp-json\/wp\/v2\/media?parent=8208"}],"curies":[{"name":"wp","href":"https:\/\/api.w.org\/{rel}","templated":true}]}}