{"id":8197,"date":"2023-03-08T12:04:17","date_gmt":"2023-03-08T12:04:17","guid":{"rendered":"https:\/\/kaiserdom.de\/?page_id=8197"},"modified":"2023-03-09T10:37:50","modified_gmt":"2023-03-09T10:37:50","slug":"gewinnen","status":"publish","type":"page","link":"https:\/\/kaiserdom.de\/en\/gewinnen","title":{"rendered":"Party-Set Verlosung"},"content":{"rendered":"<p>[et_pb_section fb_built=&#8220;1&#8243; admin_label=&#8220;Services&#8220; _builder_version=&#8220;3.22&#8243; custom_margin=&#8220;||-57px|||&#8220;][et_pb_row _builder_version=&#8220;4.4.1&#8243; min_height=&#8220;12px&#8220; custom_padding=&#8220;5px||9px|||&#8220;][et_pb_column type=&#8220;4_4&#8243; _builder_version=&#8220;4.4.1&#8243;][et_pb_text _builder_version=&#8220;4.4.1&#8243; link_option_url=&#8220;https:\/\/kaiserdom.de\/aktuelles&#8220;]<\/p>\n<p><a href=\"https:\/\/kaiserdom.de\/aktuelles\"><span style=\"color: #008000;\"><\/span><span style=\"color: #162e72;\"><\/span><span style=\"color: #162e72;\"><strong>&lt; Aktuelles<\/strong><\/span><\/a><\/p>\n<p>[\/et_pb_text][\/et_pb_column][\/et_pb_row][\/et_pb_section][et_pb_section fb_built=&#8220;1&#8243; admin_label=&#8220;My Approach&#8220; _builder_version=&#8220;3.22&#8243; custom_padding=&#8220;5px|||||&#8220;][et_pb_row _builder_version=&#8220;4.4.1&#8243; custom_padding=&#8220;7px||5px|||&#8220;][et_pb_column type=&#8220;4_4&#8243; _builder_version=&#8220;4.4.1&#8243;][et_pb_image src=&#8220;https:\/\/kaiserdom.de\/wp-content\/uploads\/2023\/03\/Party-Set_Verlosung.jpg&#8220; _builder_version=&#8220;4.4.1&#8243;][\/et_pb_image][et_pb_text _builder_version=&#8220;4.4.1&#8243; text_font=&#8220;||||||||&#8220; text_font_size=&#8220;16px&#8220; text_line_height=&#8220;1.9em&#8220; header_font=&#8220;||||||||&#8220; header_3_font=&#8220;Lato|700|||||||&#8220; header_3_font_size=&#8220;24px&#8220; header_3_line_height=&#8220;1.5em&#8220; header_4_font=&#8220;Lato|700|||||||&#8220; header_4_text_color=&#8220;#3550a0&#8243; header_4_font_size=&#8220;16px&#8220; header_4_line_height=&#8220;1.5em&#8220; width=&#8220;100%&#8220; custom_margin=&#8220;|13px|-1px|-1px||&#8220; custom_padding=&#8220;|12px||0px||&#8220; header_3_font_size_tablet=&#8220;&#8220; header_3_font_size_phone=&#8220;20px&#8220; header_3_font_size_last_edited=&#8220;on|phone&#8220;]<\/p>\n<h2 style=\"text-align: center;\"><strong>Verlosung<\/strong><\/h2>\n<h2 style=\"text-align: center;\"><strong>Kaiserdom Party-Set<\/strong><\/h2>\n<p>&nbsp;<\/p>\n<p><strong><\/strong><\/p>\n<p>Plant ihr auch schon eure n\u00e4chste Feier? Dann macht mit bei unserer Facebook-Verlosung und mit ein wenig Gl\u00fcck gewinnt ihr unser neues Kaiserdom Party-Set\u00a0mit <strong>60l Bier<\/strong>, ausreichend <strong>Gl\u00e4ser<\/strong> und <strong>Biertischgarnituren.<\/strong> Au\u00dferdem beinhaltet das Set einen kompakten Durchlaufk\u00fchler f\u00fcr ein perfektes Zapfergebnis.<\/p>\n<p><span style=\"color: #00346f;\"><strong><\/strong><\/span><\/p>\n<p>[\/et_pb_text][\/et_pb_column][\/et_pb_row][et_pb_row column_structure=&#8220;3_5,2_5&#8243; _builder_version=&#8220;4.4.1&#8243; custom_padding=&#8220;7px|||||&#8220;][et_pb_column type=&#8220;3_5&#8243; _builder_version=&#8220;4.4.1&#8243;][et_pb_text _builder_version=&#8220;4.4.1&#8243; text_font=&#8220;||||||||&#8220; text_font_size=&#8220;16px&#8220; text_line_height=&#8220;1.9em&#8220; header_font=&#8220;||||||||&#8220; header_3_font=&#8220;Lato|700|||||||&#8220; header_3_font_size=&#8220;24px&#8220; header_3_line_height=&#8220;1.5em&#8220; header_4_font=&#8220;Lato|700|||||||&#8220; header_4_text_color=&#8220;#3550a0&#8243; header_4_font_size=&#8220;16px&#8220; header_4_line_height=&#8220;1.5em&#8220; width=&#8220;100%&#8220; custom_margin=&#8220;|13px|-1px|-1px||&#8220; custom_padding=&#8220;|12px||0px||&#8220; hover_enabled=&#8220;0&#8243; header_3_font_size_tablet=&#8220;&#8220; header_3_font_size_phone=&#8220;20px&#8220; header_3_font_size_last_edited=&#8220;on|phone&#8220;]<\/p>\n<p><strong><span style=\"color: #162e7b;\"><br \/> <strong>Was gibt es zu gewinnen?<\/strong><\/span><\/strong><\/p>\n<p><strong>\u00a0<\/strong>Das Set beinhaltet:<br \/> &#8211; <strong>2x 30l F\u00e4sser<\/strong>\u00a0mit Bier euer Wahl<br \/> &#8211; <strong>2x Gl\u00e4serboxen<\/strong> (48 Gl\u00e4ser)<br \/> &#8211; <strong>5x Biertischgarnituren<\/strong><br \/> &#8211; <strong>1x Durchlaufk\u00fchler<\/strong> (kompakt &amp; einfaches Handling, da ohne CO2)<\/p>\n<p>Zur Auswahl stehen\u00a0<strong>Helles, Pilsener<\/strong> oder eine\u00a0<strong>Wei\u00dfbier-Edition<\/strong>\u00a0inkl. Wei\u00dfbiergl\u00e4ser (z.B. f\u00fcr ein z\u00fcnftiges Wei\u00dfwurstfr\u00fchst\u00fcck)<\/p>\n<p>Und nur, um es klar zu stellen, <strong>bis auf den Inhalt der F\u00e4sser handelt es sich um Leihware!<\/strong> Das Set hat einen Gesamtwert von 159,- Euro.<\/p>\n<p>[\/et_pb_text][\/et_pb_column][et_pb_column type=&#8220;2_5&#8243; _builder_version=&#8220;4.4.1&#8243;][et_pb_image src=&#8220;https:\/\/kaiserdom.de\/wp-content\/uploads\/2023\/03\/Party-Set_1000px.jpg&#8220; _builder_version=&#8220;4.4.1&#8243;][\/et_pb_image][\/et_pb_column][\/et_pb_row][et_pb_row _builder_version=&#8220;4.4.1&#8243; custom_padding=&#8220;7px|||||&#8220;][et_pb_column type=&#8220;4_4&#8243; _builder_version=&#8220;4.4.1&#8243;][et_pb_text _builder_version=&#8220;4.4.1&#8243; text_font=&#8220;||||||||&#8220; text_font_size=&#8220;16px&#8220; text_line_height=&#8220;1.9em&#8220; header_font=&#8220;||||||||&#8220; header_3_font=&#8220;Lato|700|||||||&#8220; header_3_font_size=&#8220;24px&#8220; header_3_line_height=&#8220;1.5em&#8220; header_4_font=&#8220;Lato|700|||||||&#8220; header_4_text_color=&#8220;#3550a0&#8243; header_4_font_size=&#8220;16px&#8220; header_4_line_height=&#8220;1.5em&#8220; width=&#8220;100%&#8220; custom_margin=&#8220;|13px|-1px|-1px||&#8220; custom_padding=&#8220;|12px||0px||&#8220; hover_enabled=&#8220;0&#8243; header_3_font_size_tablet=&#8220;&#8220; header_3_font_size_phone=&#8220;20px&#8220; header_3_font_size_last_edited=&#8220;on|phone&#8220;]<\/p>\n<p><span style=\"color: #162e7b;\"><strong>Wann kann ich teilnehmen?<\/strong><\/span><\/p>\n<p>Der Aktionszeitraum <strong>startet am 10.03.2023<\/strong> ab 7 Uhr und\u00a0<strong>endet am 12.03.2023<\/strong> um 24 Uhr.<\/p>\n<p><strong><span style=\"color: #162e7b;\"><br \/> Wie und wo kann ich teilnehmen?<\/span><\/strong><br \/> Auf unserer Facebook-Seite: <span style=\"text-decoration: underline;\"><span style=\"color: #000000;\"><a href=\"https:\/\/www.facebook.com\/brauereikaiserdom\" target=\"_blank\" rel=\"noopener noreferrer\" style=\"color: #000000; text-decoration: underline;\">facebook.com\/brauereikaiserdom<\/a><\/span><\/span><strong><br \/> <\/strong>&#8211; <strong>Kommentiert<\/strong> unseren Gewinnspiel-Post, warum ihr das Party-Set gewinnen m\u00f6chtet<br \/> &#8211; <strong>Folgt uns<\/strong> auf Facebook<\/p>\n<p><strong><span style=\"color: #162e7b;\"><br \/> Wie erfahre ich, ob ich gewonnen habe?<\/span><\/strong><br \/> Ausgelost wird\u00a0<strong>innerhalb von 5 Tagen<\/strong> nach Gewinnspielende durch einen Zufallsgenerator.<br \/> <span>Anschlie\u00dfend wird der <strong>Gewinner mittels Facebook kontaktiert<\/strong>, womit er sich bei Teilnahme einverstanden erkl\u00e4rt.<\/span><strong><\/strong><\/p>\n<p>&nbsp;<\/p>\n<p><span style=\"color: #000000;\"><a href=\"https:\/\/kaiserdom.de\/teilnahmebedingungen\" target=\"_blank\" rel=\"noopener noreferrer\" style=\"color: #000000;\"><strong><span style=\"text-decoration: underline;\">Teilnahmebedingungen<\/span><\/strong><\/a><\/span><\/p>\n<p>[\/et_pb_text][\/et_pb_column][\/et_pb_row][\/et_pb_section]<\/p>\n","protected":false},"excerpt":{"rendered":"<p>[et_pb_section fb_built=&#8220;1&#8243; admin_label=&#8220;Services&#8220; _builder_version=&#8220;3.22&#8243; custom_margin=&#8220;||-57px|||&#8220;][et_pb_row _builder_version=&#8220;4.4.1&#8243; min_height=&#8220;12px&#8220; custom_padding=&#8220;5px||9px|||&#8220;][et_pb_column type=&#8220;4_4&#8243; _builder_version=&#8220;4.4.1&#8243;][et_pb_text _builder_version=&#8220;4.4.1&#8243; link_option_url=&#8220;https:\/\/kaiserdom.de\/aktuelles&#8220;] &lt; Aktuelles [\/et_pb_text][\/et_pb_column][\/et_pb_row][\/et_pb_section][et_pb_section fb_built=&#8220;1&#8243; admin_label=&#8220;My Approach&#8220; _builder_version=&#8220;3.22&#8243; custom_padding=&#8220;5px|||||&#8220;][et_pb_row _builder_version=&#8220;4.4.1&#8243; custom_padding=&#8220;7px||5px|||&#8220;][et_pb_column type=&#8220;4_4&#8243; _builder_version=&#8220;4.4.1&#8243;][et_pb_image src=&#8220;https:\/\/kaiserdom.de\/wp-content\/uploads\/2023\/03\/Party-Set_Verlosung.jpg&#8220; _builder_version=&#8220;4.4.1&#8243;][\/et_pb_image][et_pb_text _builder_version=&#8220;4.4.1&#8243; text_font=&#8220;||||||||&#8220; text_font_size=&#8220;16px&#8220; text_line_height=&#8220;1.9em&#8220; header_font=&#8220;||||||||&#8220; header_3_font=&#8220;Lato|700|||||||&#8220; header_3_font_size=&#8220;24px&#8220; header_3_line_height=&#8220;1.5em&#8220; header_4_font=&#8220;Lato|700|||||||&#8220; header_4_text_color=&#8220;#3550a0&#8243; header_4_font_size=&#8220;16px&#8220; header_4_line_height=&#8220;1.5em&#8220; width=&#8220;100%&#8220; custom_margin=&#8220;|13px|-1px|-1px||&#8220; custom_padding=&#8220;|12px||0px||&#8220; header_3_font_size_tablet=&#8220;&#8220; header_3_font_size_phone=&#8220;20px&#8220; header_3_font_size_last_edited=&#8220;on|phone&#8220;] Verlosung Kaiserdom Party-Set &nbsp; Plant ihr auch schon eure n\u00e4chste Feier? [&hellip;]<\/p>\n","protected":false},"author":2,"featured_media":0,"parent":0,"menu_order":0,"comment_status":"closed","ping_status":"closed","template":"","meta":{"_et_pb_use_builder":"on","_et_pb_old_content":"","_et_gb_content_width":"","_lmt_disableupdate":"no","_lmt_disable":"","_monsterinsights_skip_tracking":false,"_monsterinsights_sitenote_active":false,"_monsterinsights_sitenote_note":"","_monsterinsights_sitenote_category":0},"aioseo_notices":[],"_links":{"self":[{"href":"https:\/\/kaiserdom.de\/en\/wp-json\/wp\/v2\/pages\/8197"}],"collection":[{"href":"https:\/\/kaiserdom.de\/en\/wp-json\/wp\/v2\/pages"}],"about":[{"href":"https:\/\/kaiserdom.de\/en\/wp-json\/wp\/v2\/types\/page"}],"author":[{"embeddable":true,"href":"https:\/\/kaiserdom.de\/en\/wp-json\/wp\/v2\/users\/2"}],"replies":[{"embeddable":true,"href":"https:\/\/kaiserdom.de\/en\/wp-json\/wp\/v2\/comments?post=8197"}],"version-history":[{"count":16,"href":"https:\/\/kaiserdom.de\/en\/wp-json\/wp\/v2\/pages\/8197\/revisions"}],"predecessor-version":[{"id":8236,"href":"https:\/\/kaiserdom.de\/en\/wp-json\/wp\/v2\/pages\/8197\/revisions\/8236"}],"wp:attachment":[{"href":"https:\/\/kaiserdom.de\/en\/wp-json\/wp\/v2\/media?parent=8197"}],"curies":[{"name":"wp","href":"https:\/\/api.w.org\/{rel}","templated":true}]}}