{"id":7355,"date":"2022-04-21T16:06:46","date_gmt":"2022-04-21T16:06:46","guid":{"rendered":"https:\/\/kaiserdom.de\/?page_id=7355"},"modified":"2022-04-21T16:41:19","modified_gmt":"2022-04-21T16:41:19","slug":"kaiserdom-grill-tour-2022","status":"publish","type":"page","link":"https:\/\/kaiserdom.de\/en\/kaiserdom-grill-tour-2022","title":{"rendered":"Kaiserdom Grill-Tour 2022"},"content":{"rendered":"<p>[et_pb_section fb_built=&#8220;1&#8243; admin_label=&#8220;Services&#8220; _builder_version=&#8220;3.22&#8243; custom_margin=&#8220;||-57px|||&#8220;][et_pb_row _builder_version=&#8220;4.4.1&#8243; min_height=&#8220;12px&#8220; custom_padding=&#8220;5px||9px|||&#8220;][et_pb_column type=&#8220;4_4&#8243; _builder_version=&#8220;4.4.1&#8243;][et_pb_text _builder_version=&#8220;4.4.1&#8243; link_option_url=&#8220;https:\/\/kaiserdom.de\/aktuelles&#8220;]<\/p>\n<p><a href=\"https:\/\/kaiserdom.de\/aktuelles\"><span style=\"color: #008000;\"><\/span><span style=\"color: #162e72;\"><\/span><span style=\"color: #162e72;\"><strong>&lt; Aktuelles<\/strong><\/span><\/a><\/p>\n<p>[\/et_pb_text][\/et_pb_column][\/et_pb_row][\/et_pb_section][et_pb_section fb_built=&#8220;1&#8243; admin_label=&#8220;My Approach&#8220; _builder_version=&#8220;3.22&#8243; custom_padding=&#8220;5px|||||&#8220;][et_pb_row column_structure=&#8220;2_5,3_5&#8243; _builder_version=&#8220;4.4.1&#8243; custom_padding=&#8220;7px|||||&#8220;][et_pb_column type=&#8220;2_5&#8243; _builder_version=&#8220;4.4.1&#8243;][et_pb_image src=&#8220;https:\/\/kaiserdom.de\/wp-content\/uploads\/2022\/04\/KD_Loeschzug_Website_Blog.jpg&#8220; _builder_version=&#8220;4.4.1&#8243; hover_enabled=&#8220;0&#8243;][\/et_pb_image][\/et_pb_column][et_pb_column type=&#8220;3_5&#8243; _builder_version=&#8220;4.4.1&#8243;][et_pb_text _builder_version=&#8220;4.4.1&#8243; text_font=&#8220;||||||||&#8220; text_font_size=&#8220;16px&#8220; text_line_height=&#8220;1.9em&#8220; header_font=&#8220;||||||||&#8220; header_3_font=&#8220;Lato|700|||||||&#8220; header_3_font_size=&#8220;24px&#8220; header_3_line_height=&#8220;1.5em&#8220; header_4_font=&#8220;Lato|700|||||||&#8220; header_4_text_color=&#8220;#3550a0&#8243; header_4_font_size=&#8220;16px&#8220; header_4_line_height=&#8220;1.5em&#8220; width=&#8220;100%&#8220; max_width=&#8220;891px&#8220; custom_margin=&#8220;|1px|-1px|-1px||&#8220; custom_padding=&#8220;|12px||0px||&#8220; hover_enabled=&#8220;0&#8243; header_3_font_size_tablet=&#8220;&#8220; header_3_font_size_phone=&#8220;20px&#8220; header_3_font_size_last_edited=&#8220;on|phone&#8220;]<\/p>\n<h4>21.04.2022<\/h4>\n<h3>Kaiserdom Grill-Tour 2022<\/h3>\n<p>die Tage werden wieder l\u00e4nger, die ersten Sonnenstrahlen k\u00fcssen die Haut und die Luft duftet nach Bratw\u00fcrsten, Steaks &amp; Co.\u00a0<strong>H\u00f6chste Zeit, die Grillsaison einzul\u00e4uten!\u00a0<\/strong>Und was geh\u00f6rt zu einer waschechten Grillparty nat\u00fcrlich dazu?!\u00a0<strong>Ganz klar, ein frisch gezapftes, k\u00fchles Helles.<\/strong><\/p>\n<p><strong>\u00a0<\/strong>In den letzten zwei Jahren mussten wir auf unsere geliebten Dorffeste, Gartenpartys und jegliche anderen Feiern verzichten, dieses Jahr gehts wieder los und jetzt erst richtig!<\/p>\n<p>Ihr habt <strong>ab sofort<\/strong> die Chance, exklusiv f\u00fcr eure(n) Verein, Gemeinschaft oder Gemeinde unseren Kaiserdom L\u00f6schzug f\u00fcr eure Feier zu gewinnen! F\u00fcr <strong>alle Freitage im Mai\u00a0verlosen wir unser Feuerwehrauto, gef\u00fcllt mit 400l Bier<\/strong> und alkoholfreien Getr\u00e4nken. <strong>Zum Essen bringen wir\u00a0jede Menge Bratw\u00fcrste mit.<\/strong><\/p>\n<p>Au\u00dferdem sind mit im Gep\u00e4ck\u00a0 Biertischgarnituren, Schirme etc.<br \/> Ihr m\u00fcsst nur noch f\u00fcr die Location und jede Menge gute Laune sorgen.<\/p>\n<p>Mit der Feier m\u00f6chten wir mittelgro\u00dfe Vereine ansprechen, welche die M\u00f6glichkeit haben <strong>ein Fest f\u00fcr 150-250 Leute auszurichten, um mal Danke an die Mitglieder zu sagen<\/strong> oder einfach um sich mal wieder live zu sehen und eine sch\u00f6ne gemeinsame Zeit miteinander zu verbringen. In Dorfgemeinschaften halten kleinere Vereine nat\u00fcrlich zusammen. Wenn ihr euch zusammenschlie\u00dfen wollt, auch kein Problem \ud83d\ude42\u00a0<\/p>\n<p>Wenn Ihr bei unserer <strong>Kaiserdom Grill-Tour 2022<\/strong> mit dabei sein wollt, dann <strong>bewerbt euch<\/strong> am besten sofort <strong>mit einer kleinen Vorstellung eurer Gemeinschaft<\/strong> und mit eurem Wunschtermin unter <span style=\"color: #00346f;\"><strong><a href=\"mailto:grillen@kaiserdom.de\" style=\"color: #00346f;\">grillen[at]kaiserdom.de<\/a>\u00a0<\/strong><\/span><\/p>\n<p><strong>M\u00f6gliche Termine:<\/strong><br \/>06.05.2022<br \/>13.05.2022<br \/>20.05.2022<br \/>27.05.2022<\/p>\n<p>[\/et_pb_text][\/et_pb_column][\/et_pb_row][\/et_pb_section]<\/p>\n","protected":false},"excerpt":{"rendered":"<p>[et_pb_section fb_built=&#8220;1&#8243; admin_label=&#8220;Services&#8220; _builder_version=&#8220;3.22&#8243; custom_margin=&#8220;||-57px|||&#8220;][et_pb_row _builder_version=&#8220;4.4.1&#8243; min_height=&#8220;12px&#8220; custom_padding=&#8220;5px||9px|||&#8220;][et_pb_column type=&#8220;4_4&#8243; _builder_version=&#8220;4.4.1&#8243;][et_pb_text _builder_version=&#8220;4.4.1&#8243; link_option_url=&#8220;https:\/\/kaiserdom.de\/aktuelles&#8220;] &lt; Aktuelles [\/et_pb_text][\/et_pb_column][\/et_pb_row][\/et_pb_section][et_pb_section fb_built=&#8220;1&#8243; admin_label=&#8220;My Approach&#8220; _builder_version=&#8220;3.22&#8243; custom_padding=&#8220;5px|||||&#8220;][et_pb_row column_structure=&#8220;2_5,3_5&#8243; _builder_version=&#8220;4.4.1&#8243; custom_padding=&#8220;7px|||||&#8220;][et_pb_column type=&#8220;2_5&#8243; _builder_version=&#8220;4.4.1&#8243;][et_pb_image src=&#8220;https:\/\/kaiserdom.de\/wp-content\/uploads\/2022\/04\/KD_Loeschzug_Website_Blog.jpg&#8220; _builder_version=&#8220;4.4.1&#8243; hover_enabled=&#8220;0&#8243;][\/et_pb_image][\/et_pb_column][et_pb_column type=&#8220;3_5&#8243; _builder_version=&#8220;4.4.1&#8243;][et_pb_text _builder_version=&#8220;4.4.1&#8243; text_font=&#8220;||||||||&#8220; text_font_size=&#8220;16px&#8220; text_line_height=&#8220;1.9em&#8220; header_font=&#8220;||||||||&#8220; header_3_font=&#8220;Lato|700|||||||&#8220; header_3_font_size=&#8220;24px&#8220; header_3_line_height=&#8220;1.5em&#8220; header_4_font=&#8220;Lato|700|||||||&#8220; header_4_text_color=&#8220;#3550a0&#8243; header_4_font_size=&#8220;16px&#8220; header_4_line_height=&#8220;1.5em&#8220; width=&#8220;100%&#8220; max_width=&#8220;891px&#8220; custom_margin=&#8220;|1px|-1px|-1px||&#8220; custom_padding=&#8220;|12px||0px||&#8220; hover_enabled=&#8220;0&#8243; header_3_font_size_tablet=&#8220;&#8220; header_3_font_size_phone=&#8220;20px&#8220; header_3_font_size_last_edited=&#8220;on|phone&#8220;] 21.04.2022 Kaiserdom Grill-Tour 2022 die [&hellip;]<\/p>\n","protected":false},"author":2,"featured_media":0,"parent":0,"menu_order":0,"comment_status":"closed","ping_status":"closed","template":"","meta":{"_et_pb_use_builder":"on","_et_pb_old_content":"","_et_gb_content_width":"","_lmt_disableupdate":"no","_lmt_disable":"","_monsterinsights_skip_tracking":false,"_monsterinsights_sitenote_active":false,"_monsterinsights_sitenote_note":"","_monsterinsights_sitenote_category":0},"aioseo_notices":[],"_links":{"self":[{"href":"https:\/\/kaiserdom.de\/en\/wp-json\/wp\/v2\/pages\/7355"}],"collection":[{"href":"https:\/\/kaiserdom.de\/en\/wp-json\/wp\/v2\/pages"}],"about":[{"href":"https:\/\/kaiserdom.de\/en\/wp-json\/wp\/v2\/types\/page"}],"author":[{"embeddable":true,"href":"https:\/\/kaiserdom.de\/en\/wp-json\/wp\/v2\/users\/2"}],"replies":[{"embeddable":true,"href":"https:\/\/kaiserdom.de\/en\/wp-json\/wp\/v2\/comments?post=7355"}],"version-history":[{"count":2,"href":"https:\/\/kaiserdom.de\/en\/wp-json\/wp\/v2\/pages\/7355\/revisions"}],"predecessor-version":[{"id":7359,"href":"https:\/\/kaiserdom.de\/en\/wp-json\/wp\/v2\/pages\/7355\/revisions\/7359"}],"wp:attachment":[{"href":"https:\/\/kaiserdom.de\/en\/wp-json\/wp\/v2\/media?parent=7355"}],"curies":[{"name":"wp","href":"https:\/\/api.w.org\/{rel}","templated":true}]}}