{"id":7318,"date":"2022-03-08T13:18:43","date_gmt":"2022-03-08T13:18:43","guid":{"rendered":"https:\/\/kaiserdom.de\/?page_id=7318"},"modified":"2022-03-11T11:41:01","modified_gmt":"2022-03-11T11:41:01","slug":"hilfe-fuer-die-ukraine","status":"publish","type":"page","link":"https:\/\/kaiserdom.de\/en\/hilfe-fuer-die-ukraine","title":{"rendered":"Hilfe f\u00fcr die Ukraine"},"content":{"rendered":"<p>[et_pb_section fb_built=&#8220;1&#8243; admin_label=&#8220;Services&#8220; _builder_version=&#8220;3.22&#8243; custom_margin=&#8220;||-57px|||&#8220;][et_pb_row _builder_version=&#8220;4.4.1&#8243; min_height=&#8220;12px&#8220; custom_padding=&#8220;5px||9px|||&#8220;][et_pb_column type=&#8220;4_4&#8243; _builder_version=&#8220;4.4.1&#8243;][et_pb_text _builder_version=&#8220;4.4.1&#8243; link_option_url=&#8220;https:\/\/kaiserdom.de\/aktuelles&#8220;]<\/p>\n<p><a href=\"https:\/\/kaiserdom.de\/aktuelles\"><span style=\"color: #008000;\"><\/span><span style=\"color: #162e72;\"><\/span><span style=\"color: #162e72;\"><strong>&lt; Aktuelles<\/strong><\/span><\/a><\/p>\n<p>[\/et_pb_text][\/et_pb_column][\/et_pb_row][\/et_pb_section][et_pb_section fb_built=&#8220;1&#8243; admin_label=&#8220;My Approach&#8220; _builder_version=&#8220;3.22&#8243; custom_padding=&#8220;5px|||||&#8220;][et_pb_row column_structure=&#8220;2_5,3_5&#8243; _builder_version=&#8220;4.4.1&#8243; custom_padding=&#8220;7px|||||&#8220;][et_pb_column type=&#8220;2_5&#8243; _builder_version=&#8220;4.4.1&#8243;][et_pb_image src=&#8220;https:\/\/kaiserdom.de\/wp-content\/uploads\/2022\/03\/IMG-20220305_900px.jpg&#8220; _builder_version=&#8220;4.4.1&#8243;][\/et_pb_image][\/et_pb_column][et_pb_column type=&#8220;3_5&#8243; _builder_version=&#8220;4.4.1&#8243;][et_pb_text _builder_version=&#8220;4.4.1&#8243; text_font=&#8220;||||||||&#8220; text_font_size=&#8220;16px&#8220; text_line_height=&#8220;1.9em&#8220; header_font=&#8220;||||||||&#8220; header_3_font=&#8220;Lato|700|||||||&#8220; header_3_font_size=&#8220;24px&#8220; header_3_line_height=&#8220;1.5em&#8220; header_4_font=&#8220;Lato|700|||||||&#8220; header_4_text_color=&#8220;#3550a0&#8243; header_4_font_size=&#8220;16px&#8220; header_4_line_height=&#8220;1.5em&#8220; width=&#8220;100%&#8220; max_width=&#8220;891px&#8220; custom_margin=&#8220;|1px|-1px|-1px||&#8220; custom_padding=&#8220;|12px||0px||&#8220; header_3_font_size_tablet=&#8220;&#8220; header_3_font_size_phone=&#8220;20px&#8220; header_3_font_size_last_edited=&#8220;on|phone&#8220;]<\/p>\n<h4>08.03.2021<\/h4>\n<h3>Ukraine-Hilfe<\/h3>\n<p>Der Krieg in der Ukraine l\u00e4sst keinen kalt. Millionen Fl\u00fcchtlinge m\u00fcssen ihr zuhause, ihr Land verlassen, um ihr Leben zu sch\u00fctzen. Um diesen Menschen zu helfen, hat das Vierether Busunternehmen Basel Reisen eine einzigartige Hilfsaktion ins Leben gerufen. Mit einem vollgepackten Reisebus werden Spenden an die ukrainisch-polnische Grenze gebracht und der Bus bleibt in der Ukraine! Er soll als Pendel dienen, dass Fl\u00fcchtende in der Ukraine schneller an die Grenzen bef\u00f6rdert werden k\u00f6nnen.<\/p>\n<p>[\/et_pb_text][\/et_pb_column][\/et_pb_row][et_pb_row _builder_version=&#8220;4.4.1&#8243; custom_padding=&#8220;7px|||||&#8220;][et_pb_column type=&#8220;4_4&#8243; _builder_version=&#8220;4.4.1&#8243;][et_pb_image src=&#8220;https:\/\/kaiserdom.de\/wp-content\/uploads\/2022\/03\/20220304_134924_900px.jpg&#8220; _builder_version=&#8220;4.4.1&#8243;][\/et_pb_image][et_pb_text _builder_version=&#8220;4.4.1&#8243; text_font=&#8220;||||||||&#8220; text_font_size=&#8220;16px&#8220; text_line_height=&#8220;1.9em&#8220; header_font=&#8220;||||||||&#8220; header_3_font=&#8220;Lato|700|||||||&#8220; header_3_font_size=&#8220;24px&#8220; header_3_line_height=&#8220;1.5em&#8220; header_4_font=&#8220;Lato|700|||||||&#8220; header_4_text_color=&#8220;#3550a0&#8243; header_4_font_size=&#8220;16px&#8220; header_4_line_height=&#8220;1.5em&#8220; width=&#8220;100%&#8220; max_width=&#8220;891px&#8220; custom_margin=&#8220;|1px|-1px|-1px||&#8220; custom_padding=&#8220;|12px||0px||&#8220; hover_enabled=&#8220;0&#8243; header_3_font_size_tablet=&#8220;&#8220; header_3_font_size_phone=&#8220;20px&#8220; header_3_font_size_last_edited=&#8220;on|phone&#8220;]<\/p>\n<p>Durch die gro\u00dfe Spendenbereitschaft der Menschen aus Bamberg und dem Bamberger Umland wurden weitere Transporter ben\u00f6tigt, um alle Hilfsmittel zu verladen. Felix W\u00f6rner, Gesch\u00e4ftsf\u00fchrer der Kaiserdom Brauerei, z\u00f6gerte nicht und stellte einen LKW samt Anh\u00e4nger zur Verf\u00fcgung, gesteuert von einem Fahrer der Kaiserdom.<\/p>\n<p>Die gro\u00dfartige Aktion von Basel Reisen wird noch von weiteren regionalen Unternehmen unterst\u00fctzt.\u00a0Insgesamt kamen unfassbare 30 Tonnen an Hilfsg\u00fctern zusammen. Die LKWs wurden von vielen freiwilligen Helfern bis unter die Decke mit Kleidung, Essen, Trinken, Windeln, Decken und Hygieneartikel beladen.<\/p>\n<p>[\/et_pb_text][\/et_pb_column][\/et_pb_row][et_pb_row column_structure=&#8220;1_2,1_2&#8243; _builder_version=&#8220;4.4.1&#8243; custom_padding=&#8220;7px|||||&#8220;][et_pb_column type=&#8220;1_2&#8243; _builder_version=&#8220;4.4.1&#8243;][et_pb_image src=&#8220;https:\/\/kaiserdom.de\/wp-content\/uploads\/2022\/03\/IMG_1142_600px.jpg&#8220; _builder_version=&#8220;4.4.1&#8243;][\/et_pb_image][\/et_pb_column][et_pb_column type=&#8220;1_2&#8243; _builder_version=&#8220;4.4.1&#8243;][et_pb_image src=&#8220;https:\/\/kaiserdom.de\/wp-content\/uploads\/2022\/03\/IMG_1114_600px.jpg&#8220; _builder_version=&#8220;4.4.1&#8243;][\/et_pb_image][\/et_pb_column][\/et_pb_row][et_pb_row _builder_version=&#8220;4.4.1&#8243; custom_padding=&#8220;7px|||||&#8220;][et_pb_column type=&#8220;4_4&#8243; _builder_version=&#8220;4.4.1&#8243;][et_pb_text _builder_version=&#8220;4.4.1&#8243; text_font=&#8220;||||||||&#8220; text_font_size=&#8220;16px&#8220; text_line_height=&#8220;1.9em&#8220; header_font=&#8220;||||||||&#8220; header_3_font=&#8220;Lato|700|||||||&#8220; header_3_font_size=&#8220;24px&#8220; header_3_line_height=&#8220;1.5em&#8220; header_4_font=&#8220;Lato|700|||||||&#8220; header_4_text_color=&#8220;#3550a0&#8243; header_4_font_size=&#8220;16px&#8220; header_4_line_height=&#8220;1.5em&#8220; width=&#8220;100%&#8220; max_width=&#8220;891px&#8220; custom_margin=&#8220;|1px|-1px|-1px||&#8220; custom_padding=&#8220;|12px|22px|0px||&#8220; header_3_font_size_tablet=&#8220;&#8220; header_3_font_size_phone=&#8220;20px&#8220; header_3_font_size_last_edited=&#8220;on|phone&#8220;]<\/p>\n<p>Montag morgen um 4 Uhr\u00a0<span>hat der vollgepackte Reisebus mit einer Kolonne Viereth verlassen und macht sich auf den Weg an die ukrainisch-polnische Grenze. <\/span>Unterst\u00fctzt und begeleitet wird die Hilfsaktion vom lokalen Radiosender &#8222;Radio Bamberg&#8220;, der auch das Video zur Verf\u00fcgung gestellt hat.<br \/> Nach 18 Stunden Fahrt ist die Kolonne in Przemy\u015bl angekommen! Rund 20 Helfer haben dort bereits auf die LKWs und Transporter gewartet, um beim Abladen zu helfen.<\/p>\n<p>Die Bilder in den Nachrichten zu sehen ist das eine, aber die Verzweiflung der Menschen vor Ort zu erleben, genauso wie<span> Hilfsorganisationen, die vor lauter Andrang am Ende ihrer Kr\u00e4fte sind und dennoch unerm\u00fcdlich weitermachen, diese Eindr\u00fccke sind etwas anderes und werden die Fahrer nach Hause begleiten<\/span>.<\/p>\n<p>[\/et_pb_text][et_pb_video src=&#8220;https:\/\/kaiserdom.de\/wp-content\/uploads\/2022\/03\/VID-20220307-WA0006.mp4&#8243; _builder_version=&#8220;4.4.1&#8243;][\/et_pb_video][\/et_pb_column][\/et_pb_row][\/et_pb_section]<\/p>\n","protected":false},"excerpt":{"rendered":"<p>[et_pb_section fb_built=&#8220;1&#8243; admin_label=&#8220;Services&#8220; _builder_version=&#8220;3.22&#8243; custom_margin=&#8220;||-57px|||&#8220;][et_pb_row _builder_version=&#8220;4.4.1&#8243; min_height=&#8220;12px&#8220; custom_padding=&#8220;5px||9px|||&#8220;][et_pb_column type=&#8220;4_4&#8243; _builder_version=&#8220;4.4.1&#8243;][et_pb_text _builder_version=&#8220;4.4.1&#8243; link_option_url=&#8220;https:\/\/kaiserdom.de\/aktuelles&#8220;] &lt; Aktuelles [\/et_pb_text][\/et_pb_column][\/et_pb_row][\/et_pb_section][et_pb_section fb_built=&#8220;1&#8243; admin_label=&#8220;My Approach&#8220; _builder_version=&#8220;3.22&#8243; custom_padding=&#8220;5px|||||&#8220;][et_pb_row column_structure=&#8220;2_5,3_5&#8243; _builder_version=&#8220;4.4.1&#8243; custom_padding=&#8220;7px|||||&#8220;][et_pb_column type=&#8220;2_5&#8243; _builder_version=&#8220;4.4.1&#8243;][et_pb_image src=&#8220;https:\/\/kaiserdom.de\/wp-content\/uploads\/2022\/03\/IMG-20220305_900px.jpg&#8220; _builder_version=&#8220;4.4.1&#8243;][\/et_pb_image][\/et_pb_column][et_pb_column type=&#8220;3_5&#8243; _builder_version=&#8220;4.4.1&#8243;][et_pb_text _builder_version=&#8220;4.4.1&#8243; text_font=&#8220;||||||||&#8220; text_font_size=&#8220;16px&#8220; text_line_height=&#8220;1.9em&#8220; header_font=&#8220;||||||||&#8220; header_3_font=&#8220;Lato|700|||||||&#8220; header_3_font_size=&#8220;24px&#8220; header_3_line_height=&#8220;1.5em&#8220; header_4_font=&#8220;Lato|700|||||||&#8220; header_4_text_color=&#8220;#3550a0&#8243; header_4_font_size=&#8220;16px&#8220; header_4_line_height=&#8220;1.5em&#8220; width=&#8220;100%&#8220; max_width=&#8220;891px&#8220; custom_margin=&#8220;|1px|-1px|-1px||&#8220; custom_padding=&#8220;|12px||0px||&#8220; header_3_font_size_tablet=&#8220;&#8220; header_3_font_size_phone=&#8220;20px&#8220; header_3_font_size_last_edited=&#8220;on|phone&#8220;] 08.03.2021 Ukraine-Hilfe Der Krieg in der Ukraine [&hellip;]<\/p>\n","protected":false},"author":2,"featured_media":0,"parent":0,"menu_order":0,"comment_status":"closed","ping_status":"closed","template":"","meta":{"_et_pb_use_builder":"on","_et_pb_old_content":"","_et_gb_content_width":"","_lmt_disableupdate":"no","_lmt_disable":"","_monsterinsights_skip_tracking":false,"_monsterinsights_sitenote_active":false,"_monsterinsights_sitenote_note":"","_monsterinsights_sitenote_category":0},"aioseo_notices":[],"_links":{"self":[{"href":"https:\/\/kaiserdom.de\/en\/wp-json\/wp\/v2\/pages\/7318"}],"collection":[{"href":"https:\/\/kaiserdom.de\/en\/wp-json\/wp\/v2\/pages"}],"about":[{"href":"https:\/\/kaiserdom.de\/en\/wp-json\/wp\/v2\/types\/page"}],"author":[{"embeddable":true,"href":"https:\/\/kaiserdom.de\/en\/wp-json\/wp\/v2\/users\/2"}],"replies":[{"embeddable":true,"href":"https:\/\/kaiserdom.de\/en\/wp-json\/wp\/v2\/comments?post=7318"}],"version-history":[{"count":5,"href":"https:\/\/kaiserdom.de\/en\/wp-json\/wp\/v2\/pages\/7318\/revisions"}],"predecessor-version":[{"id":7340,"href":"https:\/\/kaiserdom.de\/en\/wp-json\/wp\/v2\/pages\/7318\/revisions\/7340"}],"wp:attachment":[{"href":"https:\/\/kaiserdom.de\/en\/wp-json\/wp\/v2\/media?parent=7318"}],"curies":[{"name":"wp","href":"https:\/\/api.w.org\/{rel}","templated":true}]}}