{"id":7,"date":"2020-03-23T21:37:10","date_gmt":"2020-03-23T21:37:10","guid":{"rendered":"http:\/\/neu.kaiserdom.de\/?page_id=7"},"modified":"2026-03-23T13:30:25","modified_gmt":"2026-03-23T13:30:25","slug":"startseite","status":"publish","type":"page","link":"https:\/\/kaiserdom.de\/en\/","title":{"rendered":"Startseite"},"content":{"rendered":"<p>[et_pb_section fb_built=&#8220;1&#8243; custom_padding_last_edited=&#8220;on|phone&#8220; _builder_version=&#8220;4.4.1&#8243; background_image=&#8220;https:\/\/kaiserdom.de\/wp-content\/uploads\/2021\/10\/HP_Startseite_2.jpg&#8220; background_position=&#8220;center_right&#8220; min_height=&#8220;100px&#8220; min_height_tablet=&#8220;&#8220; min_height_phone=&#8220;170px&#8220; min_height_last_edited=&#8220;on|phone&#8220; height=&#8220;100px&#8220; height_tablet=&#8220;270px&#8220; height_phone=&#8220;200px&#8220; height_last_edited=&#8220;on|phone&#8220; max_height_tablet=&#8220;&#8220; max_height_phone=&#8220;1000px&#8220; max_height_last_edited=&#8220;on|phone&#8220; custom_margin_tablet=&#8220;&#8220; custom_margin_phone=&#8220;&#8220; custom_margin_last_edited=&#8220;on|phone&#8220; custom_padding=&#8220;||570px||false|false&#8220; custom_padding_tablet=&#8220;||100px||false|false&#8220; custom_padding_phone=&#8220;||110px||false|false&#8220; background_last_edited=&#8220;on|tablet&#8220; background_position_tablet=&#8220;center&#8220;][\/et_pb_section][et_pb_section fb_built=&#8220;1&#8243; _builder_version=&#8220;4.4.1&#8243; background_enable_image=&#8220;off&#8220; min_height=&#8220;2299.3px&#8220; custom_margin=&#8220;||-163px|||&#8220; custom_padding=&#8220;0px||0px|||&#8220;][et_pb_row column_structure=&#8220;1_2,1_2&#8243; _builder_version=&#8220;4.4.1&#8243; width_tablet=&#8220;90%&#8220; width_phone=&#8220;&#8220; width_last_edited=&#8220;on|tablet&#8220; max_width_tablet=&#8220;100%&#8220; max_width_phone=&#8220;&#8220; max_width_last_edited=&#8220;on|tablet&#8220; min_height=&#8220;459px&#8220; custom_margin=&#8220;26px|auto|5px|auto||&#8220; custom_padding=&#8220;38px||0px|||&#8220;][et_pb_column type=&#8220;1_2&#8243; _builder_version=&#8220;4.4.1&#8243;][et_pb_blurb title=&#8220;Wer sind Wir&#8220; url=&#8220;https:\/\/kaiserdom.de\/brauerei&#8220; image=&#8220;https:\/\/kaiserdom.de\/wp-content\/uploads\/2025\/06\/Familie_Woerner_600x350.jpg&#8220; module_class=&#8220;hide-break-lines home-white-blurb&#8220; _builder_version=&#8220;4.4.1&#8243; header_text_align=&#8220;center&#8220; body_text_align=&#8220;center&#8220; background_color=&#8220;#ffffff&#8220; text_orientation=&#8220;center&#8220; min_height=&#8220;493px&#8220;]<\/p>\n<p><span style=\"color: #000000;\">Der Name Kaiserdom Specialit\u00e4ten Brauerei steht f\u00fcr hohe<br \/> Produktqualit\u00e4t, herausragende Dienstleistungen und regionale Verbundenheit. Wir sind ein Familienunternehmen mit Werten,<br \/> langer Tradition und Wertsch\u00e4tzung. F\u00fcr den Erfolg stehen<br \/> gemeinsame Werte, die&#8230;<\/span><\/p>\n<p>[\/et_pb_blurb][\/et_pb_column][et_pb_column type=&#8220;1_2&#8243; _builder_version=&#8220;4.4.1&#8243;][et_pb_blurb title=&#8220;Gr\u00fcne Verantwortung&#8220; url=&#8220;https:\/\/kaiserdom.de\/grune-verantwortung&#8220; image=&#8220;https:\/\/kaiserdom.de\/wp-content\/uploads\/2020\/04\/Gruene-Verantwortung_600x350px.jpg&#8220; module_class=&#8220;hide-break-lines home-white-blurb&#8220; _builder_version=&#8220;4.4.1&#8243; header_text_align=&#8220;center&#8220; body_text_align=&#8220;center&#8220; background_color=&#8220;#ffffff&#8220; text_orientation=&#8220;center&#8220; min_height=&#8220;493px&#8220;]<span style=\"color: #000000;\">In einer Welt, in der der CO<sub>2<\/sub>-Fu\u00dfabdruck immer wichtiger wird,<br \/>\nsehen auch wir uns voll in der Verantwortung, aktiv zum<br \/>\nUmweltschutz beizutragen. Durch die innovativen Technologien<br \/>\nin unserem neuen Sudhaus sparen wir bis zu 60% Prim\u00e4renergie ein.<br \/>\nDazu kommt eine&#8230;<\/span>[\/et_pb_blurb][\/et_pb_column][\/et_pb_row][et_pb_row _builder_version=&#8220;4.4.1&#8243; width_tablet=&#8220;90%&#8220; width_phone=&#8220;&#8220; width_last_edited=&#8220;on|tablet&#8220; max_width_tablet=&#8220;100%&#8220; max_width_phone=&#8220;&#8220; max_width_last_edited=&#8220;on|tablet&#8220; custom_margin=&#8220;54px|auto|44px|auto|false|false&#8220; custom_padding=&#8220;3px||3px||false|false&#8220;][et_pb_column type=&#8220;4_4&#8243; _builder_version=&#8220;4.4.1&#8243;][et_pb_slider _builder_version=&#8220;4.4.1&#8243; header_font=&#8220;||||||||&#8220; body_font_size=&#8220;20px&#8220; background_enable_image=&#8220;off&#8220; min_height=&#8220;509px&#8220; custom_margin=&#8220;||53px|||&#8220; custom_padding=&#8220;161px||174px|||&#8220; hover_enabled=&#8220;0&#8243;][et_pb_slide button_text=&#8220;Mehr erfahren&#8220; use_bg_overlay=&#8220;on&#8220; bg_overlay_color=&#8220;rgba(0,0,0,0.08)&#8220; _builder_version=&#8220;4.4.1&#8243; header_text_color=&#8220;#ffffff&#8220; body_font=&#8220;Open Sans||||||||&#8220; body_text_color=&#8220;#ffffff&#8220; body_font_size=&#8220;18px&#8220; background_color=&#8220;rgba(0,0,0,0)&#8220; background_enable_color=&#8220;on&#8220; background_image=&#8220;https:\/\/kaiserdom.de\/wp-content\/uploads\/2026\/03\/Teaser_Grilltour_2026.jpg&#8220; background_enable_image=&#8220;on&#8220; custom_padding=&#8220;230px||||false|false&#8220; hover_enabled=&#8220;0&#8243; button_link=&#8220;https:\/\/kaiserdom.de\/aktuelles&#8220;]<\/p>\n<p style=\"text-align: center;\"><span>Unser L\u00f6schzug geht wieder auf Tour! Bewerbt euch jetzt und gewinnt mit etwas Gl\u00fcck eine von vier Vereinsfeiern mit Freibier, alkoholfreien Getr\u00e4nken und Bratwurstbr\u00f6tchen!<\/span><\/p>\n<p>[\/et_pb_slide][\/et_pb_slider][et_pb_slider _builder_version=&#8220;4.4.1&#8243; header_font=&#8220;||||||||&#8220; body_font_size=&#8220;20px&#8220; background_enable_image=&#8220;off&#8220; min_height=&#8220;509px&#8220; custom_margin=&#8220;||53px|||&#8220; custom_padding=&#8220;161px||174px|||&#8220; link_option_url=&#8220;\/party-set&#8220;][et_pb_slide button_link=&#8220;\/party-set&#8220; _builder_version=&#8220;4.4.1&#8243; header_text_color=&#8220;#ffffff&#8220; body_font=&#8220;Open Sans||||||||&#8220; body_text_color=&#8220;#ffffff&#8220; body_font_size=&#8220;18px&#8220; background_color=&#8220;rgba(0,0,0,0)&#8220; background_enable_color=&#8220;on&#8220; background_image=&#8220;https:\/\/kaiserdom.de\/wp-content\/uploads\/2023\/03\/Teaser_Party-Set_v2.jpg&#8220; background_enable_image=&#8220;on&#8220;][\/et_pb_slide][\/et_pb_slider][et_pb_slider _builder_version=&#8220;4.4.1&#8243; header_font=&#8220;||||||||&#8220; body_font_size=&#8220;20px&#8220; background_enable_image=&#8220;off&#8220; min_height=&#8220;509px&#8220; custom_margin=&#8220;||53px|||&#8220; custom_padding=&#8220;161px||174px|||&#8220;][et_pb_slide heading=&#8220;Unsere Biere&#8220; button_text=&#8220;Mehr erfahren&#8220; button_link=&#8220;https:\/\/kaiserdom.de\/nationale-biere&#8220; _builder_version=&#8220;4.4.1&#8243; header_text_color=&#8220;#ffffff&#8220; body_font=&#8220;Open Sans||||||||&#8220; body_text_color=&#8220;#ffffff&#8220; body_font_size=&#8220;18px&#8220; background_color=&#8220;rgba(0,0,0,0)&#8220; background_enable_color=&#8220;on&#8220; background_image=&#8220;https:\/\/kaiserdom.de\/wp-content\/uploads\/2021\/07\/Teaser_Regionales-Angebot.jpg&#8220; background_enable_image=&#8220;on&#8220;]Ob malzig-s\u00fc\u00df, hopfig, unfiltriert oder fruchtig frisch, in der kleinen Halben oder klassisch als Seidla. Unsere Kaiserdom Biere sind zur\u00fcck in der Euroflasche. Entdecke die Vielfalt unserer Biere und genie\u00dfe dein Kaiserdom![\/et_pb_slide][\/et_pb_slider][et_pb_slider _builder_version=&#8220;4.4.1&#8243; header_font=&#8220;||||||||&#8220; body_font_size=&#8220;20px&#8220; background_enable_image=&#8220;off&#8220; min_height=&#8220;509px&#8220; custom_margin=&#8220;||53px|||&#8220; custom_padding=&#8220;161px||174px|||&#8220; link_option_url=&#8220;https:\/\/kaiserdom.de\/karriere&#8220;][et_pb_slide heading=&#8220;Karriere&#8220; button_text=&#8220;Mehr erfahren&#8220; button_link=&#8220;https:\/\/kaiserdom.de\/karriere&#8220; _builder_version=&#8220;4.4.1&#8243; header_text_color=&#8220;#ffffff&#8220; body_font=&#8220;Open Sans||||||||&#8220; body_text_color=&#8220;#ffffff&#8220; body_font_size=&#8220;18px&#8220; background_color=&#8220;rgba(0,0,0,0)&#8220; background_enable_color=&#8220;on&#8220; background_image=&#8220;https:\/\/kaiserdom.de\/wp-content\/uploads\/2022\/07\/Teaser_Karriere.jpg&#8220; background_enable_image=&#8220;on&#8220;]Unser Ziel ist eine sichere Zukunft f\u00fcr Mitarbeiter und Unternehmen und unsere Zukunft liegt in gut ausgebildeten und motivierten Mitarbeitern.<br \/>\n<strong>Werde Teil unseres Teams und profitiere von unseren attraktiven Benefits!<\/strong>[\/et_pb_slide][\/et_pb_slider][et_pb_post_slider posts_number=&#8220;1&#8243; include_categories=&#8220;187&#8243; show_arrows=&#8220;off&#8220; show_pagination=&#8220;off&#8220; more_text=&#8220;Mehr erfahren&#8220; excerpt_length=&#8220;348&#8243; show_meta=&#8220;off&#8220; _builder_version=&#8220;4.4.1&#8243; custom_margin=&#8220;0px||53px||false|false&#8220;][\/et_pb_post_slider][et_pb_post_slider posts_number=&#8220;1&#8243; include_categories=&#8220;189&#8243; show_arrows=&#8220;off&#8220; show_pagination=&#8220;off&#8220; more_text=&#8220;Mehr erfahren&#8220; show_meta=&#8220;off&#8220; _builder_version=&#8220;4.4.1&#8243; custom_margin=&#8220;||68px||false|false&#8220;][\/et_pb_post_slider][\/et_pb_column][\/et_pb_row][\/et_pb_section][et_pb_section fb_built=&#8220;1&#8243; _builder_version=&#8220;4.4.1&#8243; background_color=&#8220;#d6d6d6&#8243; min_height=&#8220;0px&#8220; custom_margin=&#8220;210px||||false|false&#8220; custom_padding=&#8220;5px||0px|||&#8220; global_module=&#8220;7115&#8243; saved_tabs=&#8220;all&#8220;][et_pb_row column_structure=&#8220;1_5,1_5,1_5,1_5,1_5&#8243; use_custom_gutter=&#8220;on&#8220; gutter_width=&#8220;2&#8243; _builder_version=&#8220;4.4.1&#8243; width=&#8220;100%&#8220; width_tablet=&#8220;100%&#8220; width_phone=&#8220;100%&#8220; width_last_edited=&#8220;on|phone&#8220; max_width=&#8220;100%&#8220; min_height=&#8220;67px&#8220; custom_margin=&#8220;||||false|false&#8220; custom_padding=&#8220;13px|0px|15px|||&#8220; module_alignment_tablet=&#8220;center&#8220; module_alignment_phone=&#8220;center&#8220; module_alignment_last_edited=&#8220;on|phone&#8220;][et_pb_column type=&#8220;1_5&#8243; _builder_version=&#8220;4.4.1&#8243;][\/et_pb_column][et_pb_column type=&#8220;1_5&#8243; _builder_version=&#8220;4.4.1&#8243;][et_pb_text content_tablet=&#8220;<\/p>\n<p style=%22text-align: center;%22><a href=%22https:\/\/kaiserdom.de\/kontakt%22><span style=%22color: #000000;%22>Kontakt<\/span><\/a><span style=%22color: #000000;%22> <\/span><\/p>\n<p style=%22text-align: center;%22><a href=%22https:\/\/kaiserdom.de\/karriere-3%22><span style=%22color: #000000;%22>Karriere<\/span><\/a><span style=%22color: #000000;%22> <\/span><\/p>\n<p style=%22text-align: center;%22><span style=%22color: #000000;%22><a href=%22https:\/\/kaiserdom.de\/kundenbereich%22 style=%22color: #000000;%22>Downloads<\/a><\/span><\/p>\n<p>&#8220; content_phone=&#8220;<\/p>\n<p style=%22text-align: center;%22><a href=%22https:\/\/kaiserdom.de\/kontakt%22><span style=%22color: #000000;%22>Kontakt<\/span><\/a><\/p>\n<p style=%22text-align: center;%22><span style=%22color: #000000;%22> <\/span><a href=%22https:\/\/kaiserdom.de\/karriere-3%22><span style=%22color: #000000;%22>Karriere<\/span><\/a><span style=%22color: #000000;%22> <\/span><\/p>\n<p style=%22text-align: center;%22><span style=%22color: #000000;%22><a href=%22https:\/\/kaiserdom.de\/kundenbereich%22 style=%22color: #000000;%22>Downloads<\/a><\/span><\/p>\n<p>&#8220; content_last_edited=&#8220;on|phone&#8220; _builder_version=&#8220;4.4.1&#8243; width_tablet=&#8220;100%&#8220; width_phone=&#8220;100%&#8220; width_last_edited=&#8220;on|phone&#8220; max_width_tablet=&#8220;100%&#8220; max_width_phone=&#8220;100%&#8220; max_width_last_edited=&#8220;on|phone&#8220; custom_margin=&#8220;22px|||65px||&#8220; custom_margin_tablet=&#8220;|||0px|false|false&#8220; custom_margin_phone=&#8220;22px|||0px|false|false&#8220; custom_margin_last_edited=&#8220;on|phone&#8220; module_alignment_tablet=&#8220;center&#8220; module_alignment_phone=&#8220;center&#8220; module_alignment_last_edited=&#8220;on|phone&#8220;]<\/p>\n<p style=\"text-align: left;\"><a href=\"https:\/\/kaiserdom.de\/kontakt\"><span style=\"color: #000000;\">Kontakt<\/span><\/a><span style=\"color: #000000;\">\u00a0 \u00a0 \u00a0 \u00a0<\/span><a href=\"https:\/\/kaiserdom.de\/karriere\"><span style=\"color: #000000;\">Karriere<\/span><\/a><span style=\"color: #000000;\">\u00a0 \u00a0 \u00a0<a href=\"https:\/\/kaiserdom.de\/kundenbereich\" style=\"color: #000000;\">Downloads<\/a><\/span><\/p>\n<p>[\/et_pb_text][\/et_pb_column][et_pb_column type=&#8220;1_5&#8243; _builder_version=&#8220;4.4.1&#8243;][et_pb_image src=&#8220;https:\/\/kaiserdom.de\/wp-content\/uploads\/2020\/03\/KDLogo_Goldimitation-e1533220731251.png&#8220; align=&#8220;center&#8220; _builder_version=&#8220;4.4.1&#8243; width=&#8220;27%&#8220; width_tablet=&#8220;100%&#8220; width_phone=&#8220;40%&#8220; width_last_edited=&#8220;on|phone&#8220; max_width_tablet=&#8220;100%&#8220; max_width_phone=&#8220;40%&#8220; max_width_last_edited=&#8220;on|phone&#8220; custom_margin=&#8220;|130px||||&#8220; custom_margin_tablet=&#8220;|0px|||false|false&#8220; custom_margin_phone=&#8220;|0px|||false|false&#8220; custom_margin_last_edited=&#8220;on|phone&#8220; custom_padding_tablet=&#8220;&#8220; custom_padding_phone=&#8220;0px|0px|0px|0px|false|false&#8220; custom_padding_last_edited=&#8220;on|phone&#8220; module_alignment_tablet=&#8220;center&#8220; module_alignment_phone=&#8220;center&#8220; module_alignment_last_edited=&#8220;on|phone&#8220;][\/et_pb_image][\/et_pb_column][et_pb_column type=&#8220;1_5&#8243; _builder_version=&#8220;4.4.1&#8243;][et_pb_text content_tablet=&#8220;<\/p>\n<\/p>\n<p style=%22text-align: center;%22><a href=%22https:\/\/kaiserdom.de\/datenschutz%22><span style=%22color: #000000;%22>Datenschutz<\/span><\/a> <a href=%22https:\/\/kaiserdom.de\/impressum%22><span style=%22color: #000000;%22>Impressum<\/span><\/a> <a href=%22https:\/\/kaiserdom.de\/agb%22><span style=%22color: #000000;%22>AGB<\/span><\/a> <\/p>\n<p style=%22text-align: center;%22><a href=%22https:\/\/www.facebook.com\/profile.php?id=100087365753254%22 data-et-target-link=%22_blank%22 rel=%22noopener noreferrer%22><span style=%22color: #000000;%22>Facebook<\/span><\/a> <a href=%22https:\/\/www.instagram.com\/brauerei.kaiserdom\/%22 data-et-target-link=%22_blank%22 rel=%22noopener noreferrer%22><span style=%22color: #000000;%22>Instagram<\/span><\/a> <span style=%22color: #000000;%22> <\/span><span><span style=%22color: #000000;%22><a href=%22https:\/\/kaiserdom.de\/hinweisgebersystem%22 style=%22color: #000000;%22>Hinweisgebersystem<\/a>  <\/span> <\/span><\/p>\n<\/p>\n<p>&#8220; content_phone=&#8220;<\/p>\n<p style=%22text-align: center;%22><a href=%22https:\/\/kaiserdom.de\/datenschutz%22><span style=%22color: #000000;%22>Datenschutz<\/span><\/a> <a href=%22https:\/\/kaiserdom.de\/impressum%22><span style=%22color: #000000;%22>Impressum<\/span><\/a> <a href=%22https:\/\/kaiserdom.de\/agb%22><span style=%22color: #000000;%22>AGB<\/span><\/a><\/p>\n<p style=%22text-align: center;%22><a href=%22https:\/\/www.facebook.com\/profile.php?id=100087365753254%22 data-et-target-link=%22_blank%22 rel=%22noopener noreferrer%22><span style=%22color: #000000;%22>Facebook<\/span><\/a> <a href=%22https:\/\/www.instagram.com\/brauerei.kaiserdom\/%22 data-et-target-link=%22_blank%22 rel=%22noopener noreferrer%22><span style=%22color: #000000;%22>Instagram<\/span><\/a><\/p>\n<p style=%22text-align: center;%22><span style=%22color: #000000;%22><a href=%22https:\/\/kaiserdom.de\/hinweisgebersystem%22 style=%22color: #000000;%22>Hinweisgebersystem<\/a><\/span><\/p>\n<p>&#8220; content_last_edited=&#8220;on|tablet&#8220; _builder_version=&#8220;4.4.1&#8243; width_tablet=&#8220;100%&#8220; width_phone=&#8220;&#8220; width_last_edited=&#8220;on|tablet&#8220; max_width_tablet=&#8220;100%&#8220; max_width_phone=&#8220;&#8220; max_width_last_edited=&#8220;on|tablet&#8220; custom_margin=&#8220;22px|-83px||-92px|false|false&#8220; custom_margin_tablet=&#8220;|||0px|false|false&#8220; custom_margin_phone=&#8220;0px|||0px|false|false&#8220; custom_margin_last_edited=&#8220;on|phone&#8220; custom_padding=&#8220;|0px||118px||&#8220; custom_padding_tablet=&#8220;|0px||0px|false|false&#8220; custom_padding_phone=&#8220;|0px||0px|false|false&#8220; custom_padding_last_edited=&#8220;on|phone&#8220; link_option_url_new_window=&#8220;on&#8220; module_alignment_tablet=&#8220;center&#8220; module_alignment_phone=&#8220;&#8220; module_alignment_last_edited=&#8220;on|tablet&#8220;]<\/p>\n<p style=\"text-align: left;\"><a href=\"https:\/\/kaiserdom.de\/datenschutz\"><span style=\"color: #000000;\">Datenschutz<\/span><\/a>\u00a0 \u00a0 \u00a0 \u00a0\u00a0<a href=\"https:\/\/kaiserdom.de\/impressum\"><span style=\"color: #000000;\">Impressum<\/span><\/a>\u00a0 \u00a0 \u00a0 \u00a0\u00a0<a href=\"https:\/\/kaiserdom.de\/agb\"><span style=\"color: #000000;\">AGB<\/span><\/a>\u00a0 \u00a0 \u00a0 \u00a0<span style=\"color: #000000;\"><\/span><\/p>\n<p><a href=\"https:\/\/www.facebook.com\/profile.php?id=100087365753254\" target=\"_blank\" rel=\"noopener noreferrer\"><span style=\"color: #000000;\">Facebook<\/span><\/a>\u00a0 \u00a0 \u00a0 \u00a0 \u00a0 \u00a0 \u00a0<a href=\"https:\/\/www.instagram.com\/brauerei.kaiserdom\/\" target=\"_blank\" rel=\"noopener noreferrer\"><span style=\"color: #000000;\">Instagram<\/span><\/a>\u00a0 \u00a0 \u00a0 \u00a0\u00a0<span style=\"color: #000000;\">\u00a0<a href=\"https:\/\/kaiserdom.de\/hinweisgebersystem\" style=\"color: #000000;\">Hinweisgebersystem<\/a><\/span><\/p>\n<p>[\/et_pb_text][\/et_pb_column][et_pb_column type=&#8220;1_5&#8243; _builder_version=&#8220;4.4.1&#8243;][et_pb_code _builder_version=&#8220;4.4.1&#8243; width=&#8220;50%&#8220; module_alignment=&#8220;center&#8220; custom_margin=&#8220;|||13px||&#8220; custom_margin_tablet=&#8220;&#8220; custom_margin_phone=&#8220;|||135px|false|false&#8220; custom_margin_last_edited=&#8220;on|phone&#8220; custom_padding=&#8220;|||3px||&#8220; text_orientation_tablet=&#8220;&#8220; text_orientation_phone=&#8220;center&#8220; text_orientation_last_edited=&#8220;on|phone&#8220; module_alignment_tablet=&#8220;&#8220; module_alignment_phone=&#8220;center&#8220; module_alignment_last_edited=&#8220;on|phone&#8220; locked=&#8220;off&#8220;]<a href=\"https:\/\/siwecos.de\/scanned-by-siwecos?data-siwecos=kaiserdom.de\"><img src=\"https:\/\/siegel.siwecos.de\/kaiserdom.de\/d.m.y.svg\" width=\"150\" \/><\/a>[\/et_pb_code][\/et_pb_column][\/et_pb_row][\/et_pb_section]<\/p>\n","protected":false},"excerpt":{"rendered":"<p>[et_pb_section fb_built=&#8220;1&#8243; custom_padding_last_edited=&#8220;on|phone&#8220; _builder_version=&#8220;4.4.1&#8243; background_image=&#8220;https:\/\/kaiserdom.de\/wp-content\/uploads\/2021\/10\/HP_Startseite_2.jpg&#8220; background_position=&#8220;center_right&#8220; min_height=&#8220;100px&#8220; min_height_tablet=&#8220;&#8220; min_height_phone=&#8220;170px&#8220; min_height_last_edited=&#8220;on|phone&#8220; height=&#8220;100px&#8220; height_tablet=&#8220;270px&#8220; height_phone=&#8220;200px&#8220; height_last_edited=&#8220;on|phone&#8220; max_height_tablet=&#8220;&#8220; max_height_phone=&#8220;1000px&#8220; max_height_last_edited=&#8220;on|phone&#8220; custom_margin_tablet=&#8220;&#8220; custom_margin_phone=&#8220;&#8220; custom_margin_last_edited=&#8220;on|phone&#8220; custom_padding=&#8220;||570px||false|false&#8220; custom_padding_tablet=&#8220;||100px||false|false&#8220; custom_padding_phone=&#8220;||110px||false|false&#8220; background_last_edited=&#8220;on|tablet&#8220; background_position_tablet=&#8220;center&#8220;][\/et_pb_section][et_pb_section fb_built=&#8220;1&#8243; _builder_version=&#8220;4.4.1&#8243; background_enable_image=&#8220;off&#8220; min_height=&#8220;2299.3px&#8220; custom_margin=&#8220;||-163px|||&#8220; custom_padding=&#8220;0px||0px|||&#8220;][et_pb_row column_structure=&#8220;1_2,1_2&#8243; _builder_version=&#8220;4.4.1&#8243; width_tablet=&#8220;90%&#8220; width_phone=&#8220;&#8220; width_last_edited=&#8220;on|tablet&#8220; max_width_tablet=&#8220;100%&#8220; max_width_phone=&#8220;&#8220; max_width_last_edited=&#8220;on|tablet&#8220; min_height=&#8220;459px&#8220; custom_margin=&#8220;26px|auto|5px|auto||&#8220; custom_padding=&#8220;38px||0px|||&#8220;][et_pb_column type=&#8220;1_2&#8243; _builder_version=&#8220;4.4.1&#8243;][et_pb_blurb title=&#8220;Wer sind Wir&#8220; url=&#8220;https:\/\/kaiserdom.de\/brauerei&#8220; image=&#8220;https:\/\/kaiserdom.de\/wp-content\/uploads\/2025\/06\/Familie_Woerner_600x350.jpg&#8220; module_class=&#8220;hide-break-lines home-white-blurb&#8220; _builder_version=&#8220;4.4.1&#8243; header_text_align=&#8220;center&#8220; body_text_align=&#8220;center&#8220; background_color=&#8220;#ffffff&#8220; [&hellip;]<\/p>\n","protected":false},"author":1,"featured_media":0,"parent":0,"menu_order":0,"comment_status":"closed","ping_status":"closed","template":"","meta":{"_et_pb_use_builder":"on","_et_pb_old_content":"","_et_gb_content_width":"","_lmt_disableupdate":"","_lmt_disable":"","_monsterinsights_skip_tracking":false,"_monsterinsights_sitenote_active":false,"_monsterinsights_sitenote_note":"","_monsterinsights_sitenote_category":0},"aioseo_notices":[],"_links":{"self":[{"href":"https:\/\/kaiserdom.de\/en\/wp-json\/wp\/v2\/pages\/7"}],"collection":[{"href":"https:\/\/kaiserdom.de\/en\/wp-json\/wp\/v2\/pages"}],"about":[{"href":"https:\/\/kaiserdom.de\/en\/wp-json\/wp\/v2\/types\/page"}],"author":[{"embeddable":true,"href":"https:\/\/kaiserdom.de\/en\/wp-json\/wp\/v2\/users\/1"}],"replies":[{"embeddable":true,"href":"https:\/\/kaiserdom.de\/en\/wp-json\/wp\/v2\/comments?post=7"}],"version-history":[{"count":175,"href":"https:\/\/kaiserdom.de\/en\/wp-json\/wp\/v2\/pages\/7\/revisions"}],"predecessor-version":[{"id":10359,"href":"https:\/\/kaiserdom.de\/en\/wp-json\/wp\/v2\/pages\/7\/revisions\/10359"}],"wp:attachment":[{"href":"https:\/\/kaiserdom.de\/en\/wp-json\/wp\/v2\/media?parent=7"}],"curies":[{"name":"wp","href":"https:\/\/api.w.org\/{rel}","templated":true}]}}