{"id":699,"date":"2020-04-20T11:57:37","date_gmt":"2020-04-20T11:57:37","guid":{"rendered":"http:\/\/neu.kaiserdom.de\/?page_id=699"},"modified":"2025-06-18T09:54:17","modified_gmt":"2025-06-18T09:54:17","slug":"brauerei","status":"publish","type":"page","link":"https:\/\/kaiserdom.de\/en\/brauerei","title":{"rendered":"Brauerei"},"content":{"rendered":"<p>[et_pb_section fb_built=&#8220;1&#8243; custom_padding_last_edited=&#8220;on|phone&#8220; _builder_version=&#8220;4.4.1&#8243; background_image=&#8220;https:\/\/kaiserdom.de\/wp-content\/uploads\/2020\/07\/HP_Brauerei-1.jpg&#8220; min_height=&#8220;100px&#8220; min_height_tablet=&#8220;&#8220; min_height_phone=&#8220;170px&#8220; min_height_last_edited=&#8220;on|phone&#8220; height=&#8220;100px&#8220; height_tablet=&#8220;270px&#8220; height_phone=&#8220;1000px&#8220; height_last_edited=&#8220;on|phone&#8220; max_height=&#8220;100px&#8220; max_height_tablet=&#8220;1000px&#8220; max_height_phone=&#8220;200px&#8220; max_height_last_edited=&#8220;on|phone&#8220; custom_padding=&#8220;||623px|||&#8220; custom_padding_tablet=&#8220;||100px||false|false&#8220; custom_padding_phone=&#8220;||60px||false|false&#8220;][\/et_pb_section][et_pb_section fb_built=&#8220;1&#8243; _builder_version=&#8220;4.4.1&#8243; background_color=&#8220;rgba(0,0,0,0)&#8220; background_enable_image=&#8220;off&#8220; width_tablet=&#8220;&#8220; width_phone=&#8220;100%&#8220; width_last_edited=&#8220;on|phone&#8220; max_width_tablet=&#8220;&#8220; max_width_phone=&#8220;100%&#8220; max_width_last_edited=&#8220;on|phone&#8220; custom_margin=&#8220;||-163px|||&#8220; custom_padding=&#8220;0px||98px|||&#8220; module_alignment_tablet=&#8220;&#8220; module_alignment_phone=&#8220;center&#8220; module_alignment_last_edited=&#8220;on|phone&#8220;][et_pb_row _builder_version=&#8220;4.4.1&#8243;][et_pb_column type=&#8220;4_4&#8243; _builder_version=&#8220;4.4.1&#8243;][et_pb_text _builder_version=&#8220;4.4.1&#8243; text_font=&#8220;Casad||||||||&#8220; text_font_size=&#8220;30px&#8220; custom_margin=&#8220;11px||17px|||&#8220; custom_margin_tablet=&#8220;&#8220; custom_margin_phone=&#8220;10px||7px||false|false&#8220; custom_margin_last_edited=&#8220;on|phone&#8220;]<\/p>\n<p style=\"text-align: center;\"><span style=\"color: #ffffff;\">Brauerei<\/span><\/p>\n<p>[\/et_pb_text][\/et_pb_column][\/et_pb_row][et_pb_row column_structure=&#8220;1_2,1_2&#8243; custom_padding_last_edited=&#8220;on|phone&#8220; module_class=&#8220;brewery-row brewery-row-alt&#8220; _builder_version=&#8220;4.4.1&#8243; width=&#8220;57%&#8220; width_tablet=&#8220;100%&#8220; width_phone=&#8220;90%&#8220; width_last_edited=&#8220;on|tablet&#8220; max_width=&#8220;90%&#8220; max_width_tablet=&#8220;&#8220; max_width_phone=&#8220;100%&#8220; max_width_last_edited=&#8220;on|phone&#8220; min_height=&#8220;331px&#8220; custom_margin=&#8220;-9px|auto|-2px|auto||&#8220; custom_margin_tablet=&#8220;&#8220; custom_margin_phone=&#8220;0px|auto|0px|auto|false|false&#8220; custom_margin_last_edited=&#8220;on|phone&#8220; custom_padding=&#8220;50px||3px|||&#8220; custom_padding_tablet=&#8220;&#8220; custom_padding_phone=&#8220;50px||3px||false|false&#8220; module_alignment_tablet=&#8220;&#8220; module_alignment_phone=&#8220;center&#8220; module_alignment_last_edited=&#8220;on|phone&#8220; custom_css_main_element=&#8220;\/* default fallback *\/||background: rgb(255, 255, 255) transparent;||\/* nice browsers *\/||background: rgba(255, 255, 255, 0.4);&#8220;][et_pb_column type=&#8220;1_2&#8243; _builder_version=&#8220;4.4.1&#8243;][et_pb_text _builder_version=&#8220;4.4.1&#8243; width=&#8220;93.2%&#8220; width_tablet=&#8220;85%&#8220; width_phone=&#8220;80%&#8220; width_last_edited=&#8220;on|phone&#8220; custom_margin=&#8220;|-43px||53px||&#8220; custom_padding=&#8220;|9px||7px||&#8220; module_alignment_tablet=&#8220;center&#8220; module_alignment_phone=&#8220;center&#8220; module_alignment_last_edited=&#8220;on|phone&#8220;]<\/p>\n<h2><span style=\"color: #000000;\">Das sind wir<\/span><\/h2>\n<p><span style=\"color: #000000;\">Seit 1718 brauen wir Bier aus Leidenschaft. Als Familienbetrieb und Privatbrauerei verstehen wir unser Handwerk und streben nach Perfektion unserer Braukunst, um auch weiterhin als gr\u00f6\u00dfte der 12 Bamberger Brauereien unsere Position am Markt zu st\u00e4rken und auszubauen. Seit \u00fcber 100 Jahren befindet sich die Brauerei im Besitz der Familie W\u00f6rner. Mittlerweile ist mit Felix W\u00f6rner samt Familie die vierte Generation am Start.<\/span><\/p>\n<p>[\/et_pb_text][\/et_pb_column][et_pb_column type=&#8220;1_2&#8243; _builder_version=&#8220;4.4.1&#8243;][et_pb_image src=&#8220;https:\/\/kaiserdom.de\/wp-content\/uploads\/2025\/06\/Familie_Woerner_600x350.jpg&#8220; _builder_version=&#8220;4.4.1&#8243; width=&#8220;85%&#8220; min_height=&#8220;125px&#8220; custom_margin=&#8220;8px|-56px||-3px||&#8220; custom_margin_tablet=&#8220;10px|auto||auto|false|false&#8220; custom_margin_phone=&#8220;10px|auto||auto|false|false&#8220; custom_margin_last_edited=&#8220;on|phone&#8220; custom_padding=&#8220;|4px||||&#8220; custom_padding_tablet=&#8220;|0px|||false|false&#8220; custom_padding_phone=&#8220;|0px|||false|false&#8220; custom_padding_last_edited=&#8220;on|tablet&#8220; hover_enabled=&#8220;0&#8243;][\/et_pb_image][\/et_pb_column][\/et_pb_row][et_pb_row column_structure=&#8220;1_2,1_2&#8243; module_class=&#8220;brewery-row&#8220; _builder_version=&#8220;4.4.1&#8243; width=&#8220;57%&#8220; width_tablet=&#8220;100%&#8220; width_phone=&#8220;90%&#8220; width_last_edited=&#8220;on|tablet&#8220; max_width=&#8220;90%&#8220; min_height=&#8220;331px&#8220; custom_margin=&#8220;2px|auto|-4px|auto||&#8220; custom_margin_tablet=&#8220;&#8220; custom_margin_phone=&#8220;-16px|auto|-4px|auto|false|false&#8220; custom_margin_last_edited=&#8220;on|phone&#8220; custom_padding=&#8220;40px||0px|||&#8220; custom_css_main_element=&#8220;\/* default fallback *\/||background: rgb(255, 255, 255) transparent;||\/* nice browsers *\/||background: rgba(255, 255, 255, 0.4);&#8220;][et_pb_column type=&#8220;1_2&#8243; _builder_version=&#8220;4.4.1&#8243;][et_pb_image src=&#8220;https:\/\/kaiserdom.de\/wp-content\/uploads\/2020\/08\/Sudhaus_600x375px.jpg&#8220; _builder_version=&#8220;4.4.1&#8243; width=&#8220;85%&#8220; min_height=&#8220;125px&#8220; custom_margin=&#8220;8px|-74px||58px||&#8220; custom_margin_tablet=&#8220;10px|auto||auto|false|false&#8220; custom_margin_phone=&#8220;10px|auto||auto|false|false&#8220; custom_margin_last_edited=&#8220;on|phone&#8220; custom_padding=&#8220;|4px||||&#8220; custom_padding_tablet=&#8220;|0px|||false|false&#8220; custom_padding_phone=&#8220;|0px|||false|false&#8220; custom_padding_last_edited=&#8220;on|tablet&#8220;][\/et_pb_image][\/et_pb_column][et_pb_column type=&#8220;1_2&#8243; _builder_version=&#8220;4.4.1&#8243;][et_pb_text _builder_version=&#8220;4.4.1&#8243; width=&#8220;93.8%&#8220; width_tablet=&#8220;85%&#8220; width_phone=&#8220;76.2%&#8220; width_last_edited=&#8220;on|phone&#8220; custom_margin=&#8220;22px|-34px||-15px||&#8220; custom_margin_tablet=&#8220;|auto||auto|false|false&#8220; custom_margin_phone=&#8220;22px|auto||auto|false|false&#8220; custom_margin_last_edited=&#8220;on|phone&#8220; custom_padding=&#8220;|9px||7px||&#8220; custom_padding_tablet=&#8220;&#8220; custom_padding_phone=&#8220;|0px||0px|false|false&#8220; custom_padding_last_edited=&#8220;on|phone&#8220; module_alignment_tablet=&#8220;center&#8220; module_alignment_phone=&#8220;center&#8220; module_alignment_last_edited=&#8220;on|phone&#8220;]<\/p>\n<h2><span style=\"color: #000000;\">Sudhaus<\/span><\/h2>\n<p><span style=\"color: #000000;\">Nach 50 Jahren war es Zeit f\u00fcr ein neues Herz &#8211; 2018 fiel der Startschuss f\u00fcr den Neubau unseres Sudhauses, das 2019 Betrieb genommen wurde und in dem auch eine neue Entalkoholisierungs und eine <span>CO<\/span><sub>2<\/sub> R\u00fcckgewinnunganlage untergebracht sind. Ein ent- scheidender Schritt zum Thema Umweltschutz. <a href=\"https:\/\/kaiserdom.de\/grune-verantwortung\" style=\"color: #00346f; text-decoration: underline;\">Mehr lesen<\/a><\/span><\/p>\n<p>[\/et_pb_text][\/et_pb_column][\/et_pb_row][et_pb_row column_structure=&#8220;1_2,1_2&#8243; module_class=&#8220;brewery-row&#8220; _builder_version=&#8220;4.4.1&#8243; width=&#8220;57%&#8220; width_tablet=&#8220;100%&#8220; width_phone=&#8220;90%&#8220; width_last_edited=&#8220;on|tablet&#8220; max_width=&#8220;90%&#8220; min_height=&#8220;335px&#8220; min_height_tablet=&#8220;&#8220; min_height_phone=&#8220;470px&#8220; min_height_last_edited=&#8220;on|phone&#8220; height_tablet=&#8220;430px&#8220; height_phone=&#8220;&#8220; height_last_edited=&#8220;on|tablet&#8220; custom_margin=&#8220;4px|auto|34px|auto||&#8220; custom_padding=&#8220;40px||7px|||&#8220; module_alignment_tablet=&#8220;&#8220; module_alignment_phone=&#8220;center&#8220; module_alignment_last_edited=&#8220;on|phone&#8220; custom_css_main_element=&#8220;\/* default fallback *\/||background: rgb(255, 255, 255) transparent;||\/* nice browsers *\/||background: rgba(255, 255, 255, 0.4);&#8220;][et_pb_column type=&#8220;1_2&#8243; _builder_version=&#8220;4.4.1&#8243;][et_pb_image src=&#8220;https:\/\/kaiserdom.de\/wp-content\/uploads\/2020\/08\/Brauerlonge_600x375px.jpg&#8220; _builder_version=&#8220;4.4.1&#8243; width=&#8220;85%&#8220; min_height=&#8220;125px&#8220; custom_margin=&#8220;8px|-74px||58px||&#8220; custom_margin_tablet=&#8220;10px|auto||auto|false|false&#8220; custom_margin_phone=&#8220;10px|auto||auto|false|false&#8220; custom_margin_last_edited=&#8220;on|phone&#8220; custom_padding=&#8220;|4px||||&#8220; custom_padding_tablet=&#8220;|0px|||false|false&#8220; custom_padding_phone=&#8220;|0px|||false|false&#8220; custom_padding_last_edited=&#8220;on|tablet&#8220;][\/et_pb_image][\/et_pb_column][et_pb_column type=&#8220;1_2&#8243; _builder_version=&#8220;4.4.1&#8243;][et_pb_text _builder_version=&#8220;4.4.1&#8243; width=&#8220;87.8%&#8220; width_tablet=&#8220;85%&#8220; width_phone=&#8220;80%&#8220; width_last_edited=&#8220;on|phone&#8220; custom_margin=&#8220;22px|-34px||-5px||&#8220; custom_margin_tablet=&#8220;|auto||auto|false|false&#8220; custom_margin_phone=&#8220;22px|auto||auto|false|false&#8220; custom_margin_last_edited=&#8220;on|phone&#8220; custom_padding=&#8220;|9px||7px||&#8220; custom_padding_tablet=&#8220;&#8220; custom_padding_phone=&#8220;&#8220; custom_padding_last_edited=&#8220;on|tablet&#8220; module_alignment_tablet=&#8220;center&#8220; module_alignment_phone=&#8220;&#8220; module_alignment_last_edited=&#8220;on|tablet&#8220;]<\/p>\n<h2><span style=\"color: #000000;\">Brauerlounge<\/span><\/h2>\n<p><span style=\"color: #000000;\">Im neu errichteten Sudhaus befindet sich eine Brauerlonge, in der Kunden-Events, Verkostungen und Seminare stattfinden k\u00f6nnen.<br \/><\/span><span style=\"color: #000000;\">Im Mittelpunkt steht der gro\u00dfe Konferenztisch im rustikalen Naturholzstil. Abgerundet wird die Lounge durch eine Thekenzeile mit Zapfanlage und K\u00fchlschr\u00e4nken. F\u00fcr Pr\u00e4sentationen gibt es einen gro\u00dfen Wandbildschirm.<\/span><\/p>\n<p>[\/et_pb_text][\/et_pb_column][\/et_pb_row][\/et_pb_section][et_pb_section fb_built=&#8220;1&#8243; _builder_version=&#8220;4.4.1&#8243; background_color=&#8220;#d6d6d6&#8243; min_height=&#8220;0px&#8220; custom_margin=&#8220;210px||||false|false&#8220; custom_padding=&#8220;5px||0px|||&#8220; global_module=&#8220;7115&#8243; saved_tabs=&#8220;all&#8220;][et_pb_row column_structure=&#8220;1_5,1_5,1_5,1_5,1_5&#8243; use_custom_gutter=&#8220;on&#8220; gutter_width=&#8220;2&#8243; _builder_version=&#8220;4.4.1&#8243; width=&#8220;100%&#8220; width_tablet=&#8220;100%&#8220; width_phone=&#8220;100%&#8220; width_last_edited=&#8220;on|phone&#8220; max_width=&#8220;100%&#8220; min_height=&#8220;67px&#8220; custom_margin=&#8220;||||false|false&#8220; custom_padding=&#8220;13px|0px|15px|||&#8220; module_alignment_tablet=&#8220;center&#8220; module_alignment_phone=&#8220;center&#8220; module_alignment_last_edited=&#8220;on|phone&#8220;][et_pb_column type=&#8220;1_5&#8243; _builder_version=&#8220;4.4.1&#8243;][\/et_pb_column][et_pb_column type=&#8220;1_5&#8243; _builder_version=&#8220;4.4.1&#8243;][et_pb_text content_tablet=&#8220;<\/p>\n<p style=%22text-align: center;%22><a href=%22https:\/\/kaiserdom.de\/kontakt%22><span style=%22color: #000000;%22>Kontakt<\/span><\/a><span style=%22color: #000000;%22> <\/span><\/p>\n<p style=%22text-align: center;%22><a href=%22https:\/\/kaiserdom.de\/karriere-3%22><span style=%22color: #000000;%22>Karriere<\/span><\/a><span style=%22color: #000000;%22> <\/span><\/p>\n<p style=%22text-align: center;%22><span style=%22color: #000000;%22><a href=%22https:\/\/kaiserdom.de\/kundenbereich%22 style=%22color: #000000;%22>Downloads<\/a><\/span><\/p>\n<p>&#8220; content_phone=&#8220;<\/p>\n<p style=%22text-align: center;%22><a href=%22https:\/\/kaiserdom.de\/kontakt%22><span style=%22color: #000000;%22>Kontakt<\/span><\/a><\/p>\n<p style=%22text-align: center;%22><span style=%22color: #000000;%22> <\/span><a href=%22https:\/\/kaiserdom.de\/karriere-3%22><span style=%22color: #000000;%22>Karriere<\/span><\/a><span style=%22color: #000000;%22> <\/span><\/p>\n<p style=%22text-align: center;%22><span style=%22color: #000000;%22><a href=%22https:\/\/kaiserdom.de\/kundenbereich%22 style=%22color: #000000;%22>Downloads<\/a><\/span><\/p>\n<p>&#8220; content_last_edited=&#8220;on|phone&#8220; _builder_version=&#8220;4.4.1&#8243; width_tablet=&#8220;100%&#8220; width_phone=&#8220;100%&#8220; width_last_edited=&#8220;on|phone&#8220; max_width_tablet=&#8220;100%&#8220; max_width_phone=&#8220;100%&#8220; max_width_last_edited=&#8220;on|phone&#8220; custom_margin=&#8220;22px|||65px||&#8220; custom_margin_tablet=&#8220;|||0px|false|false&#8220; custom_margin_phone=&#8220;22px|||0px|false|false&#8220; custom_margin_last_edited=&#8220;on|phone&#8220; module_alignment_tablet=&#8220;center&#8220; module_alignment_phone=&#8220;center&#8220; module_alignment_last_edited=&#8220;on|phone&#8220;]<\/p>\n<p style=\"text-align: left;\"><a href=\"https:\/\/kaiserdom.de\/kontakt\"><span style=\"color: #000000;\">Kontakt<\/span><\/a><span style=\"color: #000000;\">\u00a0 \u00a0 \u00a0 \u00a0<\/span><a href=\"https:\/\/kaiserdom.de\/karriere\"><span style=\"color: #000000;\">Karriere<\/span><\/a><span style=\"color: #000000;\">\u00a0 \u00a0 \u00a0<a href=\"https:\/\/kaiserdom.de\/kundenbereich\" style=\"color: #000000;\">Downloads<\/a><\/span><\/p>\n<p>[\/et_pb_text][\/et_pb_column][et_pb_column type=&#8220;1_5&#8243; _builder_version=&#8220;4.4.1&#8243;][et_pb_image src=&#8220;https:\/\/kaiserdom.de\/wp-content\/uploads\/2020\/03\/KDLogo_Goldimitation-e1533220731251.png&#8220; align=&#8220;center&#8220; _builder_version=&#8220;4.4.1&#8243; width=&#8220;27%&#8220; width_tablet=&#8220;100%&#8220; width_phone=&#8220;40%&#8220; width_last_edited=&#8220;on|phone&#8220; max_width_tablet=&#8220;100%&#8220; max_width_phone=&#8220;40%&#8220; max_width_last_edited=&#8220;on|phone&#8220; custom_margin=&#8220;|130px||||&#8220; custom_margin_tablet=&#8220;|0px|||false|false&#8220; custom_margin_phone=&#8220;|0px|||false|false&#8220; custom_margin_last_edited=&#8220;on|phone&#8220; custom_padding_tablet=&#8220;&#8220; custom_padding_phone=&#8220;0px|0px|0px|0px|false|false&#8220; custom_padding_last_edited=&#8220;on|phone&#8220; module_alignment_tablet=&#8220;center&#8220; module_alignment_phone=&#8220;center&#8220; module_alignment_last_edited=&#8220;on|phone&#8220;][\/et_pb_image][\/et_pb_column][et_pb_column type=&#8220;1_5&#8243; _builder_version=&#8220;4.4.1&#8243;][et_pb_text content_tablet=&#8220;<\/p>\n<\/p>\n<p style=%22text-align: center;%22><a href=%22https:\/\/kaiserdom.de\/datenschutz%22><span style=%22color: #000000;%22>Datenschutz<\/span><\/a> <a href=%22https:\/\/kaiserdom.de\/impressum%22><span style=%22color: #000000;%22>Impressum<\/span><\/a> <a href=%22https:\/\/kaiserdom.de\/agb%22><span style=%22color: #000000;%22>AGB<\/span><\/a> <\/p>\n<p style=%22text-align: center;%22><a href=%22https:\/\/www.facebook.com\/profile.php?id=100087365753254%22 data-et-target-link=%22_blank%22 rel=%22noopener noreferrer%22><span style=%22color: #000000;%22>Facebook<\/span><\/a> <a href=%22https:\/\/www.instagram.com\/brauerei.kaiserdom\/%22 data-et-target-link=%22_blank%22 rel=%22noopener noreferrer%22><span style=%22color: #000000;%22>Instagram<\/span><\/a> <span style=%22color: #000000;%22> <\/span><span><span style=%22color: #000000;%22><a href=%22https:\/\/kaiserdom.de\/hinweisgebersystem%22 style=%22color: #000000;%22>Hinweisgebersystem<\/a>  <\/span> <\/span><\/p>\n<\/p>\n<p>&#8220; content_phone=&#8220;<\/p>\n<p style=%22text-align: center;%22><a href=%22https:\/\/kaiserdom.de\/datenschutz%22><span style=%22color: #000000;%22>Datenschutz<\/span><\/a> <a href=%22https:\/\/kaiserdom.de\/impressum%22><span style=%22color: #000000;%22>Impressum<\/span><\/a> <a href=%22https:\/\/kaiserdom.de\/agb%22><span style=%22color: #000000;%22>AGB<\/span><\/a><\/p>\n<p style=%22text-align: center;%22><a href=%22https:\/\/www.facebook.com\/profile.php?id=100087365753254%22 data-et-target-link=%22_blank%22 rel=%22noopener noreferrer%22><span style=%22color: #000000;%22>Facebook<\/span><\/a> <a href=%22https:\/\/www.instagram.com\/brauerei.kaiserdom\/%22 data-et-target-link=%22_blank%22 rel=%22noopener noreferrer%22><span style=%22color: #000000;%22>Instagram<\/span><\/a><\/p>\n<p style=%22text-align: center;%22><span style=%22color: #000000;%22><a href=%22https:\/\/kaiserdom.de\/hinweisgebersystem%22 style=%22color: #000000;%22>Hinweisgebersystem<\/a><\/span><\/p>\n<p>&#8220; content_last_edited=&#8220;on|tablet&#8220; _builder_version=&#8220;4.4.1&#8243; width_tablet=&#8220;100%&#8220; width_phone=&#8220;&#8220; width_last_edited=&#8220;on|tablet&#8220; max_width_tablet=&#8220;100%&#8220; max_width_phone=&#8220;&#8220; max_width_last_edited=&#8220;on|tablet&#8220; custom_margin=&#8220;22px|-83px||-92px|false|false&#8220; custom_margin_tablet=&#8220;|||0px|false|false&#8220; custom_margin_phone=&#8220;0px|||0px|false|false&#8220; custom_margin_last_edited=&#8220;on|phone&#8220; custom_padding=&#8220;|0px||118px||&#8220; custom_padding_tablet=&#8220;|0px||0px|false|false&#8220; custom_padding_phone=&#8220;|0px||0px|false|false&#8220; custom_padding_last_edited=&#8220;on|phone&#8220; link_option_url_new_window=&#8220;on&#8220; module_alignment_tablet=&#8220;center&#8220; module_alignment_phone=&#8220;&#8220; module_alignment_last_edited=&#8220;on|tablet&#8220;]<\/p>\n<p style=\"text-align: left;\"><a href=\"https:\/\/kaiserdom.de\/datenschutz\"><span style=\"color: #000000;\">Datenschutz<\/span><\/a>\u00a0 \u00a0 \u00a0 \u00a0\u00a0<a href=\"https:\/\/kaiserdom.de\/impressum\"><span style=\"color: #000000;\">Impressum<\/span><\/a>\u00a0 \u00a0 \u00a0 \u00a0\u00a0<a href=\"https:\/\/kaiserdom.de\/agb\"><span style=\"color: #000000;\">AGB<\/span><\/a>\u00a0 \u00a0 \u00a0 \u00a0<span style=\"color: #000000;\"><\/span><\/p>\n<p><a href=\"https:\/\/www.facebook.com\/profile.php?id=100087365753254\" target=\"_blank\" rel=\"noopener noreferrer\"><span style=\"color: #000000;\">Facebook<\/span><\/a>\u00a0 \u00a0 \u00a0 \u00a0 \u00a0 \u00a0 \u00a0<a href=\"https:\/\/www.instagram.com\/brauerei.kaiserdom\/\" target=\"_blank\" rel=\"noopener noreferrer\"><span style=\"color: #000000;\">Instagram<\/span><\/a>\u00a0 \u00a0 \u00a0 \u00a0\u00a0<span style=\"color: #000000;\">\u00a0<a href=\"https:\/\/kaiserdom.de\/hinweisgebersystem\" style=\"color: #000000;\">Hinweisgebersystem<\/a><\/span><\/p>\n<p>[\/et_pb_text][\/et_pb_column][et_pb_column type=&#8220;1_5&#8243; _builder_version=&#8220;4.4.1&#8243;][et_pb_code _builder_version=&#8220;4.4.1&#8243; width=&#8220;50%&#8220; module_alignment=&#8220;center&#8220; custom_margin=&#8220;|||13px||&#8220; custom_margin_tablet=&#8220;&#8220; custom_margin_phone=&#8220;|||135px|false|false&#8220; custom_margin_last_edited=&#8220;on|phone&#8220; custom_padding=&#8220;|||3px||&#8220; text_orientation_tablet=&#8220;&#8220; text_orientation_phone=&#8220;center&#8220; text_orientation_last_edited=&#8220;on|phone&#8220; module_alignment_tablet=&#8220;&#8220; module_alignment_phone=&#8220;center&#8220; module_alignment_last_edited=&#8220;on|phone&#8220; locked=&#8220;off&#8220;]<a href=\"https:\/\/siwecos.de\/scanned-by-siwecos?data-siwecos=kaiserdom.de\"><img src=\"https:\/\/siegel.siwecos.de\/kaiserdom.de\/d.m.y.svg\" width=\"150\" \/><\/a>[\/et_pb_code][\/et_pb_column][\/et_pb_row][\/et_pb_section]<\/p>\n","protected":false},"excerpt":{"rendered":"<p>[et_pb_section fb_built=&#8220;1&#8243; custom_padding_last_edited=&#8220;on|phone&#8220; _builder_version=&#8220;4.4.1&#8243; background_image=&#8220;https:\/\/kaiserdom.de\/wp-content\/uploads\/2020\/07\/HP_Brauerei-1.jpg&#8220; min_height=&#8220;100px&#8220; min_height_tablet=&#8220;&#8220; min_height_phone=&#8220;170px&#8220; min_height_last_edited=&#8220;on|phone&#8220; height=&#8220;100px&#8220; height_tablet=&#8220;270px&#8220; height_phone=&#8220;1000px&#8220; height_last_edited=&#8220;on|phone&#8220; max_height=&#8220;100px&#8220; max_height_tablet=&#8220;1000px&#8220; max_height_phone=&#8220;200px&#8220; max_height_last_edited=&#8220;on|phone&#8220; custom_padding=&#8220;||623px|||&#8220; custom_padding_tablet=&#8220;||100px||false|false&#8220; custom_padding_phone=&#8220;||60px||false|false&#8220;][\/et_pb_section][et_pb_section fb_built=&#8220;1&#8243; _builder_version=&#8220;4.4.1&#8243; background_color=&#8220;rgba(0,0,0,0)&#8220; background_enable_image=&#8220;off&#8220; width_tablet=&#8220;&#8220; width_phone=&#8220;100%&#8220; width_last_edited=&#8220;on|phone&#8220; max_width_tablet=&#8220;&#8220; max_width_phone=&#8220;100%&#8220; max_width_last_edited=&#8220;on|phone&#8220; custom_margin=&#8220;||-163px|||&#8220; custom_padding=&#8220;0px||98px|||&#8220; module_alignment_tablet=&#8220;&#8220; module_alignment_phone=&#8220;center&#8220; module_alignment_last_edited=&#8220;on|phone&#8220;][et_pb_row _builder_version=&#8220;4.4.1&#8243;][et_pb_column type=&#8220;4_4&#8243; _builder_version=&#8220;4.4.1&#8243;][et_pb_text _builder_version=&#8220;4.4.1&#8243; text_font=&#8220;Casad||||||||&#8220; text_font_size=&#8220;30px&#8220; custom_margin=&#8220;11px||17px|||&#8220; custom_margin_tablet=&#8220;&#8220; custom_margin_phone=&#8220;10px||7px||false|false&#8220; custom_margin_last_edited=&#8220;on|phone&#8220;] Brauerei [\/et_pb_text][\/et_pb_column][\/et_pb_row][et_pb_row column_structure=&#8220;1_2,1_2&#8243; custom_padding_last_edited=&#8220;on|phone&#8220; module_class=&#8220;brewery-row brewery-row-alt&#8220; _builder_version=&#8220;4.4.1&#8243; width=&#8220;57%&#8220; width_tablet=&#8220;100%&#8220; width_phone=&#8220;90%&#8220; [&hellip;]<\/p>\n","protected":false},"author":1,"featured_media":0,"parent":0,"menu_order":0,"comment_status":"closed","ping_status":"closed","template":"","meta":{"_et_pb_use_builder":"on","_et_pb_old_content":"","_et_gb_content_width":"","_lmt_disableupdate":"","_lmt_disable":"","_monsterinsights_skip_tracking":false,"_monsterinsights_sitenote_active":false,"_monsterinsights_sitenote_note":"","_monsterinsights_sitenote_category":0},"aioseo_notices":[],"_links":{"self":[{"href":"https:\/\/kaiserdom.de\/en\/wp-json\/wp\/v2\/pages\/699"}],"collection":[{"href":"https:\/\/kaiserdom.de\/en\/wp-json\/wp\/v2\/pages"}],"about":[{"href":"https:\/\/kaiserdom.de\/en\/wp-json\/wp\/v2\/types\/page"}],"author":[{"embeddable":true,"href":"https:\/\/kaiserdom.de\/en\/wp-json\/wp\/v2\/users\/1"}],"replies":[{"embeddable":true,"href":"https:\/\/kaiserdom.de\/en\/wp-json\/wp\/v2\/comments?post=699"}],"version-history":[{"count":24,"href":"https:\/\/kaiserdom.de\/en\/wp-json\/wp\/v2\/pages\/699\/revisions"}],"predecessor-version":[{"id":9949,"href":"https:\/\/kaiserdom.de\/en\/wp-json\/wp\/v2\/pages\/699\/revisions\/9949"}],"wp:attachment":[{"href":"https:\/\/kaiserdom.de\/en\/wp-json\/wp\/v2\/media?parent=699"}],"curies":[{"name":"wp","href":"https:\/\/api.w.org\/{rel}","templated":true}]}}