{"id":6160,"date":"2021-05-31T12:35:20","date_gmt":"2021-05-31T12:35:20","guid":{"rendered":"https:\/\/kaiserdom.de\/?page_id=6160"},"modified":"2021-06-23T14:56:18","modified_gmt":"2021-06-23T14:56:18","slug":"kasten-holen-kultur-belohnen","status":"publish","type":"page","link":"https:\/\/kaiserdom.de\/en\/kasten-holen-kultur-belohnen","title":{"rendered":"Kasten holen &#8211; Kultur belohnen"},"content":{"rendered":"<p>[et_pb_section fb_built=&#8220;1&#8243; admin_label=&#8220;Services&#8220; _builder_version=&#8220;3.22&#8243; custom_margin=&#8220;||-57px|||&#8220;][et_pb_row _builder_version=&#8220;4.4.1&#8243; min_height=&#8220;12px&#8220; custom_padding=&#8220;5px||9px|||&#8220;][et_pb_column type=&#8220;4_4&#8243; _builder_version=&#8220;4.4.1&#8243;][et_pb_text _builder_version=&#8220;4.4.1&#8243; link_option_url=&#8220;https:\/\/kaiserdom.de\/aktuelles&#8220;]<\/p>\n<p><a href=\"https:\/\/kaiserdom.de\/aktuelles\"><span style=\"color: #008000;\"><\/span><span style=\"color: #162e72;\"><\/span><span style=\"color: #162e72;\"><strong>&lt; Aktuelles<\/strong><\/span><\/a><\/p>\n<p>[\/et_pb_text][\/et_pb_column][\/et_pb_row][\/et_pb_section][et_pb_section fb_built=&#8220;1&#8243; admin_label=&#8220;My Approach&#8220; _builder_version=&#8220;3.22&#8243; custom_padding=&#8220;5px|||||&#8220;][et_pb_row column_structure=&#8220;2_5,3_5&#8243; _builder_version=&#8220;4.4.1&#8243; custom_padding=&#8220;7px|||||&#8220;][et_pb_column type=&#8220;2_5&#8243; _builder_version=&#8220;4.4.1&#8243;][et_pb_image src=&#8220;https:\/\/kaiserdom.de\/wp-content\/uploads\/2021\/05\/Scheckuebergabe_Kulturoffensive_900px-1.jpg&#8220; _builder_version=&#8220;4.4.1&#8243; custom_margin=&#8220;|-2px||||&#8220; custom_padding=&#8220;|6px||||&#8220;][\/et_pb_image][\/et_pb_column][et_pb_column type=&#8220;3_5&#8243; _builder_version=&#8220;4.4.1&#8243;][et_pb_text _builder_version=&#8220;4.4.1&#8243; text_font=&#8220;||||||||&#8220; text_font_size=&#8220;16px&#8220; text_line_height=&#8220;1.9em&#8220; header_font=&#8220;||||||||&#8220; header_3_font=&#8220;Lato|700|||||||&#8220; header_3_font_size=&#8220;24px&#8220; header_3_line_height=&#8220;1.5em&#8220; header_4_font=&#8220;Lato|700|||||||&#8220; header_4_text_color=&#8220;#3550a0&#8243; header_4_font_size=&#8220;16px&#8220; header_4_line_height=&#8220;1.5em&#8220; width=&#8220;100%&#8220; max_width=&#8220;891px&#8220; custom_margin=&#8220;|1px|-1px|-1px||&#8220; custom_padding=&#8220;|12px|3px|0px||&#8220; hover_enabled=&#8220;0&#8243; header_3_font_size_tablet=&#8220;&#8220; header_3_font_size_phone=&#8220;20px&#8220; header_3_font_size_last_edited=&#8220;on|phone&#8220;]<\/p>\n<h3>Kasten holen, Kultur belohnen<\/h3>\n<p>Bereits die erste Aktion zu Beginn des Lockdowns im Winter 2020 war ein gro\u00dfer und wichtiger Erfolg f\u00fcr die Kultur! Hierf\u00fcr ein\u00a0<strong>riesiges Dankesch\u00f6n an alle<\/strong>, die unser gutes Kaiserdom-Bier genossen und damit gleichzeitig<strong>\u00a0den Bamberger Kulturschaffenden\u00a0Gutes getan haben!<\/strong><\/p>\n<p><strong>Wie funktionierts?<\/strong> Ganz einfach: <strong>f\u00fcr jeden gekauften Kasten Kaiserdom-Bier spenden wir 2\u20ac an die regionale Kulturszene<\/strong>,\u00a0egal ob 0,33l oder 0,5l, mit oder ohne Alkohol, sogar einzelne Flaschen werden anteilig mit gerechnet. Das Ganze geschieht ohne jeglichen Zusatz-Aufwand f\u00fcr Sie, es m\u00fcssen keine Kassenzettel oder \u00e4hnliches eingesendet werden.<\/p>\n<p>F\u00fcr die Verteilung arbeiten wir mit einer unabh\u00e4ngigen Jury zusammen.<br \/> Einen Teil der Aussch\u00fcttung kam dem <strong>Verein Bamberger Festivals e.V.<\/strong> zugute, der seine Mitglieder aktiv bei der Verwirklichung ihrer Projekte und Veranstaltungen unterst\u00fctzt. Aktuell hat er \u00fcber 50 Mitglieder aus unterschiedlichen Musikrichtungen von Rock, Pop, \u00fcber Punk bis Techno.<br \/> Die <strong>Spende \u00fcber 1.000 \u20ac<\/strong> wird f\u00fcr das geplante Kulturfestival und das Wild Tunes Festival Anfang Juli auf der Bamberger Jahnwiese eingesetzt werden.<\/p>\n<p><strong>Seid ihr selbst K\u00fcnstler<\/strong> oder arbeitet f\u00fcr Projekte, die dringend eine Finanzspritze ben\u00f6tigen? <strong>Dann bewerbt euch einfach<\/strong> unter: <em>kulturoffensive@kaiserdom.de<\/em><br \/> <strong>Also ran an unser gutes Bier und helft unserer Kultur so bunt zu bleiben wie bisher!<\/strong><\/p>\n<p>[\/et_pb_text][\/et_pb_column][\/et_pb_row][\/et_pb_section]<\/p>\n","protected":false},"excerpt":{"rendered":"<p>[et_pb_section fb_built=&#8220;1&#8243; admin_label=&#8220;Services&#8220; _builder_version=&#8220;3.22&#8243; custom_margin=&#8220;||-57px|||&#8220;][et_pb_row _builder_version=&#8220;4.4.1&#8243; min_height=&#8220;12px&#8220; custom_padding=&#8220;5px||9px|||&#8220;][et_pb_column type=&#8220;4_4&#8243; _builder_version=&#8220;4.4.1&#8243;][et_pb_text _builder_version=&#8220;4.4.1&#8243; link_option_url=&#8220;https:\/\/kaiserdom.de\/aktuelles&#8220;] &lt; Aktuelles [\/et_pb_text][\/et_pb_column][\/et_pb_row][\/et_pb_section][et_pb_section fb_built=&#8220;1&#8243; admin_label=&#8220;My Approach&#8220; _builder_version=&#8220;3.22&#8243; custom_padding=&#8220;5px|||||&#8220;][et_pb_row column_structure=&#8220;2_5,3_5&#8243; _builder_version=&#8220;4.4.1&#8243; custom_padding=&#8220;7px|||||&#8220;][et_pb_column type=&#8220;2_5&#8243; _builder_version=&#8220;4.4.1&#8243;][et_pb_image src=&#8220;https:\/\/kaiserdom.de\/wp-content\/uploads\/2021\/05\/Scheckuebergabe_Kulturoffensive_900px-1.jpg&#8220; _builder_version=&#8220;4.4.1&#8243; custom_margin=&#8220;|-2px||||&#8220; custom_padding=&#8220;|6px||||&#8220;][\/et_pb_image][\/et_pb_column][et_pb_column type=&#8220;3_5&#8243; _builder_version=&#8220;4.4.1&#8243;][et_pb_text _builder_version=&#8220;4.4.1&#8243; text_font=&#8220;||||||||&#8220; text_font_size=&#8220;16px&#8220; text_line_height=&#8220;1.9em&#8220; header_font=&#8220;||||||||&#8220; header_3_font=&#8220;Lato|700|||||||&#8220; header_3_font_size=&#8220;24px&#8220; header_3_line_height=&#8220;1.5em&#8220; header_4_font=&#8220;Lato|700|||||||&#8220; header_4_text_color=&#8220;#3550a0&#8243; header_4_font_size=&#8220;16px&#8220; header_4_line_height=&#8220;1.5em&#8220; width=&#8220;100%&#8220; max_width=&#8220;891px&#8220; custom_margin=&#8220;|1px|-1px|-1px||&#8220; custom_padding=&#8220;|12px|3px|0px||&#8220; hover_enabled=&#8220;0&#8243; header_3_font_size_tablet=&#8220;&#8220; header_3_font_size_phone=&#8220;20px&#8220; header_3_font_size_last_edited=&#8220;on|phone&#8220;] Kasten holen, Kultur belohnen [&hellip;]<\/p>\n","protected":false},"author":2,"featured_media":0,"parent":0,"menu_order":0,"comment_status":"closed","ping_status":"closed","template":"","meta":{"_et_pb_use_builder":"on","_et_pb_old_content":"","_et_gb_content_width":"","_lmt_disableupdate":"no","_lmt_disable":"","_monsterinsights_skip_tracking":false,"_monsterinsights_sitenote_active":false,"_monsterinsights_sitenote_note":"","_monsterinsights_sitenote_category":0},"aioseo_notices":[],"_links":{"self":[{"href":"https:\/\/kaiserdom.de\/en\/wp-json\/wp\/v2\/pages\/6160"}],"collection":[{"href":"https:\/\/kaiserdom.de\/en\/wp-json\/wp\/v2\/pages"}],"about":[{"href":"https:\/\/kaiserdom.de\/en\/wp-json\/wp\/v2\/types\/page"}],"author":[{"embeddable":true,"href":"https:\/\/kaiserdom.de\/en\/wp-json\/wp\/v2\/users\/2"}],"replies":[{"embeddable":true,"href":"https:\/\/kaiserdom.de\/en\/wp-json\/wp\/v2\/comments?post=6160"}],"version-history":[{"count":13,"href":"https:\/\/kaiserdom.de\/en\/wp-json\/wp\/v2\/pages\/6160\/revisions"}],"predecessor-version":[{"id":6245,"href":"https:\/\/kaiserdom.de\/en\/wp-json\/wp\/v2\/pages\/6160\/revisions\/6245"}],"wp:attachment":[{"href":"https:\/\/kaiserdom.de\/en\/wp-json\/wp\/v2\/media?parent=6160"}],"curies":[{"name":"wp","href":"https:\/\/api.w.org\/{rel}","templated":true}]}}