{"id":5594,"date":"2021-01-27T16:07:22","date_gmt":"2021-01-27T16:07:22","guid":{"rendered":"https:\/\/kaiserdom.de\/?page_id=5594"},"modified":"2026-05-06T09:08:14","modified_gmt":"2026-05-06T09:08:14","slug":"staplerfahrer-m-w-d","status":"publish","type":"page","link":"https:\/\/kaiserdom.de\/en\/staplerfahrer-m-w-d","title":{"rendered":"Staplerfahrer (m\/w\/d)"},"content":{"rendered":"<p>[et_pb_section fb_built=&#8220;1&#8243; _builder_version=&#8220;4.4.1&#8243; background_color=&#8220;rgba(0,0,0,0)&#8220; background_enable_image=&#8220;off&#8220; custom_margin=&#8220;||-163px|||&#8220; custom_padding=&#8220;44px||170px|||&#8220;][et_pb_row _builder_version=&#8220;4.4.1&#8243;][et_pb_column type=&#8220;4_4&#8243; _builder_version=&#8220;4.4.1&#8243;][et_pb_text _builder_version=&#8220;4.4.1&#8243; text_font=&#8220;Casad||||||||&#8220; text_text_color=&#8220;#00346f&#8220; text_font_size=&#8220;16px&#8220; link_option_url=&#8220;https:\/\/kaiserdom.de\/karriere&#8220;]<\/p>\n<p><strong>&lt; Karriere<\/strong><\/p>\n<p>[\/et_pb_text][\/et_pb_column][\/et_pb_row][et_pb_row _builder_version=&#8220;4.4.1&#8243; width=&#8220;56.8%&#8220; width_tablet=&#8220;100%&#8220; width_phone=&#8220;&#8220; width_last_edited=&#8220;on|tablet&#8220; max_width=&#8220;90%&#8220; custom_margin=&#8220;-9px|auto|32px|auto||&#8220; custom_padding=&#8220;6px||31px|||&#8220; custom_css_main_element=&#8220;\/* default fallback *\/||background: rgb(255, 255, 255) transparent;||\/* nice browsers *\/||background: rgba(255, 255, 255, 0.4);&#8220;][et_pb_column type=&#8220;4_4&#8243; _builder_version=&#8220;4.4.1&#8243;][et_pb_text content_tablet=&#8220;<\/p>\n<div class=%22ge-year%22 style=%22text-align: center;%22>\n<p><span style=%22color: #000000;%22><strong><\/strong><\/span><\/p>\n<p><span style=%22color: #000000;%22><strong><\/strong><\/span><\/p>\n<h3 style=%22text-align: left;%22><span style=%22color: #000000;%22>Staplerfahrer (m\/w\/d)<\/span><\/h3>\n<p style=%22text-align: left;%22><span style=%22color: #000000;%22> <\/span><\/p>\n<p style=%22text-align: left;%22><span style=%22color: #000000;%22><strong>Das erwartet dich!<\/strong><\/span><\/p>\n<ul style=%22text-align: left;%22>\n<li><span style=%22color: #000000;%22>Be- und Entladung von LKW mit Voll- und Leergut unter Beachtung der Ladesicherungsvorschriften<\/span><\/li>\n<li><span style=%22color: #000000;%22>Best\u00fcckung von Produktionslinien und Transport zum Lagerort bei Einhaltung vom FIFO-Prinzip<\/span><\/li>\n<li><span style=%22color: #000000;%22>Annahme von Materialanlieferung und Kontrolle derselben auf Menge und Qualit\u00e4t<\/span><\/li>\n<li><span style=%22color: #000000;%22>Bereitstellung von Kommissionierung und Vollpaletten anhand unserer Onlinekommissionierung\/Scanner<\/span><\/li>\n<li><span style=%22color: #000000;%22>Konsequente Einhaltung der geltenden Qualit\u00e4ts- und Sicherheitsvorschriften<\/span><\/li>\n<li><span style=%22color: #000000;%22>Pflege und in Ordnung halten der Flurf\u00f6rderfahrzeuge und des Lagers<\/span><\/li>\n<\/ul>\n<p style=%22text-align: left;%22><span style=%22color: #000000;%22> <\/span><\/p>\n<p style=%22text-align: left;%22><span style=%22color: #000000;%22><strong>Zeig uns, was dich auszeichnet!<\/strong><\/span><\/p>\n<ul style=%22text-align: left;%22>\n<li><span style=%22color: #000000;%22>Idealerweise Branchenerfahrung<\/span><\/li>\n<li><span style=%22color: #000000;%22>Fahrausweis f\u00fcr Flurf\u00f6rderfahrzeuge (Gabelstaplerschein) und Erfahrung mit Zweifachklammern (4 Zinken)<\/span><\/li>\n<li><span style=%22color: #000000;%22>Hohes Ma\u00df an Flexibilit\u00e4t, Zuverl\u00e4ssigkeit, Teamf\u00e4higkeit sowie verantwortungsbewusste und selbstst\u00e4ndige Arbeitsweise<\/span><\/li>\n<li><span style=%22color: #000000;%22>Sehr gute Deutschkenntnisse in Wort und Schrift<\/span><\/li>\n<li><span style=%22color: #000000;%22>Bereitschaft zur Arbeit im Schichtbetrieb<\/span><\/li>\n<\/ul>\n<p style=%22text-align: left;%22><span style=%22color: #000000;%22> <\/span><\/p>\n<p style=%22text-align: left;%22><span style=%22color: #000000;%22><strong>Wir haben viel zu bieten!<\/strong><\/span><\/p>\n<ul style=%22text-align: left;%22>\n<li>Ein sicherer Arbeitsplatz in einer modernen Brauerei mit top Technik<\/li>\n<li>Flache Hierarchien, kurze Wege und ein Team, das zusammenh\u00e4lt<\/li>\n<li><span>Attraktive Sonderleistungen und eine faire Bezahlung<\/span><\/li>\n<li><span>78 Liter Haustrunk im Monat sowie weitere umfangreiche Sozilaleistungen und attraktive Mitarbeiterrabatte<\/span><\/li>\n<\/ul>\n<p style=%22text-align: left;%22><span><strong>Benefits, die \u00fcberzeugen!<\/strong><\/span><\/p>\n<p style=%22text-align: left;%22><span>\u00bb Antrittspr\u00e4mie<br \/> \u00bb Unterst\u00fctzung bei stellenbedingtem Umzug<\/span><br \/> \u00bb Zuschuss zu verm\u00f6genswirk. Leistungen<br \/> \u00bb Jahressonderzahlung<br \/> \u00bb Betriebliche Altersvorsorge<br \/> \u00bb Betriebliche Krankenzusatzversicherung<br \/> \u00bb 78 Liter Haustrunk im Monat<br \/> \u00bb Gourmet-Card (Gastro-Geldwertkarte mit monatlicher Aufladung)<br \/> \u00bb Gesundheitsbonus<br \/> \u00bb Kooperation mit JobRad<br \/> \u00bb Corporate Benefits<br \/> \u00bb Kostenfreies Laden von E-Auto\/E-Bike w\u00e4hrend der Arbeitszeit<\/p>\n<p style=%22text-align: left;%22><span style=%22color: #000000;%22> <\/span><\/p>\n<p style=%22text-align: left;%22><span style=%22text-decoration: underline;%22><span style=%22color: #000000;%22><a href=%22https:\/\/kaiserdom.de\/wp-content\/uploads\/2026\/05\/Anzeige_Staplerfahrer_2026-1.pdf%22 data-et-target-link=%22_blank%22 rel=%22noopener noreferrer%22 style=%22color: #00346f; text-decoration: underline;%22>Download als PDF<\/a><\/span><\/span><\/p>\n<p style=%22text-align: left;%22><span style=%22color: #000000;%22><\/span><\/p>\n<p style=%22color: #000;%22><span><strong>Durst geweckt? Dann werde Teil unserer Brauereifamilie!<\/strong><\/span><\/p>\n<p style=%22color: #000;%22><span>Wir freuen uns auf deine Bewerbung mit Lebenslauf und einem kurzen Vorstellungstext.<br \/> Mail: <\/span><span><span style=%22text-decoration: underline;%22><span style=%22color: #000000; text-decoration: underline;%22><a href=%22mailto:bewerbungen@kaiserdom.de%22 data-et-target-link=%22_blank%22 rel=%22noopener noreferrer%22 style=%22color: #00346f; text-decoration: underline;%22>bewerbungen@kaiserdom.de<br \/> <\/a><\/span><\/span><\/span><\/p>\n<p style=%22color: #000;%22><span>Dein Ansprechpartner: Herr Stephan Schilling<\/span><\/p>\n<\/div>\n<p>&#8220; content_phone=&#8220;<\/p>\n<div class=%22ge-year%22 style=%22text-align: center;%22>\n<p><span style=%22color: #000000;%22><strong><\/strong><\/span><\/p>\n<p><span style=%22color: #000000;%22><strong><\/strong><\/span><\/p>\n<h3 style=%22text-align: left;%22><span style=%22color: #000000;%22>Staplerfahrer (m\/w\/d)<\/span><\/h3>\n<p style=%22text-align: left;%22><span style=%22color: #000000;%22> <\/span><\/p>\n<p style=%22text-align: left;%22><span style=%22color: #000000;%22><strong>Das erwartet dich!<\/strong><\/span><\/p>\n<ul style=%22text-align: left;%22>\n<li><span style=%22color: #000000;%22>Be- und Entladung von LKW mit Voll- und Leergut unter Beachtung der Ladesicherungsvorschriften<\/span><\/li>\n<li><span style=%22color: #000000;%22>Best\u00fcckung von Produktionslinien und Transport zum Lagerort bei Einhaltung vom FIFO-Prinzip<\/span><\/li>\n<li><span style=%22color: #000000;%22>Annahme von Materialanlieferung und Kontrolle derselben auf Menge und Qualit\u00e4t<\/span><\/li>\n<li><span style=%22color: #000000;%22>Bereitstellung von Kommissionierung und Vollpaletten anhand unserer Onlinekommissionierung\/Scanner<\/span><\/li>\n<li><span style=%22color: #000000;%22>Konsequente Einhaltung der geltenden Qualit\u00e4ts- und Sicherheitsvorschriften<\/span><\/li>\n<li><span style=%22color: #000000;%22>Pflege und in Ordnung halten der Flurf\u00f6rderfahrzeuge und des Lagers<\/span><\/li>\n<\/ul>\n<p style=%22text-align: left;%22><span style=%22color: #000000;%22> <\/span><\/p>\n<p style=%22text-align: left;%22><span style=%22color: #000000;%22><strong>Zeig uns, was dich auszeichnet!<\/strong><\/span><\/p>\n<ul style=%22text-align: left;%22>\n<li><span style=%22color: #000000;%22>Idealerweise Branchenerfahrung<\/span><\/li>\n<li><span style=%22color: #000000;%22>Fahrausweis f\u00fcr Flurf\u00f6rderfahrzeuge (Gabelstaplerschein) und Erfahrung mit Zweifachklammern (4 Zinken)<\/span><\/li>\n<li><span style=%22color: #000000;%22>Hohes Ma\u00df an Flexibilit\u00e4t, Zuverl\u00e4ssigkeit, Teamf\u00e4higkeit sowie verantwortungsbewusste und selbstst\u00e4ndige Arbeitsweise<\/span><\/li>\n<li><span style=%22color: #000000;%22>Sehr gute Deutschkenntnisse in Wort und Schrift<\/span><\/li>\n<li><span style=%22color: #000000;%22>Bereitschaft zur Arbeit im Schichtbetrieb<\/span><\/li>\n<\/ul>\n<p style=%22text-align: left;%22><span style=%22color: #000000;%22> <\/span><\/p>\n<p style=%22text-align: left;%22><span style=%22color: #000000;%22><strong>Wir haben viel zu bieten!<\/strong><\/span><\/p>\n<ul style=%22text-align: left;%22>\n<li>Ein sicherer Arbeitsplatz in einer modernen Brauerei mit top Technik<\/li>\n<li>Flache Hierarchien, kurze Wege und ein Team, das zusammenh\u00e4lt<\/li>\n<li><span>Attraktive Sonderleistungen und eine faire Bezahlung<\/span><\/li>\n<li><span>78 Liter Haustrunk im Monat sowie weitere umfangreiche Sozilaleistungen und attraktive Mitarbeiterrabatte<\/span><\/li>\n<\/ul>\n<p style=%22text-align: left;%22><span><strong>Benefits, die \u00fcberzeugen!<\/strong><\/span><\/p>\n<p style=%22text-align: left;%22><span>\u00bb Antrittspr\u00e4mie<br \/> \u00bb Unterst\u00fctzung bei stellenbedingtem Umzug<\/span><br \/> \u00bb Zuschuss zu verm\u00f6genswirk. Leistungen<br \/> \u00bb Jahressonderzahlung<br \/> \u00bb Betriebliche Altersvorsorge<br \/> \u00bb Betriebliche Krankenzusatzversicherung<br \/> \u00bb 78 Liter Haustrunk im Monat<br \/> \u00bb Gourmet-Card (Gastro-Geldwertkarte mit monatlicher Aufladung)<br \/> \u00bb Gesundheitsbonus<br \/> \u00bb Kooperation mit JobRad<br \/> \u00bb Corporate Benefits<br \/> \u00bb Kostenfreies Laden von E-Auto\/E-Bike w\u00e4hrend der Arbeitszeit<\/p>\n<p style=%22text-align: left;%22><span style=%22color: #000000;%22> <\/span><\/p>\n<p style=%22text-align: left;%22><span style=%22text-decoration: underline;%22><span style=%22color: #000000;%22><a href=%22https:\/\/kaiserdom.de\/wp-content\/uploads\/2026\/05\/Anzeige_Staplerfahrer_2026-1.pdf%22 data-et-target-link=%22_blank%22 rel=%22noopener noreferrer%22 style=%22color: #00346f; text-decoration: underline;%22>Download als PDF<\/a><\/span><\/span><\/p>\n<p style=%22text-align: left;%22><span style=%22color: #000000;%22><\/span><\/p>\n<p style=%22color: #000;%22><span><strong>Durst geweckt? Dann werde Teil unserer Brauereifamilie!<\/strong><\/span><\/p>\n<p style=%22color: #000;%22><span>Wir freuen uns auf deine Bewerbung mit Lebenslauf und einem kurzen Vorstellungstext.<br \/> Mail: <\/span><span><span style=%22text-decoration: underline;%22><span style=%22color: #000000; text-decoration: underline;%22><a href=%22mailto:bewerbungen@kaiserdom.de%22 data-et-target-link=%22_blank%22 rel=%22noopener noreferrer%22 style=%22color: #00346f; text-decoration: underline;%22>bewerbungen@kaiserdom.de<br \/> <\/a><\/span><\/span><\/span><\/p>\n<p style=%22color: #000;%22><span>Dein Ansprechpartner: Herr Stephan Schilling<\/span><\/p>\n<\/div>\n<p>&#8220; content_last_edited=&#8220;on|phone&#8220; _builder_version=&#8220;4.4.1&#8243; text_font=&#8220;Open Sans||||||||&#8220; width_tablet=&#8220;&#8220; width_phone=&#8220;80%&#8220; width_last_edited=&#8220;on|phone&#8220; custom_margin=&#8220;2px||33px|||&#8220; custom_margin_tablet=&#8220;&#8220; custom_margin_phone=&#8220;auto|auto|auto|auto|false|false&#8220; custom_margin_last_edited=&#8220;on|phone&#8220; custom_padding=&#8220;45px|90px||89px||&#8220; custom_padding_tablet=&#8220;&#8220; custom_padding_phone=&#8220;20px|0px|0px|0px|false|false&#8220; custom_padding_last_edited=&#8220;on|phone&#8220; hover_enabled=&#8220;0&#8243;]<\/p>\n<div class=\"ge-year\" style=\"text-align: center;\">\n<p><span style=\"color: #000000;\"><strong><\/strong><\/span><\/p>\n<p><span style=\"color: #000000;\"><strong><\/strong><\/span><\/p>\n<h3 style=\"text-align: left;\"><span style=\"color: #000000;\">Staplerfahrer (m\/w\/d)<\/span><\/h3>\n<p style=\"text-align: left;\"><span style=\"color: #000000;\">\u00a0<\/span><\/p>\n<p style=\"text-align: left;\"><span style=\"color: #000000;\"><strong>Das erwartet dich!<\/strong><\/span><\/p>\n<ul style=\"text-align: left;\">\n<li><span style=\"color: #000000;\">Be- und Entladung von LKW mit Voll- und Leergut unter Beachtung der Ladesicherungsvorschriften<\/span><\/li>\n<li><span style=\"color: #000000;\">Best\u00fcckung von Produktionslinien und Transport zum Lagerort bei Einhaltung vom FIFO-Prinzip<\/span><\/li>\n<li><span style=\"color: #000000;\">Annahme von Materialanlieferung und Kontrolle derselben auf Menge und Qualit\u00e4t<\/span><\/li>\n<li><span style=\"color: #000000;\">Bereitstellung von Kommissionierung und Vollpaletten anhand unserer Onlinekommissionierung\/Scanner<\/span><\/li>\n<li><span style=\"color: #000000;\">Konsequente Einhaltung der geltenden Qualit\u00e4ts- und Sicherheitsvorschriften<\/span><\/li>\n<li><span style=\"color: #000000;\">Pflege und in Ordnung halten der Flurf\u00f6rderfahrzeuge und des Lagers<\/span><\/li>\n<\/ul>\n<p style=\"text-align: left;\"><span style=\"color: #000000;\">\u00a0<\/span><\/p>\n<p style=\"text-align: left;\"><span style=\"color: #000000;\"><strong>Zeig uns, was dich auszeichnet!<\/strong><\/span><\/p>\n<ul style=\"text-align: left;\">\n<li><span style=\"color: #000000;\">Idealerweise Branchenerfahrung<\/span><\/li>\n<li><span style=\"color: #000000;\">Fahrausweis f\u00fcr Flurf\u00f6rderfahrzeuge (Gabelstaplerschein) und Erfahrung mit Zweifachklammern (4 Zinken)<\/span><\/li>\n<li><span style=\"color: #000000;\">Hohes Ma\u00df an Flexibilit\u00e4t, Zuverl\u00e4ssigkeit, Teamf\u00e4higkeit sowie verantwortungsbewusste und selbstst\u00e4ndige Arbeitsweise<\/span><\/li>\n<li><span style=\"color: #000000;\">Sehr gute Deutschkenntnisse in Wort und Schrift<\/span><\/li>\n<li><span style=\"color: #000000;\">Bereitschaft zur Arbeit im Schichtbetrieb<\/span><\/li>\n<\/ul>\n<p style=\"text-align: left;\"><span style=\"color: #000000;\">\u00a0<\/span><\/p>\n<p style=\"text-align: left;\"><span style=\"color: #000000;\"><strong>Wir haben viel zu bieten!<\/strong><\/span><\/p>\n<ul style=\"text-align: left;\">\n<li>Ein sicherer Arbeitsplatz in einer modernen Brauerei mit top Technik<\/li>\n<li>Flache Hierarchien, kurze Wege und ein Team, das zusammenh\u00e4lt<\/li>\n<li><span>Attraktive Sonderleistungen und eine faire Bezahlung<\/span><\/li>\n<li><span>78 Liter Haustrunk im Monat sowie weitere umfangreiche Sozilaleistungen und attraktive Mitarbeiterrabatte<\/span><\/li>\n<\/ul>\n<p style=\"text-align: left;\"><span><strong>Benefits, die \u00fcberzeugen!<\/strong><\/span><\/p>\n<p style=\"text-align: left;\"><span>\u00bb Antrittspr\u00e4mie<br \/> \u00bb Unterst\u00fctzung bei stellenbedingtem Umzug<\/span><br \/> \u00bb Zuschuss zu verm\u00f6genswirk. Leistungen<br \/> \u00bb Jahressonderzahlung<br \/> \u00bb\u00a0Betriebliche Altersvorsorge<br \/> \u00bb\u00a0Betriebliche Krankenzusatzversicherung<br \/> \u00bb\u00a078 Liter Haustrunk im Monat<br \/> \u00bb\u00a0Gourmet-Card (Gastro-Geldwertkarte mit monatlicher Aufladung)<br \/> \u00bb\u00a0Gesundheitsbonus<br \/> \u00bb Kooperation mit JobRad<br \/> \u00bb Corporate Benefits<br \/> \u00bb Kostenfreies Laden von E-Auto\/E-Bike w\u00e4hrend der Arbeitszeit<\/p>\n<p style=\"text-align: left;\"><span style=\"color: #000000;\">\u00a0<\/span><\/p>\n<p style=\"text-align: left;\"><span style=\"text-decoration: underline;\"><span style=\"color: #000000;\"><a href=\"https:\/\/kaiserdom.de\/wp-content\/uploads\/2026\/05\/Anzeige_Staplerfahrer_2026-1.pdf\" target=\"_blank\" rel=\"noopener noreferrer\" style=\"color: #00346f; text-decoration: underline;\">Download als PDF<\/a><\/span><\/span><\/p>\n<p style=\"text-align: left;\"><span style=\"color: #000000;\"><\/span><\/p>\n<p style=\"color: #000;\"><span><strong>Durst geweckt? Dann werde Teil unserer Brauereifamilie!<\/strong><\/span><\/p>\n<p style=\"color: #000;\"><span>Wir freuen uns auf deine Bewerbung mit Lebenslauf und einem kurzen Vorstellungstext.<br \/> Mail:\u00a0<\/span><span><span style=\"text-decoration: underline;\"><span style=\"color: #000000; text-decoration: underline;\"><a href=\"mailto:bewerbungen@kaiserdom.de\" target=\"_blank\" rel=\"noopener noreferrer\" style=\"color: #00346f; text-decoration: underline;\">bewerbungen@kaiserdom.de<br \/> <\/a><\/span><\/span><\/span><\/p>\n<p style=\"color: #000;\"><span>Dein Ansprechpartner: Herr Stephan Schilling<\/span><\/p>\n<\/div>\n<p>[\/et_pb_text][\/et_pb_column][\/et_pb_row][\/et_pb_section][et_pb_section fb_built=&#8220;1&#8243; _builder_version=&#8220;4.4.1&#8243; background_color=&#8220;#d6d6d6&#8243; min_height=&#8220;228px&#8220; custom_margin=&#8220;0px||||false|false&#8220; custom_padding=&#8220;5px||0px|||&#8220;][et_pb_row column_structure=&#8220;1_3,1_3,1_3&#8243; use_custom_gutter=&#8220;on&#8220; gutter_width=&#8220;2&#8243; _builder_version=&#8220;4.4.1&#8243; width=&#8220;70%&#8220; max_width=&#8220;100%&#8220; min_height=&#8220;185px&#8220; custom_margin=&#8220;||||false|false&#8220; custom_padding=&#8220;|0px||||&#8220;][et_pb_column type=&#8220;1_3&#8243; _builder_version=&#8220;4.4.1&#8243;][et_pb_text _builder_version=&#8220;4.4.1&#8243;]<\/p>\n<h5 style=\"text-align: center;\"><span style=\"color: #000000;\">KONTAKT<\/span><\/h5>\n<div class=\"textwidget\">\n<div class=\"separator  transparent center  \" style=\"text-align: center;\"><\/div>\n<p style=\"text-align: center;\"><span style=\"color: #000000;\">Breit\u00e4ckerstr. 9<\/span><br \/> <span style=\"color: #000000;\">D-96049 Bamberg<\/span><br \/> <span style=\"color: #000000;\">Tel: +49 (0) 951 6045-0<\/span><br \/> <span style=\"color: #000000;\">Fax: +49 (0) 951 6045-60<\/span><br \/> <span style=\"color: #000000;\">info@kaiserdom.de<\/span><\/p>\n<\/div>\n<p>[\/et_pb_text][\/et_pb_column][et_pb_column type=&#8220;1_3&#8243; _builder_version=&#8220;4.4.1&#8243;][et_pb_image src=&#8220;https:\/\/kaiserdom.de\/wp-content\/uploads\/2020\/03\/KDLogo_Goldimitation-e1533220731251.png&#8220; align=&#8220;center&#8220; _builder_version=&#8220;4.4.1&#8243;][\/et_pb_image][\/et_pb_column][et_pb_column type=&#8220;1_3&#8243; _builder_version=&#8220;4.4.1&#8243;][et_pb_text _builder_version=&#8220;4.4.1&#8243;]<\/p>\n<h5 style=\"text-align: center;\"><span style=\"color: #000000;\">RECHTLICHES<\/span><\/h5>\n<div class=\"textwidget\" style=\"text-align: center;\">\n<p><a href=\"https:\/\/kaiserdom.de\/datenschutz\"><span style=\"color: #000000;\">Datenschutz<\/span><\/a><\/p>\n<div class=\"separator  transparent center  \"><\/div>\n<p><a href=\"https:\/\/kaiserdom.de\/impressum\"><span style=\"color: #000000;\">Impressum<\/span><\/a><\/p>\n<div class=\"separator  transparent center  \"><\/div>\n<p><a href=\"https:\/\/kaiserdom.de\/agb\"><span style=\"color: #000000;\">AGB<\/span><\/a><\/p>\n<\/div>\n<p>[\/et_pb_text][\/et_pb_column][\/et_pb_row][\/et_pb_section][et_pb_section fb_built=&#8220;1&#8243; custom_padding_last_edited=&#8220;on|tablet&#8220; _builder_version=&#8220;4.4.1&#8243; background_color=&#8220;#d6d6d6&#8243; custom_margin=&#8220;||||false|false&#8220; custom_padding=&#8220;10px||10px||false|false&#8220; custom_padding_tablet=&#8220;10px||50px||false|false&#8220; custom_padding_phone=&#8220;&#8220;][et_pb_row use_custom_gutter=&#8220;on&#8220; gutter_width=&#8220;2&#8243; _builder_version=&#8220;4.4.1&#8243; width=&#8220;90%&#8220; max_width=&#8220;100%&#8220; custom_margin=&#8220;||||false|false&#8220; custom_padding=&#8220;0px||0px||false|false&#8220;][et_pb_column type=&#8220;4_4&#8243; _builder_version=&#8220;4.4.1&#8243;][et_pb_text _builder_version=&#8220;4.4.1&#8243; custom_margin=&#8220;||||false|false&#8220; custom_padding_tablet=&#8220;10px||||false|false&#8220; custom_padding_phone=&#8220;&#8220; custom_padding_last_edited=&#8220;on|tablet&#8220;]<\/p>\n<p style=\"text-align: center;\"><span style=\"color: #000000;\">\u00a9 Kaiserdom Specialit\u00e4ten Brauerei GmbH Bamberg 2020<\/span><\/p>\n<p>[\/et_pb_text][\/et_pb_column][\/et_pb_row][\/et_pb_section]<\/p>\n","protected":false},"excerpt":{"rendered":"<p>[et_pb_section fb_built=&#8220;1&#8243; _builder_version=&#8220;4.4.1&#8243; background_color=&#8220;rgba(0,0,0,0)&#8220; background_enable_image=&#8220;off&#8220; custom_margin=&#8220;||-163px|||&#8220; custom_padding=&#8220;44px||170px|||&#8220;][et_pb_row _builder_version=&#8220;4.4.1&#8243;][et_pb_column type=&#8220;4_4&#8243; _builder_version=&#8220;4.4.1&#8243;][et_pb_text _builder_version=&#8220;4.4.1&#8243; text_font=&#8220;Casad||||||||&#8220; text_text_color=&#8220;#00346f&#8220; text_font_size=&#8220;16px&#8220; link_option_url=&#8220;https:\/\/kaiserdom.de\/karriere&#8220;] &lt; Karriere [\/et_pb_text][\/et_pb_column][\/et_pb_row][et_pb_row _builder_version=&#8220;4.4.1&#8243; width=&#8220;56.8%&#8220; width_tablet=&#8220;100%&#8220; width_phone=&#8220;&#8220; width_last_edited=&#8220;on|tablet&#8220; max_width=&#8220;90%&#8220; custom_margin=&#8220;-9px|auto|32px|auto||&#8220; custom_padding=&#8220;6px||31px|||&#8220; custom_css_main_element=&#8220;\/* default fallback *\/||background: rgb(255, 255, 255) transparent;||\/* nice browsers *\/||background: rgba(255, 255, 255, 0.4);&#8220;][et_pb_column type=&#8220;4_4&#8243; _builder_version=&#8220;4.4.1&#8243;][et_pb_text content_tablet=&#8220; Staplerfahrer (m\/w\/d) Das erwartet dich! Be- und Entladung von LKW mit [&hellip;]<\/p>\n","protected":false},"author":2,"featured_media":0,"parent":0,"menu_order":0,"comment_status":"closed","ping_status":"closed","template":"","meta":{"_et_pb_use_builder":"on","_et_pb_old_content":"","_et_gb_content_width":"","_lmt_disableupdate":"no","_lmt_disable":"","_monsterinsights_skip_tracking":false,"_monsterinsights_sitenote_active":false,"_monsterinsights_sitenote_note":"","_monsterinsights_sitenote_category":0},"aioseo_notices":[],"_links":{"self":[{"href":"https:\/\/kaiserdom.de\/en\/wp-json\/wp\/v2\/pages\/5594"}],"collection":[{"href":"https:\/\/kaiserdom.de\/en\/wp-json\/wp\/v2\/pages"}],"about":[{"href":"https:\/\/kaiserdom.de\/en\/wp-json\/wp\/v2\/types\/page"}],"author":[{"embeddable":true,"href":"https:\/\/kaiserdom.de\/en\/wp-json\/wp\/v2\/users\/2"}],"replies":[{"embeddable":true,"href":"https:\/\/kaiserdom.de\/en\/wp-json\/wp\/v2\/comments?post=5594"}],"version-history":[{"count":20,"href":"https:\/\/kaiserdom.de\/en\/wp-json\/wp\/v2\/pages\/5594\/revisions"}],"predecessor-version":[{"id":10398,"href":"https:\/\/kaiserdom.de\/en\/wp-json\/wp\/v2\/pages\/5594\/revisions\/10398"}],"wp:attachment":[{"href":"https:\/\/kaiserdom.de\/en\/wp-json\/wp\/v2\/media?parent=5594"}],"curies":[{"name":"wp","href":"https:\/\/api.w.org\/{rel}","templated":true}]}}