{"id":4869,"date":"2020-11-27T09:33:26","date_gmt":"2020-11-27T09:33:26","guid":{"rendered":"https:\/\/kaiserdom.de\/?page_id=4869"},"modified":"2026-04-17T06:15:16","modified_gmt":"2026-04-17T06:15:16","slug":"karriere","status":"publish","type":"page","link":"https:\/\/kaiserdom.de\/en\/karriere","title":{"rendered":"Karriere &#8211; offene Stellen"},"content":{"rendered":"<p>[et_pb_section fb_built=&#8220;1&#8243; custom_padding_last_edited=&#8220;on|phone&#8220; _builder_version=&#8220;4.4.1&#8243; background_image=&#8220;https:\/\/kaiserdom.de\/wp-content\/uploads\/2022\/07\/HP_Karriere.jpg&#8220; background_position=&#8220;center_right&#8220; min_height=&#8220;100px&#8220; min_height_tablet=&#8220;&#8220; min_height_phone=&#8220;170px&#8220; min_height_last_edited=&#8220;on|phone&#8220; height=&#8220;100px&#8220; height_tablet=&#8220;270px&#8220; height_phone=&#8220;200px&#8220; height_last_edited=&#8220;on|phone&#8220; max_height_tablet=&#8220;1000px&#8220; max_height_phone=&#8220;1000px&#8220; max_height_last_edited=&#8220;on|phone&#8220; custom_margin=&#8220;||17px|||&#8220; custom_margin_tablet=&#8220;&#8220; custom_margin_phone=&#8220;||auto||false|false&#8220; custom_margin_last_edited=&#8220;on|phone&#8220; custom_padding=&#8220;||609px|||&#8220; custom_padding_tablet=&#8220;||100px||false|false&#8220; custom_padding_phone=&#8220;||60px||false|false&#8220;][\/et_pb_section][et_pb_section fb_built=&#8220;1&#8243; _builder_version=&#8220;4.4.1&#8243; background_color=&#8220;rgba(0,0,0,0)&#8220; background_enable_image=&#8220;off&#8220; custom_margin=&#8220;||-149px|||&#8220; custom_padding=&#8220;0px||150px|||&#8220;][et_pb_row _builder_version=&#8220;4.4.1&#8243;][et_pb_column type=&#8220;4_4&#8243; _builder_version=&#8220;4.4.1&#8243;][et_pb_text _builder_version=&#8220;4.4.1&#8243; text_font=&#8220;Casad||||||||&#8220; text_font_size=&#8220;30px&#8220; custom_margin=&#8220;-6px||16px|||&#8220; custom_margin_tablet=&#8220;&#8220; custom_margin_phone=&#8220;2px||||false|false&#8220; custom_margin_last_edited=&#8220;on|phone&#8220;]<\/p>\n<p style=\"text-align: center;\"><span style=\"color: #ffffff;\">Karriere<\/span><\/p>\n<p>[\/et_pb_text][\/et_pb_column][\/et_pb_row][et_pb_row module_class=&#8220;career-row&#8220; _builder_version=&#8220;4.4.1&#8243; width=&#8220;57%&#8220; width_tablet=&#8220;100%&#8220; width_phone=&#8220;&#8220; width_last_edited=&#8220;on|tablet&#8220; max_width=&#8220;90%&#8220; custom_margin=&#8220;-9px|auto|9px|auto|false|false&#8220; custom_padding=&#8220;31px||24px|||&#8220; custom_css_main_element=&#8220;\/* default fallback *\/||background: rgb(255, 255, 255) transparent;||\/* nice browsers *\/||background: rgba(255, 255, 255, 0.4);&#8220;][et_pb_column type=&#8220;4_4&#8243; _builder_version=&#8220;4.4.1&#8243;][et_pb_text _builder_version=&#8220;4.4.1&#8243; text_font=&#8220;Open Sans||||||||&#8220; custom_margin=&#8220;2px|||||&#8220; custom_padding=&#8220;|41px||43px||&#8220;]<\/p>\n<div class=\"ge-year\" style=\"text-align: center;\">\n<p>Wir sind Kaiserdom \u2013 eine Spezialit\u00e4tenbrauerei aus Bamberg, gegr\u00fcndet im Jahr 1718 und tief verwurzelt in einer Stadt, in der Bier seit Jahrhunderten zur Identit\u00e4t geh\u00f6rt. <br \/>Seit \u00fcber 100 Jahren tragen wir als Familienunternehmen der Familie W\u00f6rner Verantwortung f\u00fcr echte Bamberger Braukultur und verbinden Tradition mit dem Anspruch, jeden Tag ein St\u00fcck Qualit\u00e4t und Heimat ins Glas zu bringen.<\/p>\n<p><span style=\"color: #000000;\">Folge uns uns auch auf <a href=\"https:\/\/www.xing.com\/pages\/kaiserdom-specialitaeten-brauerei-gmbh-bamberg\" target=\"_blank\" rel=\"noopener noreferrer\">Xing<\/a> und <a href=\"https:\/\/de.linkedin.com\/company\/kaiserdom-brauerei?trk=public_jobs_topcard_logo\" target=\"_blank\" rel=\"noopener noreferrer\">LinkedIn<\/a>.<\/span><\/p>\n<\/div>\n<p>[\/et_pb_text][\/et_pb_column][\/et_pb_row][et_pb_row column_structure=&#8220;2_5,3_5&#8243; module_class=&#8220;career-row&#8220; _builder_version=&#8220;4.4.1&#8243; width=&#8220;57%&#8220; width_tablet=&#8220;100%&#8220; width_phone=&#8220;&#8220; width_last_edited=&#8220;on|tablet&#8220; max_width=&#8220;90%&#8220; custom_margin=&#8220;-9px|auto|32px|auto||&#8220; custom_padding=&#8220;31px||24px|0px|false|false&#8220; custom_css_main_element=&#8220;\/* default fallback *\/||background: rgb(255, 255, 255) transparent;||\/* nice browsers *\/||background: rgba(255, 255, 255, 0.4);&#8220;][et_pb_column type=&#8220;2_5&#8243; _builder_version=&#8220;4.4.1&#8243;][et_pb_text _builder_version=&#8220;4.4.1&#8243; text_font=&#8220;Open Sans||||||||&#8220; custom_margin=&#8220;2px||||false|false&#8220; custom_padding=&#8220;|41px||70px|false|false&#8220; hover_enabled=&#8220;0&#8243;]<\/p>\n<div class=\"ge-year\" style=\"text-align: center;\">\n<h4 style=\"text-align: left;\"><span style=\"color: #003366;\"><strong>Offene Stellen:<\/strong><\/span><\/h4>\n<p style=\"text-align: left;\"><a href=\"https:\/\/kaiserdom.de\/brauer-sudhaus-m-w-d\"><span style=\"color: #000000;\"><strong>\u203a Brauer f\u00fcr Sudhaus<\/strong><\/span><\/a><\/p>\n<p style=\"text-align: left;\"><a href=\"https:\/\/kaiserdom.de\/brauer-abfuellanlage-m-w-d\"><span style=\"color: #000000;\"><strong>\u203a Brauer\/Anlagenf\u00fchrer f\u00fcr Abf\u00fcllanlagen<\/strong><\/span><\/a>\u00a0<\/p>\n<p>&nbsp;<\/p>\n<h4 style=\"text-align: left;\"><span style=\"color: #003366;\"><strong>Ausbildung:<\/strong><\/span><\/h4>\n<p style=\"text-align: left;\"><span style=\"color: #000000;\"><a href=\"https:\/\/kaiserdom.de\/ausbildung\" style=\"color: #000000;\"><strong><\/strong><\/a><a href=\"https:\/\/kaiserdom.de\/ausbildung\" target=\"_blank\" rel=\"noopener noreferrer\" style=\"color: #000000;\"><strong>\u203a Industriekaufleute<br \/> \u203a Brauer &amp; M\u00e4lzer<br \/> \u203a Fachlageristen<br \/> <\/strong><\/a><\/span><\/p>\n<p style=\"text-align: left;\"><a href=\"https:\/\/kaiserdom.de\/ausbildung\"><span style=\"color: #003366;\"><strong>\u203a\u203a Erfahre mehr\u00a0\u2039\u2039<\/strong><\/span><\/a><\/p>\n<\/div>\n<p><strong> <\/strong><\/p>\n<p>[\/et_pb_text][\/et_pb_column][et_pb_column type=&#8220;3_5&#8243; _builder_version=&#8220;4.4.1&#8243;][et_pb_text _builder_version=&#8220;4.4.1&#8243; text_font=&#8220;Open Sans||||||||&#8220; custom_margin=&#8220;2px|19px||70px|false|false&#8220; custom_padding=&#8220;|56px||0px|false|false&#8220;]<\/p>\n<div class=\"ge-year\" style=\"text-align: center;\">\n<p><span style=\"color: #000000;\"><\/span><\/p>\n<h4 style=\"text-align: left;\"><span style=\"color: #003366;\"><strong>Benefits, die \u00fcberzeugen:<\/strong><\/span><\/h4>\n<p><strong><\/strong><\/p>\n<p style=\"text-align: left;\"><span style=\"color: #000000;\">\u00bb\u00a0 Unterst\u00fctzung bei stellenbedingtem Umzug<\/span><br \/> \u00bb\u00a0 Haustrunk (bis zu 78l pro Monat)<br \/> \u00bb\u00a0 Zuschuss zu verm\u00f6genswirk. Leistungen<br \/> \u00bb\u00a0 Jahressonderzahlung<br \/> \u00bb\u00a0 Betriebliche Altersvorsorge<br \/> \u00bb\u00a0 Betriebliche Krankenzusatzversicherung<br \/> \u00bb\u00a0 Gourmet-Card (Gastro-Geldwertkarte mit monatl. Aufladung)<br \/> \u00bb\u00a0 Gesundheitsbonus<br \/> \u00bb\u00a0 Kooperation mit JobRad<br \/> \u00bb\u00a0 Corporate Benefits<br \/> \u00bb\u00a0 <span>Kostenfreies Laden von E-Auto\/E-Bike w\u00e4hrend der Arbeitszeit<\/span><\/p>\n<p>&nbsp;<\/p>\n<\/div>\n<p>[\/et_pb_text][\/et_pb_column][\/et_pb_row][\/et_pb_section][et_pb_section fb_built=&#8220;1&#8243; _builder_version=&#8220;4.4.1&#8243; background_color=&#8220;#d6d6d6&#8243; min_height=&#8220;0px&#8220; custom_margin=&#8220;210px||||false|false&#8220; custom_padding=&#8220;5px||0px|||&#8220; global_module=&#8220;7115&#8243; saved_tabs=&#8220;all&#8220;][et_pb_row column_structure=&#8220;1_5,1_5,1_5,1_5,1_5&#8243; use_custom_gutter=&#8220;on&#8220; gutter_width=&#8220;2&#8243; _builder_version=&#8220;4.4.1&#8243; width=&#8220;100%&#8220; width_tablet=&#8220;100%&#8220; width_phone=&#8220;100%&#8220; width_last_edited=&#8220;on|phone&#8220; max_width=&#8220;100%&#8220; min_height=&#8220;67px&#8220; custom_margin=&#8220;||||false|false&#8220; custom_padding=&#8220;13px|0px|15px|||&#8220; module_alignment_tablet=&#8220;center&#8220; module_alignment_phone=&#8220;center&#8220; module_alignment_last_edited=&#8220;on|phone&#8220;][et_pb_column type=&#8220;1_5&#8243; _builder_version=&#8220;4.4.1&#8243;][\/et_pb_column][et_pb_column type=&#8220;1_5&#8243; _builder_version=&#8220;4.4.1&#8243;][et_pb_text content_tablet=&#8220;<\/p>\n<p style=%22text-align: center;%22><a href=%22https:\/\/kaiserdom.de\/kontakt%22><span style=%22color: #000000;%22>Kontakt<\/span><\/a><span style=%22color: #000000;%22> <\/span><\/p>\n<p style=%22text-align: center;%22><a href=%22https:\/\/kaiserdom.de\/karriere-3%22><span style=%22color: #000000;%22>Karriere<\/span><\/a><span style=%22color: #000000;%22> <\/span><\/p>\n<p style=%22text-align: center;%22><span style=%22color: #000000;%22><a href=%22https:\/\/kaiserdom.de\/kundenbereich%22 style=%22color: #000000;%22>Downloads<\/a><\/span><\/p>\n<p>&#8220; content_phone=&#8220;<\/p>\n<p style=%22text-align: center;%22><a href=%22https:\/\/kaiserdom.de\/kontakt%22><span style=%22color: #000000;%22>Kontakt<\/span><\/a><\/p>\n<p style=%22text-align: center;%22><span style=%22color: #000000;%22> <\/span><a href=%22https:\/\/kaiserdom.de\/karriere-3%22><span style=%22color: #000000;%22>Karriere<\/span><\/a><span style=%22color: #000000;%22> <\/span><\/p>\n<p style=%22text-align: center;%22><span style=%22color: #000000;%22><a href=%22https:\/\/kaiserdom.de\/kundenbereich%22 style=%22color: #000000;%22>Downloads<\/a><\/span><\/p>\n<p>&#8220; content_last_edited=&#8220;on|phone&#8220; _builder_version=&#8220;4.4.1&#8243; width_tablet=&#8220;100%&#8220; width_phone=&#8220;100%&#8220; width_last_edited=&#8220;on|phone&#8220; max_width_tablet=&#8220;100%&#8220; max_width_phone=&#8220;100%&#8220; max_width_last_edited=&#8220;on|phone&#8220; custom_margin=&#8220;22px|||65px||&#8220; custom_margin_tablet=&#8220;|||0px|false|false&#8220; custom_margin_phone=&#8220;22px|||0px|false|false&#8220; custom_margin_last_edited=&#8220;on|phone&#8220; module_alignment_tablet=&#8220;center&#8220; module_alignment_phone=&#8220;center&#8220; module_alignment_last_edited=&#8220;on|phone&#8220;]<\/p>\n<p style=\"text-align: left;\"><a href=\"https:\/\/kaiserdom.de\/kontakt\"><span style=\"color: #000000;\">Kontakt<\/span><\/a><span style=\"color: #000000;\">\u00a0 \u00a0 \u00a0 \u00a0<\/span><a href=\"https:\/\/kaiserdom.de\/karriere\"><span style=\"color: #000000;\">Karriere<\/span><\/a><span style=\"color: #000000;\">\u00a0 \u00a0 \u00a0<a href=\"https:\/\/kaiserdom.de\/kundenbereich\" style=\"color: #000000;\">Downloads<\/a><\/span><\/p>\n<p>[\/et_pb_text][\/et_pb_column][et_pb_column type=&#8220;1_5&#8243; _builder_version=&#8220;4.4.1&#8243;][et_pb_image src=&#8220;https:\/\/kaiserdom.de\/wp-content\/uploads\/2020\/03\/KDLogo_Goldimitation-e1533220731251.png&#8220; align=&#8220;center&#8220; _builder_version=&#8220;4.4.1&#8243; width=&#8220;27%&#8220; width_tablet=&#8220;100%&#8220; width_phone=&#8220;40%&#8220; width_last_edited=&#8220;on|phone&#8220; max_width_tablet=&#8220;100%&#8220; max_width_phone=&#8220;40%&#8220; max_width_last_edited=&#8220;on|phone&#8220; custom_margin=&#8220;|130px||||&#8220; custom_margin_tablet=&#8220;|0px|||false|false&#8220; custom_margin_phone=&#8220;|0px|||false|false&#8220; custom_margin_last_edited=&#8220;on|phone&#8220; custom_padding_tablet=&#8220;&#8220; custom_padding_phone=&#8220;0px|0px|0px|0px|false|false&#8220; custom_padding_last_edited=&#8220;on|phone&#8220; module_alignment_tablet=&#8220;center&#8220; module_alignment_phone=&#8220;center&#8220; module_alignment_last_edited=&#8220;on|phone&#8220;][\/et_pb_image][\/et_pb_column][et_pb_column type=&#8220;1_5&#8243; _builder_version=&#8220;4.4.1&#8243;][et_pb_text content_tablet=&#8220;<\/p>\n<\/p>\n<p style=%22text-align: center;%22><a href=%22https:\/\/kaiserdom.de\/datenschutz%22><span style=%22color: #000000;%22>Datenschutz<\/span><\/a> <a href=%22https:\/\/kaiserdom.de\/impressum%22><span style=%22color: #000000;%22>Impressum<\/span><\/a> <a href=%22https:\/\/kaiserdom.de\/agb%22><span style=%22color: #000000;%22>AGB<\/span><\/a> <\/p>\n<p style=%22text-align: center;%22><a href=%22https:\/\/www.facebook.com\/profile.php?id=100087365753254%22 data-et-target-link=%22_blank%22 rel=%22noopener noreferrer%22><span style=%22color: #000000;%22>Facebook<\/span><\/a> <a href=%22https:\/\/www.instagram.com\/brauerei.kaiserdom\/%22 data-et-target-link=%22_blank%22 rel=%22noopener noreferrer%22><span style=%22color: #000000;%22>Instagram<\/span><\/a> <span style=%22color: #000000;%22> <\/span><span><span style=%22color: #000000;%22><a href=%22https:\/\/kaiserdom.de\/hinweisgebersystem%22 style=%22color: #000000;%22>Hinweisgebersystem<\/a>  <\/span> <\/span><\/p>\n<\/p>\n<p>&#8220; content_phone=&#8220;<\/p>\n<p style=%22text-align: center;%22><a href=%22https:\/\/kaiserdom.de\/datenschutz%22><span style=%22color: #000000;%22>Datenschutz<\/span><\/a> <a href=%22https:\/\/kaiserdom.de\/impressum%22><span style=%22color: #000000;%22>Impressum<\/span><\/a> <a href=%22https:\/\/kaiserdom.de\/agb%22><span style=%22color: #000000;%22>AGB<\/span><\/a><\/p>\n<p style=%22text-align: center;%22><a href=%22https:\/\/www.facebook.com\/profile.php?id=100087365753254%22 data-et-target-link=%22_blank%22 rel=%22noopener noreferrer%22><span style=%22color: #000000;%22>Facebook<\/span><\/a> <a href=%22https:\/\/www.instagram.com\/brauerei.kaiserdom\/%22 data-et-target-link=%22_blank%22 rel=%22noopener noreferrer%22><span style=%22color: #000000;%22>Instagram<\/span><\/a><\/p>\n<p style=%22text-align: center;%22><span style=%22color: #000000;%22><a href=%22https:\/\/kaiserdom.de\/hinweisgebersystem%22 style=%22color: #000000;%22>Hinweisgebersystem<\/a><\/span><\/p>\n<p>&#8220; content_last_edited=&#8220;on|tablet&#8220; _builder_version=&#8220;4.4.1&#8243; width_tablet=&#8220;100%&#8220; width_phone=&#8220;&#8220; width_last_edited=&#8220;on|tablet&#8220; max_width_tablet=&#8220;100%&#8220; max_width_phone=&#8220;&#8220; max_width_last_edited=&#8220;on|tablet&#8220; custom_margin=&#8220;22px|-83px||-92px|false|false&#8220; custom_margin_tablet=&#8220;|||0px|false|false&#8220; custom_margin_phone=&#8220;0px|||0px|false|false&#8220; custom_margin_last_edited=&#8220;on|phone&#8220; custom_padding=&#8220;|0px||118px||&#8220; custom_padding_tablet=&#8220;|0px||0px|false|false&#8220; custom_padding_phone=&#8220;|0px||0px|false|false&#8220; custom_padding_last_edited=&#8220;on|phone&#8220; link_option_url_new_window=&#8220;on&#8220; module_alignment_tablet=&#8220;center&#8220; module_alignment_phone=&#8220;&#8220; module_alignment_last_edited=&#8220;on|tablet&#8220;]<\/p>\n<p style=\"text-align: left;\"><a href=\"https:\/\/kaiserdom.de\/datenschutz\"><span style=\"color: #000000;\">Datenschutz<\/span><\/a>\u00a0 \u00a0 \u00a0 \u00a0\u00a0<a href=\"https:\/\/kaiserdom.de\/impressum\"><span style=\"color: #000000;\">Impressum<\/span><\/a>\u00a0 \u00a0 \u00a0 \u00a0\u00a0<a href=\"https:\/\/kaiserdom.de\/agb\"><span style=\"color: #000000;\">AGB<\/span><\/a>\u00a0 \u00a0 \u00a0 \u00a0<span style=\"color: #000000;\"><\/span><\/p>\n<p><a href=\"https:\/\/www.facebook.com\/profile.php?id=100087365753254\" target=\"_blank\" rel=\"noopener noreferrer\"><span style=\"color: #000000;\">Facebook<\/span><\/a>\u00a0 \u00a0 \u00a0 \u00a0 \u00a0 \u00a0 \u00a0<a href=\"https:\/\/www.instagram.com\/brauerei.kaiserdom\/\" target=\"_blank\" rel=\"noopener noreferrer\"><span style=\"color: #000000;\">Instagram<\/span><\/a>\u00a0 \u00a0 \u00a0 \u00a0\u00a0<span style=\"color: #000000;\">\u00a0<a href=\"https:\/\/kaiserdom.de\/hinweisgebersystem\" style=\"color: #000000;\">Hinweisgebersystem<\/a><\/span><\/p>\n<p>[\/et_pb_text][\/et_pb_column][et_pb_column type=&#8220;1_5&#8243; _builder_version=&#8220;4.4.1&#8243;][et_pb_code _builder_version=&#8220;4.4.1&#8243; width=&#8220;50%&#8220; module_alignment=&#8220;center&#8220; custom_margin=&#8220;|||13px||&#8220; custom_margin_tablet=&#8220;&#8220; custom_margin_phone=&#8220;|||135px|false|false&#8220; custom_margin_last_edited=&#8220;on|phone&#8220; custom_padding=&#8220;|||3px||&#8220; text_orientation_tablet=&#8220;&#8220; text_orientation_phone=&#8220;center&#8220; text_orientation_last_edited=&#8220;on|phone&#8220; module_alignment_tablet=&#8220;&#8220; module_alignment_phone=&#8220;center&#8220; module_alignment_last_edited=&#8220;on|phone&#8220; locked=&#8220;off&#8220;]<a href=\"https:\/\/siwecos.de\/scanned-by-siwecos?data-siwecos=kaiserdom.de\"><img src=\"https:\/\/siegel.siwecos.de\/kaiserdom.de\/d.m.y.svg\" width=\"150\" \/><\/a>[\/et_pb_code][\/et_pb_column][\/et_pb_row][\/et_pb_section]<\/p>\n","protected":false},"excerpt":{"rendered":"<p>[et_pb_section fb_built=&#8220;1&#8243; custom_padding_last_edited=&#8220;on|phone&#8220; _builder_version=&#8220;4.4.1&#8243; background_image=&#8220;https:\/\/kaiserdom.de\/wp-content\/uploads\/2022\/07\/HP_Karriere.jpg&#8220; background_position=&#8220;center_right&#8220; min_height=&#8220;100px&#8220; min_height_tablet=&#8220;&#8220; min_height_phone=&#8220;170px&#8220; min_height_last_edited=&#8220;on|phone&#8220; height=&#8220;100px&#8220; height_tablet=&#8220;270px&#8220; height_phone=&#8220;200px&#8220; height_last_edited=&#8220;on|phone&#8220; max_height_tablet=&#8220;1000px&#8220; max_height_phone=&#8220;1000px&#8220; max_height_last_edited=&#8220;on|phone&#8220; custom_margin=&#8220;||17px|||&#8220; custom_margin_tablet=&#8220;&#8220; custom_margin_phone=&#8220;||auto||false|false&#8220; custom_margin_last_edited=&#8220;on|phone&#8220; custom_padding=&#8220;||609px|||&#8220; custom_padding_tablet=&#8220;||100px||false|false&#8220; custom_padding_phone=&#8220;||60px||false|false&#8220;][\/et_pb_section][et_pb_section fb_built=&#8220;1&#8243; _builder_version=&#8220;4.4.1&#8243; background_color=&#8220;rgba(0,0,0,0)&#8220; background_enable_image=&#8220;off&#8220; custom_margin=&#8220;||-149px|||&#8220; custom_padding=&#8220;0px||150px|||&#8220;][et_pb_row _builder_version=&#8220;4.4.1&#8243;][et_pb_column type=&#8220;4_4&#8243; _builder_version=&#8220;4.4.1&#8243;][et_pb_text _builder_version=&#8220;4.4.1&#8243; text_font=&#8220;Casad||||||||&#8220; text_font_size=&#8220;30px&#8220; custom_margin=&#8220;-6px||16px|||&#8220; custom_margin_tablet=&#8220;&#8220; custom_margin_phone=&#8220;2px||||false|false&#8220; custom_margin_last_edited=&#8220;on|phone&#8220;] Karriere [\/et_pb_text][\/et_pb_column][\/et_pb_row][et_pb_row module_class=&#8220;career-row&#8220; _builder_version=&#8220;4.4.1&#8243; width=&#8220;57%&#8220; width_tablet=&#8220;100%&#8220; width_phone=&#8220;&#8220; width_last_edited=&#8220;on|tablet&#8220; max_width=&#8220;90%&#8220; custom_margin=&#8220;-9px|auto|9px|auto|false|false&#8220; custom_padding=&#8220;31px||24px|||&#8220; custom_css_main_element=&#8220;\/* default fallback *\/||background: [&hellip;]<\/p>\n","protected":false},"author":2,"featured_media":0,"parent":0,"menu_order":0,"comment_status":"closed","ping_status":"closed","template":"","meta":{"_et_pb_use_builder":"on","_et_pb_old_content":"","_et_gb_content_width":"","_lmt_disableupdate":"no","_lmt_disable":"","_monsterinsights_skip_tracking":false,"_monsterinsights_sitenote_active":false,"_monsterinsights_sitenote_note":"","_monsterinsights_sitenote_category":0},"aioseo_notices":[],"_links":{"self":[{"href":"https:\/\/kaiserdom.de\/en\/wp-json\/wp\/v2\/pages\/4869"}],"collection":[{"href":"https:\/\/kaiserdom.de\/en\/wp-json\/wp\/v2\/pages"}],"about":[{"href":"https:\/\/kaiserdom.de\/en\/wp-json\/wp\/v2\/types\/page"}],"author":[{"embeddable":true,"href":"https:\/\/kaiserdom.de\/en\/wp-json\/wp\/v2\/users\/2"}],"replies":[{"embeddable":true,"href":"https:\/\/kaiserdom.de\/en\/wp-json\/wp\/v2\/comments?post=4869"}],"version-history":[{"count":138,"href":"https:\/\/kaiserdom.de\/en\/wp-json\/wp\/v2\/pages\/4869\/revisions"}],"predecessor-version":[{"id":10383,"href":"https:\/\/kaiserdom.de\/en\/wp-json\/wp\/v2\/pages\/4869\/revisions\/10383"}],"wp:attachment":[{"href":"https:\/\/kaiserdom.de\/en\/wp-json\/wp\/v2\/media?parent=4869"}],"curies":[{"name":"wp","href":"https:\/\/api.w.org\/{rel}","templated":true}]}}