{"id":4674,"date":"2020-11-03T09:38:44","date_gmt":"2020-11-03T09:38:44","guid":{"rendered":"https:\/\/kaiserdom.de\/?page_id=4674"},"modified":"2020-11-03T09:47:25","modified_gmt":"2020-11-03T09:47:25","slug":"making-of-werbespot","status":"publish","type":"page","link":"https:\/\/kaiserdom.de\/en\/making-of-werbespot","title":{"rendered":"Making of Werbespot"},"content":{"rendered":"<p>[et_pb_section fb_built=&#8220;1&#8243; admin_label=&#8220;Services&#8220; _builder_version=&#8220;3.22&#8243; custom_margin=&#8220;||-57px|||&#8220;][et_pb_row _builder_version=&#8220;4.4.1&#8243; min_height=&#8220;12px&#8220; custom_padding=&#8220;5px||9px|||&#8220;][et_pb_column type=&#8220;4_4&#8243; _builder_version=&#8220;4.4.1&#8243;][et_pb_text _builder_version=&#8220;4.4.1&#8243; link_option_url=&#8220;https:\/\/kaiserdom.de\/aktuelles&#8220;]<\/p>\n<p><a href=\"https:\/\/kaiserdom.de\/aktuelles\"><span style=\"color: #008000;\"><\/span><span style=\"color: #162e72;\"><\/span><span style=\"color: #162e72;\"><strong>&lt; Aktuelles<\/strong><\/span><\/a><\/p>\n<p>[\/et_pb_text][\/et_pb_column][\/et_pb_row][\/et_pb_section][et_pb_section fb_built=&#8220;1&#8243; admin_label=&#8220;My Approach&#8220; _builder_version=&#8220;3.22&#8243; custom_padding=&#8220;5px|||||&#8220;][et_pb_row column_structure=&#8220;2_5,3_5&#8243; _builder_version=&#8220;4.4.1&#8243; custom_padding=&#8220;7px|||||&#8220;][et_pb_column type=&#8220;2_5&#8243; _builder_version=&#8220;4.4.1&#8243;][et_pb_image src=&#8220;https:\/\/kaiserdom.de\/wp-content\/uploads\/2020\/10\/MakinOf.jpg&#8220; _builder_version=&#8220;4.4.1&#8243;][\/et_pb_image][\/et_pb_column][et_pb_column type=&#8220;3_5&#8243; _builder_version=&#8220;4.4.1&#8243;][et_pb_text _builder_version=&#8220;4.4.1&#8243; text_font=&#8220;||||||||&#8220; text_font_size=&#8220;16px&#8220; text_line_height=&#8220;1.9em&#8220; header_font=&#8220;||||||||&#8220; header_3_font=&#8220;Lato|700|||||||&#8220; header_3_font_size=&#8220;24px&#8220; header_3_line_height=&#8220;1.5em&#8220; header_4_font=&#8220;Lato|700|||||||&#8220; header_4_text_color=&#8220;#3550a0&#8243; header_4_font_size=&#8220;16px&#8220; header_4_line_height=&#8220;1.5em&#8220; width=&#8220;100%&#8220; max_width=&#8220;891px&#8220; custom_margin=&#8220;|1px|-1px|-1px||&#8220; custom_padding=&#8220;|12px||0px||&#8220; header_3_font_size_tablet=&#8220;&#8220; header_3_font_size_phone=&#8220;20px&#8220; header_3_font_size_last_edited=&#8220;on|phone&#8220;]<\/p>\n<h4>15.07.2020<\/h4>\n<h3>Making Of<\/h3>\n<p>\u2026zu unserem neuen Kinospot. Hauptdarsteller: unsere 4 kleinen Bamberger in den Sorten Helles, Kellerbier, Pilsener und Radler. Im Video sind wundersch\u00f6ne Aufnahmen von den Wahrzeichen der Stadt zu sehen &#8211; vom Land und aus der Luft.<\/p>\n<p>Unterst\u00fctzt wurden wir dabei vom N\u00fcrnberger Produktionsteam Andicam, das an einem Hochsommertag jenseits der 30 Grad Marke Einstellung f\u00fcr Einstellung der Hitze trotzte.<\/p>\n<p>Nochmal auf Hochglanz poliert und gut gek\u00fchlt machten sich die kleinen Flaschen morgens mit uns auf dem Weg zu einem Picknick unterhalb der Altenburg mit einem traumhaften Ausblick \u00fcber Skyline von Bamberg. Nachdem der Picknickplatz aufgebaut war, wurde erst einmal gem\u00fctlich angesto\u00dfen und dann noch einmal und noch einmal und noch einmal\u2026 und irgendwann auch mal die Flasche angesetzt, bis die Szene von allen Seiten aus abgedreht war. \ud83d\ude42<\/p>\n<p>F\u00fcr die \u201eFeierabendszene\u201c ging es auf den Michelsberg, um dort die letzten Sonnenstrahlen einzufangen. An den Temperaturen hatte sich immer noch nicht viel ge\u00e4ndert\u2026<br \/> In bester Stimmung wurde angesto\u00dfen und angesetzt und noch einmal angesto\u00dfen und angesetzt und wieder angesto\u00dfen und irgendwann einmal auch getrunken, Erfrischung pur!<\/p>\n<p>War da nicht noch was mit Corona? Unsere Darsteller sind keine Schauspieler, sondern wir selbst und\u00a0 Freunde aus dem echten Leben, mit denen wir auch im Alltag unsere Zeit miteinander verbringen.<\/p>\n<p>Authentisch, ehrlich, original.<\/p>\n<p>[\/et_pb_text][\/et_pb_column][\/et_pb_row][et_pb_row column_structure=&#8220;1_3,2_3&#8243; _builder_version=&#8220;3.25&#8243; custom_margin=&#8220;11px|auto|50px|auto||&#8220; custom_padding=&#8220;21px|||||&#8220;][et_pb_column type=&#8220;1_3&#8243; _builder_version=&#8220;3.25&#8243; custom_padding=&#8220;|||&#8220; custom_padding__hover=&#8220;|||&#8220;][et_pb_cta title=&#8220;Kaiserdom Werbespot&#8220; button_text=&#8220;More About Coaching&#8220; admin_label=&#8220;Title &#038; CTA&#8220; _builder_version=&#8220;4.4.1&#8243; header_font=&#8220;Playfair Display|700|||||||&#8220; header_font_size=&#8220;40px&#8220; header_line_height=&#8220;1.5em&#8220; body_font=&#8220;||||||||&#8220; use_background_color=&#8220;off&#8220; custom_button=&#8220;on&#8220; button_text_size=&#8220;16px&#8220; button_text_color=&#8220;#ffffff&#8220; button_bg_color=&#8220;#3550a0&#8243; button_border_width=&#8220;10px&#8220; button_border_color=&#8220;rgba(210,159,104,0)&#8220; button_border_radius=&#8220;100px&#8220; button_font=&#8220;Lato|900|||||||&#8220; button_use_icon=&#8220;off&#8220; text_orientation=&#8220;right&#8220; background_layout=&#8220;light&#8220; max_width_last_edited=&#8220;off|desktop&#8220; module_alignment=&#8220;right&#8220; custom_margin=&#8220;||-28px|||&#8220; custom_padding=&#8220;||0px|||&#8220; header_font_size_tablet=&#8220;30px&#8220; header_font_size_phone=&#8220;24px&#8220; header_font_size_last_edited=&#8220;on|phone&#8220; button_bg_color_hover=&#8220;#4159a0&#8243; button_text_size__hover_enabled=&#8220;off&#8220; button_one_text_size__hover_enabled=&#8220;off&#8220; button_two_text_size__hover_enabled=&#8220;off&#8220; button_text_color__hover_enabled=&#8220;off&#8220; button_one_text_color__hover_enabled=&#8220;off&#8220; button_two_text_color__hover_enabled=&#8220;off&#8220; button_border_width__hover_enabled=&#8220;off&#8220; button_one_border_width__hover_enabled=&#8220;off&#8220; button_two_border_width__hover_enabled=&#8220;off&#8220; button_border_color__hover_enabled=&#8220;off&#8220; button_one_border_color__hover_enabled=&#8220;off&#8220; button_two_border_color__hover_enabled=&#8220;off&#8220; button_border_radius__hover_enabled=&#8220;off&#8220; button_one_border_radius__hover_enabled=&#8220;off&#8220; button_two_border_radius__hover_enabled=&#8220;off&#8220; button_letter_spacing__hover_enabled=&#8220;off&#8220; button_one_letter_spacing__hover_enabled=&#8220;off&#8220; button_two_letter_spacing__hover_enabled=&#8220;off&#8220; button_bg_color__hover_enabled=&#8220;on&#8220; button_bg_color__hover=&#8220;#4159a0&#8243; button_one_bg_color__hover_enabled=&#8220;off&#8220; button_two_bg_color__hover_enabled=&#8220;off&#8220;][\/et_pb_cta][\/et_pb_column][et_pb_column type=&#8220;2_3&#8243; _builder_version=&#8220;3.25&#8243; custom_padding=&#8220;|||&#8220; custom_padding__hover=&#8220;|||&#8220;][et_pb_video src=&#8220;https:\/\/www.youtube.com\/watch?v=DO8jASz9UhY&#8220; image_src=&#8220;https:\/\/kaiserdom.de\/wp-content\/uploads\/2020\/10\/Screenshot_aus_geschnittenem_Film.jpg&#8220; thumbnail_overlay_color=&#8220;rgba(0,0,0,0.6)&#8220; _builder_version=&#8220;4.4.1&#8243; animation_style=&#8220;zoom&#8220; animation_intensity_zoom=&#8220;1%&#8220; box_shadow_style=&#8220;preset3&#8243; box_shadow_vertical=&#8220;100px&#8220; box_shadow_blur=&#8220;100px&#8220; box_shadow_spread=&#8220;-60px&#8220;][\/et_pb_video][\/et_pb_column][\/et_pb_row][\/et_pb_section]<\/p>\n","protected":false},"excerpt":{"rendered":"<p>[et_pb_section fb_built=&#8220;1&#8243; admin_label=&#8220;Services&#8220; _builder_version=&#8220;3.22&#8243; custom_margin=&#8220;||-57px|||&#8220;][et_pb_row _builder_version=&#8220;4.4.1&#8243; min_height=&#8220;12px&#8220; custom_padding=&#8220;5px||9px|||&#8220;][et_pb_column type=&#8220;4_4&#8243; _builder_version=&#8220;4.4.1&#8243;][et_pb_text _builder_version=&#8220;4.4.1&#8243; link_option_url=&#8220;https:\/\/kaiserdom.de\/aktuelles&#8220;] &lt; Aktuelles [\/et_pb_text][\/et_pb_column][\/et_pb_row][\/et_pb_section][et_pb_section fb_built=&#8220;1&#8243; admin_label=&#8220;My Approach&#8220; _builder_version=&#8220;3.22&#8243; custom_padding=&#8220;5px|||||&#8220;][et_pb_row column_structure=&#8220;2_5,3_5&#8243; _builder_version=&#8220;4.4.1&#8243; custom_padding=&#8220;7px|||||&#8220;][et_pb_column type=&#8220;2_5&#8243; _builder_version=&#8220;4.4.1&#8243;][et_pb_image src=&#8220;https:\/\/kaiserdom.de\/wp-content\/uploads\/2020\/10\/MakinOf.jpg&#8220; _builder_version=&#8220;4.4.1&#8243;][\/et_pb_image][\/et_pb_column][et_pb_column type=&#8220;3_5&#8243; _builder_version=&#8220;4.4.1&#8243;][et_pb_text _builder_version=&#8220;4.4.1&#8243; text_font=&#8220;||||||||&#8220; text_font_size=&#8220;16px&#8220; text_line_height=&#8220;1.9em&#8220; header_font=&#8220;||||||||&#8220; header_3_font=&#8220;Lato|700|||||||&#8220; header_3_font_size=&#8220;24px&#8220; header_3_line_height=&#8220;1.5em&#8220; header_4_font=&#8220;Lato|700|||||||&#8220; header_4_text_color=&#8220;#3550a0&#8243; header_4_font_size=&#8220;16px&#8220; header_4_line_height=&#8220;1.5em&#8220; width=&#8220;100%&#8220; max_width=&#8220;891px&#8220; custom_margin=&#8220;|1px|-1px|-1px||&#8220; custom_padding=&#8220;|12px||0px||&#8220; header_3_font_size_tablet=&#8220;&#8220; header_3_font_size_phone=&#8220;20px&#8220; header_3_font_size_last_edited=&#8220;on|phone&#8220;] 15.07.2020 Making Of \u2026zu unserem neuen Kinospot. [&hellip;]<\/p>\n","protected":false},"author":2,"featured_media":0,"parent":0,"menu_order":0,"comment_status":"closed","ping_status":"closed","template":"","meta":{"_et_pb_use_builder":"on","_et_pb_old_content":"","_et_gb_content_width":"","_lmt_disableupdate":"","_lmt_disable":"","_monsterinsights_skip_tracking":false,"_monsterinsights_sitenote_active":false,"_monsterinsights_sitenote_note":"","_monsterinsights_sitenote_category":0},"aioseo_notices":[],"_links":{"self":[{"href":"https:\/\/kaiserdom.de\/en\/wp-json\/wp\/v2\/pages\/4674"}],"collection":[{"href":"https:\/\/kaiserdom.de\/en\/wp-json\/wp\/v2\/pages"}],"about":[{"href":"https:\/\/kaiserdom.de\/en\/wp-json\/wp\/v2\/types\/page"}],"author":[{"embeddable":true,"href":"https:\/\/kaiserdom.de\/en\/wp-json\/wp\/v2\/users\/2"}],"replies":[{"embeddable":true,"href":"https:\/\/kaiserdom.de\/en\/wp-json\/wp\/v2\/comments?post=4674"}],"version-history":[{"count":10,"href":"https:\/\/kaiserdom.de\/en\/wp-json\/wp\/v2\/pages\/4674\/revisions"}],"predecessor-version":[{"id":4693,"href":"https:\/\/kaiserdom.de\/en\/wp-json\/wp\/v2\/pages\/4674\/revisions\/4693"}],"wp:attachment":[{"href":"https:\/\/kaiserdom.de\/en\/wp-json\/wp\/v2\/media?parent=4674"}],"curies":[{"name":"wp","href":"https:\/\/api.w.org\/{rel}","templated":true}]}}