{"id":147,"date":"2020-03-24T10:10:49","date_gmt":"2020-03-24T10:10:49","guid":{"rendered":"http:\/\/neu.kaiserdom.de\/?page_id=147"},"modified":"2025-12-19T09:40:11","modified_gmt":"2025-12-19T09:40:11","slug":"pilsener","status":"publish","type":"page","link":"https:\/\/kaiserdom.de\/en\/pilsener","title":{"rendered":"Pilsener"},"content":{"rendered":"<p>[et_pb_section fb_built=&#8220;1&#8243; custom_padding_last_edited=&#8220;on|phone&#8220; _builder_version=&#8220;4.4.1&#8243; background_image=&#8220;https:\/\/kaiserdom.de\/wp-content\/uploads\/2020\/06\/HP_Pilsener.jpg&#8220; min_height_tablet=&#8220;&#8220; min_height_phone=&#8220;170px&#8220; min_height_last_edited=&#8220;on|phone&#8220; height_tablet=&#8220;270px&#8220; height_phone=&#8220;200px&#8220; height_last_edited=&#8220;on|phone&#8220; max_height_tablet=&#8220;&#8220; max_height_phone=&#8220;1000px&#8220; max_height_last_edited=&#8220;on|phone&#8220; custom_padding=&#8220;60px||522px|||&#8220; custom_padding_tablet=&#8220;||100px||false|false&#8220; custom_padding_phone=&#8220;60px||60px||false|false&#8220;][\/et_pb_section][et_pb_section fb_built=&#8220;1&#8243; module_class=&#8220;single-beer-section&#8220; _builder_version=&#8220;4.4.1&#8243; background_color=&#8220;rgba(0,0,0,0)&#8220; background_enable_image=&#8220;off&#8220; custom_padding=&#8220;||62px|||&#8220;][et_pb_row column_structure=&#8220;1_2,1_2&#8243; module_class=&#8220;single-beer-row&#8220; _builder_version=&#8220;4.4.1&#8243; background_color=&#8220;rgba(0,0,0,0)&#8220; width=&#8220;60%&#8220; width_tablet=&#8220;90%&#8220; width_phone=&#8220;&#8220; width_last_edited=&#8220;on|tablet&#8220; max_width=&#8220;100%&#8220; custom_margin=&#8220;||||false|false&#8220; custom_padding=&#8220;3px|||||&#8220; custom_css_main_element=&#8220;background: rgb(255,255,255) transparent;||background: rgba(255,255,255,.4);&#8220;][et_pb_column type=&#8220;1_2&#8243; _builder_version=&#8220;4.4.1&#8243;][et_pb_image src=&#8220;https:\/\/kaiserdom.de\/wp-content\/uploads\/2020\/09\/KD_Pils_Glas_1.png&#8220; align=&#8220;center&#8220; align_tablet=&#8220;center&#8220; align_phone=&#8220;&#8220; align_last_edited=&#8220;on|tablet&#8220; module_class=&#8220;single-beer-image&#8220; _builder_version=&#8220;4.4.1&#8243; width=&#8220;46%&#8220; min_height_tablet=&#8220;&#8220; min_height_phone=&#8220;&#8220; min_height_last_edited=&#8220;on|tablet&#8220; height=&#8220;500px&#8220; custom_margin=&#8220;86px|||277px|false|false&#8220; custom_padding=&#8220;0px||1px||false|false&#8220;][\/et_pb_image][\/et_pb_column][et_pb_column type=&#8220;1_2&#8243; _builder_version=&#8220;4.4.1&#8243;][et_pb_text module_class=&#8220;hide-break-lines&#8220; _builder_version=&#8220;4.4.1&#8243; width=&#8220;88%&#8220; width_tablet=&#8220;100%&#8220; width_phone=&#8220;&#8220; width_last_edited=&#8220;on|tablet&#8220; max_width=&#8220;100%&#8220; custom_margin=&#8220;5.21vw||4px|-3.8vw|false|false&#8220; custom_margin_tablet=&#8220;|||0px|false|false&#8220; custom_margin_phone=&#8220;&#8220; custom_margin_last_edited=&#8220;on|tablet&#8220; custom_padding=&#8220;||||false|false&#8220; hover_enabled=&#8220;0&#8243;]<\/p>\n<p><span style=\"color: #000000;\"><\/span><\/p>\n<h2><span>Pilsener<\/span><\/h2>\n<p><span class=\"text-for-desktop\"><br \/> <span>Strohgelb gl\u00e4nzend mit vornehm aufsteigender Kohlen-<\/span><br \/> <span> s\u00e4ure und einem schneewei\u00dfen, festen Schaum pr\u00e4sen-<\/span><br \/> <span> tiert sich unser Pilsener im Glas. Frische Aromahopfen-<\/span><br \/> <span> d\u00fcfte beginnen das Duftspiel, das nach und nach einen<\/span><br \/> <span> Hauch von Sommergerste annimmt. Auf einen frischen,<\/span><br \/> <span> spritzigen Antrunk folgt der schlanke Malzk\u00f6rper mit<\/span><br \/> <span> f\u00fclligem Hopfenaroma. Das Finale folgt mit einer langan-<\/span><br \/> <span> haltenden Bittere und einer leicht fruchtigen S\u00fc\u00dfe.<\/span><br \/> <\/span><span class=\"text-for-mobile\">Strohgelb gl\u00e4nzend mit vornehm aufsteigender Kohlens\u00e4ure und einem schneewei\u00dfen, festen Schaum pr\u00e4sentiert sich unser Pilsener im Glas. Frische Aromahopfend\u00fcfte beginnen das Duftspiel, das nach und nach einen Hauch von Sommergerste annimmt. Auf einen frischen, spritzigen Antrunk folgt der schlanke Malzk\u00f6rper mit f\u00fclligem Hopfenaroma. Das Finale folgt mit einer langanhaltenden Bittere und einer leicht fruchtigen S\u00fc\u00dfe.<\/span><\/p>\n<p><span><strong>Alkohol: 4,9%\u00a0 \u00a0Stammw\u00fcrze: 11%<\/strong><\/span><\/p>\n<p><span><strong>Hopfen<\/strong>\u00a0\u00a0<img loading=\"lazy\" src=\"https:\/\/kaiserdom.de\/wp-content\/uploads\/2020\/06\/2.png\" width=\"98\" height=\"15\" alt=\"\" class=\"wp-image-2466 alignnone size-full\" \/><\/span><\/p>\n<p><span><strong>Bittere<\/strong>\u00a0 \u00a0<img loading=\"lazy\" src=\"https:\/\/kaiserdom.de\/wp-content\/uploads\/2020\/06\/3.png\" width=\"98\" height=\"15\" alt=\"\" class=\"wp-image-2467 alignnone size-full\" \/><\/span><\/p>\n<p><span><strong>Farbe<\/strong>\u00a0 \u00a0 \u00a0<img loading=\"lazy\" src=\"https:\/\/kaiserdom.de\/wp-content\/uploads\/2020\/06\/1.png\" width=\"98\" height=\"15\" alt=\"\" class=\"wp-image-2465 alignnone size-full\" \/><\/span><\/p>\n<p><span><img loading=\"lazy\" src=\"https:\/\/kaiserdom.de\/wp-content\/uploads\/2025\/08\/WBeerA25-Silver-Germany_600px.png\" width=\"59\" height=\"72\" \/>\u00a0 <img loading=\"lazy\" src=\"https:\/\/kaiserdom.de\/wp-content\/uploads\/2025\/12\/Medal_Gold_2025.png\" width=\"77\" height=\"73\" \/>\u00a0\u00a0<img loading=\"lazy\" src=\"https:\/\/kaiserdom.de\/wp-content\/uploads\/2024\/09\/WBeerA24-Bronze-Germany.png\" width=\"59\" height=\"72\" \/>\u00a0 <img loading=\"lazy\" src=\"https:\/\/kaiserdom.de\/wp-content\/uploads\/2023\/06\/Medal_Silber_2023.png\" width=\"74\" height=\"76\" \/>\u00a0<img loading=\"lazy\" src=\"https:\/\/kaiserdom.de\/wp-content\/uploads\/2021\/04\/Gold_2021.png\" width=\"74\" height=\"76\" \/>\u00a0\u00a0<img loading=\"lazy\" src=\"https:\/\/kaiserdom.de\/wp-content\/uploads\/2021\/01\/Meiningers_silver_2021-300x300.png\" width=\"70\" height=\"70\" alt=\"\" class=\"wp-image-5625 alignnone size-medium\" srcset=\"https:\/\/kaiserdom.de\/wp-content\/uploads\/2021\/01\/Meiningers_silver_2021-300x300.png 300w, https:\/\/kaiserdom.de\/wp-content\/uploads\/2021\/01\/Meiningers_silver_2021-150x150.png 150w, https:\/\/kaiserdom.de\/wp-content\/uploads\/2021\/01\/Meiningers_silver_2021-12x12.png 12w, https:\/\/kaiserdom.de\/wp-content\/uploads\/2021\/01\/Meiningers_silver_2021.png 354w\" sizes=\"(max-width: 70px) 100vw, 70px\" \/>\u00a0\u00a0<img loading=\"lazy\" src=\"https:\/\/kaiserdom.de\/wp-content\/uploads\/2020\/04\/Silber_RGB_2019-300x300.png\" width=\"70\" height=\"70\" alt=\"\" class=\"wp-image-531 alignnone size-medium\" srcset=\"https:\/\/kaiserdom.de\/wp-content\/uploads\/2020\/04\/Silber_RGB_2019-300x300.png 300w, https:\/\/kaiserdom.de\/wp-content\/uploads\/2020\/04\/Silber_RGB_2019-150x150.png 150w, https:\/\/kaiserdom.de\/wp-content\/uploads\/2020\/04\/Silber_RGB_2019-768x768.png 768w, https:\/\/kaiserdom.de\/wp-content\/uploads\/2020\/04\/Silber_RGB_2019-480x480.png 480w, https:\/\/kaiserdom.de\/wp-content\/uploads\/2020\/04\/Silber_RGB_2019.png 900w\" sizes=\"(max-width: 70px) 100vw, 70px\" \/>\u00a0\u00a0\u00a0\u00a0\u00a0<\/span><\/p>\n<p>[\/et_pb_text][\/et_pb_column][\/et_pb_row][et_pb_row module_class=&#8220;single-beer-row&#8220; _builder_version=&#8220;4.4.1&#8243; background_color=&#8220;rgba(0,0,0,0)&#8220; width=&#8220;60%&#8220; width_tablet=&#8220;90%&#8220; width_phone=&#8220;&#8220; width_last_edited=&#8220;on|tablet&#8220; max_width=&#8220;100%&#8220; custom_margin=&#8220;||||false|false&#8220; custom_padding=&#8220;3px|||||&#8220; custom_css_main_element=&#8220;background: rgb(255,255,255) transparent;||background: rgba(255,255,255,.4);&#8220;][et_pb_column type=&#8220;4_4&#8243; _builder_version=&#8220;4.4.1&#8243;][et_pb_text _builder_version=&#8220;4.4.1&#8243; text_text_color=&#8220;#00346F&#8220; text_font_size=&#8220;25px&#8220; background_color=&#8220;rgba(0,0,0,0)&#8220;]<\/p>\n<p style=\"text-align: center;\"><strong>Gibt es als:<\/strong><\/p>\n<p>[\/et_pb_text][\/et_pb_column][\/et_pb_row][et_pb_row _builder_version=&#8220;4.4.1&#8243; width=&#8220;60%&#8220; width_tablet=&#8220;90%&#8220; width_phone=&#8220;&#8220; width_last_edited=&#8220;on|tablet&#8220; max_width=&#8220;100%&#8220; custom_margin=&#8220;||||false|false&#8220; custom_css_main_element=&#8220;    background: rgb(255,255,255) transparent;||    background: rgba(255,255,255,.4);||}&#8220;][et_pb_column type=&#8220;4_4&#8243; _builder_version=&#8220;4.4.1&#8243;][et_pb_slider arrows_custom_color=&#8220;#00346F&#8220; dot_nav_custom_color=&#8220;#00346F&#8220; module_class=&#8220;centered-slider&#8220; _builder_version=&#8220;4.4.1&#8243; header_font_size=&#8220;23px&#8220; background_color=&#8220;rgba(0,0,0,0)&#8220; width=&#8220;65%&#8220; module_alignment=&#8220;center&#8220; min_height=&#8220;438px&#8220; custom_margin=&#8220;||||false|false&#8220; custom_padding=&#8220;32px||||false|false&#8220; custom_padding_tablet=&#8220;&#8220; custom_padding_phone=&#8220;0px||||false|false&#8220; custom_padding_last_edited=&#8220;on|phone&#8220; hover_transition_duration=&#8220;0ms&#8220; hover_transition_speed_curve=&#8220;linear&#8220; hover_transition_speed_curve_last_edited=&#8220;off|desktop&#8220;][et_pb_slide heading=&#8220;0,5l Longneckflasche&#8220; image=&#8220;https:\/\/kaiserdom.de\/wp-content\/uploads\/2020\/04\/KD_Pils_05_web.png&#8220; arrows_custom_color=&#8220;#0c71c3&#8243; dot_nav_custom_color=&#8220;#0c71c3&#8243; _builder_version=&#8220;4.4.1&#8243; header_text_color=&#8220;#000000&#8243; body_text_color=&#8220;#000000&#8243; body_font_size=&#8220;25px&#8220;][\/et_pb_slide][et_pb_slide heading=&#8220;0,33l Longneckflasche&#8220; image=&#8220;https:\/\/kaiserdom.de\/wp-content\/uploads\/2020\/07\/KD_Pils_033_web.png&#8220; _builder_version=&#8220;4.4.1&#8243; header_text_color=&#8220;#000000&#8243; body_text_color=&#8220;#000000&#8243; body_font_size=&#8220;25px&#8220;][\/et_pb_slide][et_pb_slide heading=&#8220;0,33l Sixpack&#8220; image=&#8220;https:\/\/kaiserdom.de\/wp-content\/uploads\/2020\/03\/Pilsener-6pack.png&#8220; _builder_version=&#8220;4.4.1&#8243; header_text_color=&#8220;#000000&#8243; body_text_color=&#8220;#000000&#8243; body_font_size=&#8220;25px&#8220;][\/et_pb_slide][et_pb_slide heading=&#8220;0,5l Dose&#8220; image=&#8220;https:\/\/kaiserdom.de\/wp-content\/uploads\/2020\/06\/KD_Pilsener_05l_web.png&#8220; _builder_version=&#8220;4.4.1&#8243; header_text_color=&#8220;#000000&#8243; body_text_color=&#8220;#000000&#8243; body_font_size=&#8220;25px&#8220;][\/et_pb_slide][et_pb_slide heading=&#8220;1l Dose&#8220; image=&#8220;https:\/\/kaiserdom.de\/wp-content\/uploads\/2020\/03\/Pilsener-Herb-Wurzig_blaue.png&#8220; _builder_version=&#8220;4.4.1&#8243; header_text_color=&#8220;#000000&#8243; body_text_color=&#8220;#000000&#8243; body_font_size=&#8220;25px&#8220;][\/et_pb_slide][\/et_pb_slider][\/et_pb_column][\/et_pb_row][et_pb_row _builder_version=&#8220;4.4.1&#8243; width=&#8220;60%&#8220; width_tablet=&#8220;100%&#8220; width_phone=&#8220;&#8220; width_last_edited=&#8220;on|phone&#8220; max_width=&#8220;100%&#8220; min_height=&#8220;145px&#8220; custom_margin=&#8220;||||false|false&#8220; custom_padding=&#8220;55px||9px||false|false&#8220; custom_css_main_element=&#8220;    background: rgb(255,255,255) transparent;||    background: rgba(255,255,255,.4);||}&#8220;][et_pb_column type=&#8220;4_4&#8243; _builder_version=&#8220;4.4.1&#8243;][et_pb_button button_url=&#8220;https:\/\/kaiserdom.de\/bierspecialitaten&#8220; button_text=&#8220;ZUR\u00dcCK ZU BIERSPECIALIT\u00c4TEN&#8220; button_alignment=&#8220;center&#8220; _builder_version=&#8220;4.4.1&#8243; custom_button=&#8220;on&#8220; button_text_color=&#8220;#ffffff&#8220; button_bg_color=&#8220;#00346F&#8220; button_border_color=&#8220;rgba(0,0,0,0)&#8220; custom_margin=&#8220;||||false|false&#8220; custom_padding=&#8220;||||false|false&#8220;][\/et_pb_button][\/et_pb_column][\/et_pb_row][\/et_pb_section][et_pb_section fb_built=&#8220;1&#8243; _builder_version=&#8220;4.4.1&#8243; background_color=&#8220;#d6d6d6&#8243; min_height=&#8220;0px&#8220; custom_margin=&#8220;210px||||false|false&#8220; custom_padding=&#8220;5px||0px|||&#8220; global_module=&#8220;7115&#8243; saved_tabs=&#8220;all&#8220;][et_pb_row column_structure=&#8220;1_5,1_5,1_5,1_5,1_5&#8243; use_custom_gutter=&#8220;on&#8220; gutter_width=&#8220;2&#8243; _builder_version=&#8220;4.4.1&#8243; width=&#8220;100%&#8220; width_tablet=&#8220;100%&#8220; width_phone=&#8220;100%&#8220; width_last_edited=&#8220;on|phone&#8220; max_width=&#8220;100%&#8220; min_height=&#8220;67px&#8220; custom_margin=&#8220;||||false|false&#8220; custom_padding=&#8220;13px|0px|15px|||&#8220; module_alignment_tablet=&#8220;center&#8220; module_alignment_phone=&#8220;center&#8220; module_alignment_last_edited=&#8220;on|phone&#8220;][et_pb_column type=&#8220;1_5&#8243; _builder_version=&#8220;4.4.1&#8243;][\/et_pb_column][et_pb_column type=&#8220;1_5&#8243; _builder_version=&#8220;4.4.1&#8243;][et_pb_text content_tablet=&#8220;<\/p>\n<p style=%22text-align: center;%22><a href=%22https:\/\/kaiserdom.de\/kontakt%22><span style=%22color: #000000;%22>Kontakt<\/span><\/a><span style=%22color: #000000;%22> <\/span><\/p>\n<p style=%22text-align: center;%22><a href=%22https:\/\/kaiserdom.de\/karriere-3%22><span style=%22color: #000000;%22>Karriere<\/span><\/a><span style=%22color: #000000;%22> <\/span><\/p>\n<p style=%22text-align: center;%22><span style=%22color: #000000;%22><a href=%22https:\/\/kaiserdom.de\/kundenbereich%22 style=%22color: #000000;%22>Downloads<\/a><\/span><\/p>\n<p>&#8220; content_phone=&#8220;<\/p>\n<p style=%22text-align: center;%22><a href=%22https:\/\/kaiserdom.de\/kontakt%22><span style=%22color: #000000;%22>Kontakt<\/span><\/a><\/p>\n<p style=%22text-align: center;%22><span style=%22color: #000000;%22> <\/span><a href=%22https:\/\/kaiserdom.de\/karriere-3%22><span style=%22color: #000000;%22>Karriere<\/span><\/a><span style=%22color: #000000;%22> <\/span><\/p>\n<p style=%22text-align: center;%22><span style=%22color: #000000;%22><a href=%22https:\/\/kaiserdom.de\/kundenbereich%22 style=%22color: #000000;%22>Downloads<\/a><\/span><\/p>\n<p>&#8220; content_last_edited=&#8220;on|phone&#8220; _builder_version=&#8220;4.4.1&#8243; width_tablet=&#8220;100%&#8220; width_phone=&#8220;100%&#8220; width_last_edited=&#8220;on|phone&#8220; max_width_tablet=&#8220;100%&#8220; max_width_phone=&#8220;100%&#8220; max_width_last_edited=&#8220;on|phone&#8220; custom_margin=&#8220;22px|||65px||&#8220; custom_margin_tablet=&#8220;|||0px|false|false&#8220; custom_margin_phone=&#8220;22px|||0px|false|false&#8220; custom_margin_last_edited=&#8220;on|phone&#8220; module_alignment_tablet=&#8220;center&#8220; module_alignment_phone=&#8220;center&#8220; module_alignment_last_edited=&#8220;on|phone&#8220;]<\/p>\n<p style=\"text-align: left;\"><a href=\"https:\/\/kaiserdom.de\/kontakt\"><span style=\"color: #000000;\">Kontakt<\/span><\/a><span style=\"color: #000000;\">\u00a0 \u00a0 \u00a0 \u00a0<\/span><a href=\"https:\/\/kaiserdom.de\/karriere\"><span style=\"color: #000000;\">Karriere<\/span><\/a><span style=\"color: #000000;\">\u00a0 \u00a0 \u00a0<a href=\"https:\/\/kaiserdom.de\/kundenbereich\" style=\"color: #000000;\">Downloads<\/a><\/span><\/p>\n<p>[\/et_pb_text][\/et_pb_column][et_pb_column type=&#8220;1_5&#8243; _builder_version=&#8220;4.4.1&#8243;][et_pb_image src=&#8220;https:\/\/kaiserdom.de\/wp-content\/uploads\/2020\/03\/KDLogo_Goldimitation-e1533220731251.png&#8220; align=&#8220;center&#8220; _builder_version=&#8220;4.4.1&#8243; width=&#8220;27%&#8220; width_tablet=&#8220;100%&#8220; width_phone=&#8220;40%&#8220; width_last_edited=&#8220;on|phone&#8220; max_width_tablet=&#8220;100%&#8220; max_width_phone=&#8220;40%&#8220; max_width_last_edited=&#8220;on|phone&#8220; custom_margin=&#8220;|130px||||&#8220; custom_margin_tablet=&#8220;|0px|||false|false&#8220; custom_margin_phone=&#8220;|0px|||false|false&#8220; custom_margin_last_edited=&#8220;on|phone&#8220; custom_padding_tablet=&#8220;&#8220; custom_padding_phone=&#8220;0px|0px|0px|0px|false|false&#8220; custom_padding_last_edited=&#8220;on|phone&#8220; module_alignment_tablet=&#8220;center&#8220; module_alignment_phone=&#8220;center&#8220; module_alignment_last_edited=&#8220;on|phone&#8220;][\/et_pb_image][\/et_pb_column][et_pb_column type=&#8220;1_5&#8243; _builder_version=&#8220;4.4.1&#8243;][et_pb_text content_tablet=&#8220;<\/p>\n<\/p>\n<p style=%22text-align: center;%22><a href=%22https:\/\/kaiserdom.de\/datenschutz%22><span style=%22color: #000000;%22>Datenschutz<\/span><\/a> <a href=%22https:\/\/kaiserdom.de\/impressum%22><span style=%22color: #000000;%22>Impressum<\/span><\/a> <a href=%22https:\/\/kaiserdom.de\/agb%22><span style=%22color: #000000;%22>AGB<\/span><\/a> <\/p>\n<p style=%22text-align: center;%22><a href=%22https:\/\/www.facebook.com\/profile.php?id=100087365753254%22 data-et-target-link=%22_blank%22 rel=%22noopener noreferrer%22><span style=%22color: #000000;%22>Facebook<\/span><\/a> <a href=%22https:\/\/www.instagram.com\/brauerei.kaiserdom\/%22 data-et-target-link=%22_blank%22 rel=%22noopener noreferrer%22><span style=%22color: #000000;%22>Instagram<\/span><\/a> <span style=%22color: #000000;%22> <\/span><span><span style=%22color: #000000;%22><a href=%22https:\/\/kaiserdom.de\/hinweisgebersystem%22 style=%22color: #000000;%22>Hinweisgebersystem<\/a>  <\/span> <\/span><\/p>\n<\/p>\n<p>&#8220; content_phone=&#8220;<\/p>\n<p style=%22text-align: center;%22><a href=%22https:\/\/kaiserdom.de\/datenschutz%22><span style=%22color: #000000;%22>Datenschutz<\/span><\/a> <a href=%22https:\/\/kaiserdom.de\/impressum%22><span style=%22color: #000000;%22>Impressum<\/span><\/a> <a href=%22https:\/\/kaiserdom.de\/agb%22><span style=%22color: #000000;%22>AGB<\/span><\/a><\/p>\n<p style=%22text-align: center;%22><a href=%22https:\/\/www.facebook.com\/profile.php?id=100087365753254%22 data-et-target-link=%22_blank%22 rel=%22noopener noreferrer%22><span style=%22color: #000000;%22>Facebook<\/span><\/a> <a href=%22https:\/\/www.instagram.com\/brauerei.kaiserdom\/%22 data-et-target-link=%22_blank%22 rel=%22noopener noreferrer%22><span style=%22color: #000000;%22>Instagram<\/span><\/a><\/p>\n<p style=%22text-align: center;%22><span style=%22color: #000000;%22><a href=%22https:\/\/kaiserdom.de\/hinweisgebersystem%22 style=%22color: #000000;%22>Hinweisgebersystem<\/a><\/span><\/p>\n<p>&#8220; content_last_edited=&#8220;on|tablet&#8220; _builder_version=&#8220;4.4.1&#8243; width_tablet=&#8220;100%&#8220; width_phone=&#8220;&#8220; width_last_edited=&#8220;on|tablet&#8220; max_width_tablet=&#8220;100%&#8220; max_width_phone=&#8220;&#8220; max_width_last_edited=&#8220;on|tablet&#8220; custom_margin=&#8220;22px|-83px||-92px|false|false&#8220; custom_margin_tablet=&#8220;|||0px|false|false&#8220; custom_margin_phone=&#8220;0px|||0px|false|false&#8220; custom_margin_last_edited=&#8220;on|phone&#8220; custom_padding=&#8220;|0px||118px||&#8220; custom_padding_tablet=&#8220;|0px||0px|false|false&#8220; custom_padding_phone=&#8220;|0px||0px|false|false&#8220; custom_padding_last_edited=&#8220;on|phone&#8220; link_option_url_new_window=&#8220;on&#8220; module_alignment_tablet=&#8220;center&#8220; module_alignment_phone=&#8220;&#8220; module_alignment_last_edited=&#8220;on|tablet&#8220;]<\/p>\n<p style=\"text-align: left;\"><a href=\"https:\/\/kaiserdom.de\/datenschutz\"><span style=\"color: #000000;\">Datenschutz<\/span><\/a>\u00a0 \u00a0 \u00a0 \u00a0\u00a0<a href=\"https:\/\/kaiserdom.de\/impressum\"><span style=\"color: #000000;\">Impressum<\/span><\/a>\u00a0 \u00a0 \u00a0 \u00a0\u00a0<a href=\"https:\/\/kaiserdom.de\/agb\"><span style=\"color: #000000;\">AGB<\/span><\/a>\u00a0 \u00a0 \u00a0 \u00a0<span style=\"color: #000000;\"><\/span><\/p>\n<p><a href=\"https:\/\/www.facebook.com\/profile.php?id=100087365753254\" target=\"_blank\" rel=\"noopener noreferrer\"><span style=\"color: #000000;\">Facebook<\/span><\/a>\u00a0 \u00a0 \u00a0 \u00a0 \u00a0 \u00a0 \u00a0<a href=\"https:\/\/www.instagram.com\/brauerei.kaiserdom\/\" target=\"_blank\" rel=\"noopener noreferrer\"><span style=\"color: #000000;\">Instagram<\/span><\/a>\u00a0 \u00a0 \u00a0 \u00a0\u00a0<span style=\"color: #000000;\">\u00a0<a href=\"https:\/\/kaiserdom.de\/hinweisgebersystem\" style=\"color: #000000;\">Hinweisgebersystem<\/a><\/span><\/p>\n<p>[\/et_pb_text][\/et_pb_column][et_pb_column type=&#8220;1_5&#8243; _builder_version=&#8220;4.4.1&#8243;][et_pb_code _builder_version=&#8220;4.4.1&#8243; width=&#8220;50%&#8220; module_alignment=&#8220;center&#8220; custom_margin=&#8220;|||13px||&#8220; custom_margin_tablet=&#8220;&#8220; custom_margin_phone=&#8220;|||135px|false|false&#8220; custom_margin_last_edited=&#8220;on|phone&#8220; custom_padding=&#8220;|||3px||&#8220; text_orientation_tablet=&#8220;&#8220; text_orientation_phone=&#8220;center&#8220; text_orientation_last_edited=&#8220;on|phone&#8220; module_alignment_tablet=&#8220;&#8220; module_alignment_phone=&#8220;center&#8220; module_alignment_last_edited=&#8220;on|phone&#8220; locked=&#8220;off&#8220;]<a href=\"https:\/\/siwecos.de\/scanned-by-siwecos?data-siwecos=kaiserdom.de\"><img src=\"https:\/\/siegel.siwecos.de\/kaiserdom.de\/d.m.y.svg\" width=\"150\" \/><\/a>[\/et_pb_code][\/et_pb_column][\/et_pb_row][\/et_pb_section]<\/p>\n","protected":false},"excerpt":{"rendered":"<p>[et_pb_section fb_built=&#8220;1&#8243; custom_padding_last_edited=&#8220;on|phone&#8220; _builder_version=&#8220;4.4.1&#8243; background_image=&#8220;https:\/\/kaiserdom.de\/wp-content\/uploads\/2020\/06\/HP_Pilsener.jpg&#8220; min_height_tablet=&#8220;&#8220; min_height_phone=&#8220;170px&#8220; min_height_last_edited=&#8220;on|phone&#8220; height_tablet=&#8220;270px&#8220; height_phone=&#8220;200px&#8220; height_last_edited=&#8220;on|phone&#8220; max_height_tablet=&#8220;&#8220; max_height_phone=&#8220;1000px&#8220; max_height_last_edited=&#8220;on|phone&#8220; custom_padding=&#8220;60px||522px|||&#8220; custom_padding_tablet=&#8220;||100px||false|false&#8220; custom_padding_phone=&#8220;60px||60px||false|false&#8220;][\/et_pb_section][et_pb_section fb_built=&#8220;1&#8243; module_class=&#8220;single-beer-section&#8220; _builder_version=&#8220;4.4.1&#8243; background_color=&#8220;rgba(0,0,0,0)&#8220; background_enable_image=&#8220;off&#8220; custom_padding=&#8220;||62px|||&#8220;][et_pb_row column_structure=&#8220;1_2,1_2&#8243; module_class=&#8220;single-beer-row&#8220; _builder_version=&#8220;4.4.1&#8243; background_color=&#8220;rgba(0,0,0,0)&#8220; width=&#8220;60%&#8220; width_tablet=&#8220;90%&#8220; width_phone=&#8220;&#8220; width_last_edited=&#8220;on|tablet&#8220; max_width=&#8220;100%&#8220; custom_margin=&#8220;||||false|false&#8220; custom_padding=&#8220;3px|||||&#8220; custom_css_main_element=&#8220;background: rgb(255,255,255) transparent;||background: rgba(255,255,255,.4);&#8220;][et_pb_column type=&#8220;1_2&#8243; _builder_version=&#8220;4.4.1&#8243;][et_pb_image src=&#8220;https:\/\/kaiserdom.de\/wp-content\/uploads\/2020\/09\/KD_Pils_Glas_1.png&#8220; align=&#8220;center&#8220; align_tablet=&#8220;center&#8220; align_phone=&#8220;&#8220; align_last_edited=&#8220;on|tablet&#8220; module_class=&#8220;single-beer-image&#8220; _builder_version=&#8220;4.4.1&#8243; width=&#8220;46%&#8220; min_height_tablet=&#8220;&#8220; min_height_phone=&#8220;&#8220; min_height_last_edited=&#8220;on|tablet&#8220; height=&#8220;500px&#8220; custom_margin=&#8220;86px|||277px|false|false&#8220; custom_padding=&#8220;0px||1px||false|false&#8220;][\/et_pb_image][\/et_pb_column][et_pb_column type=&#8220;1_2&#8243; [&hellip;]<\/p>\n","protected":false},"author":1,"featured_media":0,"parent":0,"menu_order":0,"comment_status":"closed","ping_status":"closed","template":"","meta":{"_et_pb_use_builder":"on","_et_pb_old_content":"","_et_gb_content_width":"","_lmt_disableupdate":"","_lmt_disable":"","_monsterinsights_skip_tracking":false,"_monsterinsights_sitenote_active":false,"_monsterinsights_sitenote_note":"","_monsterinsights_sitenote_category":0},"aioseo_notices":[],"_links":{"self":[{"href":"https:\/\/kaiserdom.de\/en\/wp-json\/wp\/v2\/pages\/147"}],"collection":[{"href":"https:\/\/kaiserdom.de\/en\/wp-json\/wp\/v2\/pages"}],"about":[{"href":"https:\/\/kaiserdom.de\/en\/wp-json\/wp\/v2\/types\/page"}],"author":[{"embeddable":true,"href":"https:\/\/kaiserdom.de\/en\/wp-json\/wp\/v2\/users\/1"}],"replies":[{"embeddable":true,"href":"https:\/\/kaiserdom.de\/en\/wp-json\/wp\/v2\/comments?post=147"}],"version-history":[{"count":19,"href":"https:\/\/kaiserdom.de\/en\/wp-json\/wp\/v2\/pages\/147\/revisions"}],"predecessor-version":[{"id":10216,"href":"https:\/\/kaiserdom.de\/en\/wp-json\/wp\/v2\/pages\/147\/revisions\/10216"}],"wp:attachment":[{"href":"https:\/\/kaiserdom.de\/en\/wp-json\/wp\/v2\/media?parent=147"}],"curies":[{"name":"wp","href":"https:\/\/api.w.org\/{rel}","templated":true}]}}