{"id":1249,"date":"2020-04-21T11:24:55","date_gmt":"2020-04-21T11:24:55","guid":{"rendered":"http:\/\/neu.kaiserdom.de\/?page_id=1249"},"modified":"2021-11-02T10:40:38","modified_gmt":"2021-11-02T10:40:38","slug":"sondereditionen","status":"publish","type":"page","link":"https:\/\/kaiserdom.de\/en\/sondereditionen","title":{"rendered":"Sondereditionen"},"content":{"rendered":"<p>[et_pb_section fb_built=&#8220;1&#8243; custom_padding_last_edited=&#8220;on|phone&#8220; _builder_version=&#8220;4.4.1&#8243; background_image=&#8220;https:\/\/kaiserdom.de\/wp-content\/uploads\/2020\/04\/HP_Sondereditionen.jpg&#8220; min_height=&#8220;75px&#8220; min_height_tablet=&#8220;&#8220; min_height_phone=&#8220;170px&#8220; min_height_last_edited=&#8220;on|phone&#8220; height=&#8220;100px&#8220; height_tablet=&#8220;&#8220; height_phone=&#8220;200px&#8220; height_last_edited=&#8220;on|phone&#8220; max_height=&#8220;100px&#8220; max_height_tablet=&#8220;&#8220; max_height_phone=&#8220;1000px&#8220; max_height_last_edited=&#8220;on|phone&#8220; custom_padding=&#8220;||611px|||&#8220; custom_padding_tablet=&#8220;&#8220; custom_padding_phone=&#8220;||60px||false|false&#8220;][\/et_pb_section][et_pb_section fb_built=&#8220;1&#8243; _builder_version=&#8220;4.4.1&#8243; background_color=&#8220;rgba(0,0,0,0)&#8220; background_enable_image=&#8220;off&#8220; min_height=&#8220;1071px&#8220; custom_margin=&#8220;||-163px|||&#8220; custom_padding=&#8220;0px||1px|||&#8220;][et_pb_row _builder_version=&#8220;4.4.1&#8243; module_alignment=&#8220;center&#8220; custom_margin=&#8220;|584px||auto||&#8220;][et_pb_column type=&#8220;4_4&#8243; _builder_version=&#8220;4.4.1&#8243;][et_pb_text _builder_version=&#8220;4.4.1&#8243; text_font=&#8220;Casad||||||||&#8220; text_text_color=&#8220;#000000&#8243; text_font_size=&#8220;30px&#8220; text_orientation=&#8220;center&#8220; custom_margin=&#8220;30px|||||&#8220; custom_margin_tablet=&#8220;&#8220; custom_margin_phone=&#8220;16px||10px||false|false&#8220; custom_margin_last_edited=&#8220;on|phone&#8220;]<\/p>\n<p>Saisonale Sondereditionen<\/p>\n<div id=\"gtx-trans\" style=\"position: absolute; left: 105px; top: -1px;\">\n<div class=\"gtx-trans-icon\"><\/div>\n<\/div>\n<p>[\/et_pb_text][\/et_pb_column][\/et_pb_row][et_pb_row _builder_version=&#8220;4.4.1&#8243; min_height=&#8220;91px&#8220; custom_margin=&#8220;-23px|auto||auto||&#8220; custom_padding=&#8220;||0px|||&#8220;][et_pb_column type=&#8220;4_4&#8243; _builder_version=&#8220;4.4.1&#8243;][et_pb_text _builder_version=&#8220;4.4.1&#8243;]<\/p>\n<div style=\"text-align: center;\"><span style=\"color: #000000;\">Kaiserdom legt regelm\u00e4\u00dfig Sammler- und Sondereditionen auf, die nur in bestimmten L\u00e4ndern<\/span><br \/> <span style=\"color: #000000;\">und w\u00e4hrend eines begrenzten Zeitraums verf\u00fcgbar sind.<\/span><\/div>\n<div style=\"text-align: center;\"><span style=\"color: #000000;\">Hier finden Sie einen kleinen Ausschnitt unserer 1-Liter Sondereditionen.<\/span><\/div>\n<p>[\/et_pb_text][\/et_pb_column][\/et_pb_row][et_pb_row _builder_version=&#8220;4.4.1&#8243;][et_pb_column type=&#8220;4_4&#8243; _builder_version=&#8220;4.4.1&#8243;][et_pb_code _builder_version=&#8220;4.4.1&#8243;]\n\t\t<!-- MasterSlider -->\n\t\t<div id=\"P_MS69e81827df849\" class=\"master-slider-parent msl ms-parent-id-2\" style=\"max-width:1000px;\">\n\n\t\t\t\n\t\t\t<!-- MasterSlider Main -->\n\t\t\t<div id=\"MS69e81827df849\" class=\"master-slider ms-skin-light-5\" >\n\t\t\t\t \t\t\t\t \n\t\t\t\t<div  class=\"ms-slide\" data-delay=\"3\" data-fill-mode=\"fit\"  >\n\t\t\t\t\t<img src=\"https:\/\/kaiserdom.de\/wp-content\/plugins\/master-slider\/public\/assets\/css\/blank.gif\" alt=\"\" title=\"\" data-src=\"https:\/\/kaiserdom.de\/wp-content\/uploads\/2025\/08\/Festbier_2025_S_1.png\" \/>\n\n\t\t\t\t\t<div class=\"ms-info\"><p style=\"color: black; text-align: center; font-size: 22px;\">Festbier<\/p><p style=\"color: black; text-align: center; font-size: 18px;\">Zur Oktoberfest Saison<\/p><\/div>\n\n\n\t<img class=\"ms-thumb\" src=\"https:\/\/kaiserdom.de\/wp-content\/uploads\/2025\/08\/Festbier_2025_S_1.png\" alt=\"\" \/>\n\t<div class=\"ms-thumb\" ><div class=\"ms-tab-context\"><div class=\"&quot;ms-tab-context&quot;\"><\/div><\/div>\n<\/div>\n\t\t\t\t<\/div>\n\t\t\t\t<div  class=\"ms-slide\" data-delay=\"3\" data-fill-mode=\"fit\"  >\n\t\t\t\t\t<img src=\"https:\/\/kaiserdom.de\/wp-content\/plugins\/master-slider\/public\/assets\/css\/blank.gif\" alt=\"\" title=\"\" data-src=\"https:\/\/kaiserdom.de\/wp-content\/uploads\/2025\/08\/2025_Snake_spiegel_1.png\" \/>\n\n\t\t\t\t\t<div class=\"ms-info\"><p style=\"color: black; text-align: center; font-size: 22px;\">Snake Year<\/p><p style=\"color: black; text-align: center; font-size: 18px;\">(29\/01\/2025 \u2013 16\/02\/2026)<\/p><\/div>\n\n\n\t<img class=\"ms-thumb\" src=\"https:\/\/kaiserdom.de\/wp-content\/uploads\/2025\/08\/2025_Snake_spiegel_1.png\" alt=\"\" \/>\n\t<div class=\"ms-thumb\" ><div class=\"ms-tab-context\"><div class=\"&quot;ms-tab-context&quot;\"><\/div><\/div>\n<\/div>\n\t\t\t\t<\/div>\n\t\t\t\t<div  class=\"ms-slide\" data-delay=\"3\" data-fill-mode=\"fit\"  >\n\t\t\t\t\t<img src=\"https:\/\/kaiserdom.de\/wp-content\/plugins\/master-slider\/public\/assets\/css\/blank.gif\" alt=\"\" title=\"\" data-src=\"https:\/\/kaiserdom.de\/wp-content\/uploads\/2025\/08\/2024_Dragon_spiegel_1.png\" \/>\n\n\t\t\t\t\t<div class=\"ms-info\"><p style=\"color: black; text-align: center; font-size: 22px;\">Dragon Year<\/p><p style=\"color: black; text-align: center; font-size: 18px;\">(10\/02\/2024 \u2013 28\/01\/2025)<\/p><\/div>\n\n\n\t<img class=\"ms-thumb\" src=\"https:\/\/kaiserdom.de\/wp-content\/uploads\/2025\/08\/2024_Dragon_spiegel_1.png\" alt=\"\" \/>\n\t<div class=\"ms-thumb\" ><div class=\"ms-tab-context\"><div class=\"&quot;ms-tab-context&quot;\"><\/div><\/div>\n<\/div>\n\t\t\t\t<\/div>\n\t\t\t\t<div  class=\"ms-slide\" data-delay=\"3\" data-fill-mode=\"fit\"  >\n\t\t\t\t\t<img src=\"https:\/\/kaiserdom.de\/wp-content\/plugins\/master-slider\/public\/assets\/css\/blank.gif\" alt=\"\" title=\"\" data-src=\"https:\/\/kaiserdom.de\/wp-content\/uploads\/2025\/08\/2023_Rabbit_spiegel_1.png\" \/>\n\n\t\t\t\t\t<div class=\"ms-info\"><p style=\"color: black; text-align: center; font-size: 22px;\">Rabbit Year<\/p><p style=\"color: black; text-align: center; font-size: 18px;\">(22\/01\/2023 \u2013 09\/02\/2024)<\/p><\/div>\n\n\n\t<img class=\"ms-thumb\" src=\"https:\/\/kaiserdom.de\/wp-content\/uploads\/2025\/08\/2023_Rabbit_spiegel_1.png\" alt=\"\" \/>\n\t<div class=\"ms-thumb\" ><div class=\"ms-tab-context\"><div class=\"&quot;ms-tab-context&quot;\"><\/div><\/div>\n<\/div>\n\t\t\t\t<\/div>\n\t\t\t\t<div  class=\"ms-slide\" data-delay=\"3\" data-fill-mode=\"fit\"  >\n\t\t\t\t\t<img src=\"https:\/\/kaiserdom.de\/wp-content\/plugins\/master-slider\/public\/assets\/css\/blank.gif\" alt=\"\" title=\"\" data-src=\"https:\/\/kaiserdom.de\/wp-content\/uploads\/2022\/08\/2022_Tiger_spiegel.png\" \/>\n\n\t\t\t\t\t<div class=\"ms-info\"><p style=\"color: black; text-align: center; font-size: 22px;\">Tiger Year<\/p><p style=\"color: black; text-align: center; font-size: 18px;\">(01\/02\/2022 \u2013 21\/01\/2023)<\/p><\/div>\n\n\n\t<img class=\"ms-thumb\" src=\"https:\/\/kaiserdom.de\/wp-content\/uploads\/2022\/08\/2022_Tiger_spiegel.png\" alt=\"\" \/>\n\t<div class=\"ms-thumb\" ><div class=\"ms-tab-context\"><div class=\"&quot;ms-tab-context&quot;\"><\/div><\/div>\n<\/div>\n\t\t\t\t<\/div>\n\t\t\t\t<div  class=\"ms-slide\" data-delay=\"3\" data-fill-mode=\"fit\"  >\n\t\t\t\t\t<img src=\"https:\/\/kaiserdom.de\/wp-content\/plugins\/master-slider\/public\/assets\/css\/blank.gif\" alt=\"\" title=\"\" data-src=\"https:\/\/kaiserdom.de\/wp-content\/uploads\/2021\/04\/2021_Ox_spiegel_295x715px.png\" \/>\n\n\t\t\t\t\t<div class=\"ms-info\"><p style=\"color: black; text-align: center; font-size: 22px;\">Ox Year<\/p><p style=\"color: black; text-align: center; font-size: 18px;\">(12\/02\/2021 - 31\/01\/2022)<\/p><\/div>\n\n\n\t<img class=\"ms-thumb\" src=\"https:\/\/kaiserdom.de\/wp-content\/uploads\/2021\/04\/2021_Ox_spiegel_295x715px.png\" alt=\"\" \/>\n\t<div class=\"ms-thumb\" ><div class=\"ms-tab-context\"><div class=\"&quot;ms-tab-context&quot;\"><\/div><\/div>\n<\/div>\n\t\t\t\t<\/div>\n\t\t\t\t<div  class=\"ms-slide\" data-delay=\"3\" data-fill-mode=\"fit\"  >\n\t\t\t\t\t<img src=\"https:\/\/kaiserdom.de\/wp-content\/plugins\/master-slider\/public\/assets\/css\/blank.gif\" alt=\"\" title=\"\" data-src=\"https:\/\/kaiserdom.de\/wp-content\/uploads\/2020\/11\/2020_Mouse_spiegel_295x715px.png\" \/>\n\n\t\t\t\t\t<div class=\"ms-info\"><p style=\"color: black; text-align: center; font-size: 22px;\">Mouse Year<\/p><p style=\"color: black; text-align: center; font-size: 18px;\">(25\/01\/2020 - 11\/02\/2021)<\/p><\/div>\n\n\n\t<img class=\"ms-thumb\" src=\"https:\/\/kaiserdom.de\/wp-content\/uploads\/2020\/11\/2020_Mouse_spiegel_295x715px.png\" alt=\"\" \/>\n\t<div class=\"ms-thumb\" ><div class=\"ms-tab-context\"><div class=\"&quot;ms-tab-context&quot;\"><\/div><\/div>\n<\/div>\n\t\t\t\t<\/div>\n\t\t\t\t<div  class=\"ms-slide\" data-delay=\"3\" data-fill-mode=\"fit\"  >\n\t\t\t\t\t<img src=\"https:\/\/kaiserdom.de\/wp-content\/plugins\/master-slider\/public\/assets\/css\/blank.gif\" alt=\"\" title=\"\" data-src=\"https:\/\/kaiserdom.de\/wp-content\/uploads\/2020\/11\/2019_Pig_spiegel_295x715px.png\" \/>\n\n\t\t\t\t\t<div class=\"ms-info\"><p style=\"color: black; text-align: center; font-size: 22px;\">Pig Year<\/p><p style=\"color: black; text-align: center; font-size: 18px;\">(05\/02\/2019 - 24\/01\/2020)<\/p><\/div>\n\n\n\t<img class=\"ms-thumb\" src=\"https:\/\/kaiserdom.de\/wp-content\/uploads\/2020\/11\/2019_Pig_spiegel_295x715px.png\" alt=\"\" \/>\n\t<div class=\"ms-thumb\" ><div class=\"ms-tab-context\"><div class=\"&quot;ms-tab-context&quot;\"><\/div><\/div>\n<\/div>\n\t\t\t\t<\/div>\n\t\t\t\t<div  class=\"ms-slide\" data-delay=\"3\" data-fill-mode=\"fit\"  >\n\t\t\t\t\t<img src=\"https:\/\/kaiserdom.de\/wp-content\/plugins\/master-slider\/public\/assets\/css\/blank.gif\" alt=\"\" title=\"\" data-src=\"https:\/\/kaiserdom.de\/wp-content\/uploads\/2020\/07\/2018_Dog_spiegel.png\" \/>\n\n\t\t\t\t\t<div class=\"ms-info\"><p style=\"color: black; text-align: center; font-size: 22px;\">Dog Year<\/p><p style=\"color: black; text-align: center; font-size: 18px;\">(16\/02\/2018 - 04\/02\/2019)<\/p><\/div>\n\n\n\t<img class=\"ms-thumb\" src=\"https:\/\/kaiserdom.de\/wp-content\/uploads\/2020\/07\/2018_Dog_spiegel.png\" alt=\"\" \/>\n\t<div class=\"ms-thumb\" ><div class=\"ms-tab-context\"><div class=\"&quot;ms-tab-context&quot;\"><\/div><\/div>\n<\/div>\n\t\t\t\t<\/div>\n\t\t\t\t<div  class=\"ms-slide\" data-delay=\"3\" data-fill-mode=\"fit\"  >\n\t\t\t\t\t<img src=\"https:\/\/kaiserdom.de\/wp-content\/plugins\/master-slider\/public\/assets\/css\/blank.gif\" alt=\"\" title=\"\" data-src=\"https:\/\/kaiserdom.de\/wp-content\/uploads\/2020\/07\/2017_Rooster_spiegel.png\" \/>\n\n\t\t\t\t\t<div class=\"ms-info\"><p style=\"color: black; text-align: center; font-size: 22px;\">Rooster Year<\/p><p style=\"color: black; text-align: center; font-size: 18px;\">(28\/02\/2017 - 15\/02\/2018)<\/p><\/div>\n\n\n\t<img class=\"ms-thumb\" src=\"https:\/\/kaiserdom.de\/wp-content\/uploads\/2020\/07\/2017_Rooster_spiegel.png\" alt=\"\" \/>\n\t<div class=\"ms-thumb\" ><div class=\"ms-tab-context\"><div class=\"&quot;ms-tab-context&quot;\"><\/div><\/div>\n<\/div>\n\t\t\t\t<\/div>\n\t\t\t\t<div  class=\"ms-slide\" data-delay=\"3\" data-fill-mode=\"fit\"  >\n\t\t\t\t\t<img src=\"https:\/\/kaiserdom.de\/wp-content\/plugins\/master-slider\/public\/assets\/css\/blank.gif\" alt=\"\" title=\"\" data-src=\"https:\/\/kaiserdom.de\/wp-content\/uploads\/2020\/07\/2016_Monkey_spiegel.png\" \/>\n\n\t\t\t\t\t<div class=\"ms-info\"><p style=\"color: black; text-align: center; font-size: 22px;\">Monkey Year<\/p><p style=\"color: black; text-align: center; font-size: 22px;\"><span style=\"font-size: 18px;\">(08\/02\/2016 - 27\/01\/2017)<\/span><\/p><\/div>\n\n\n\t<img class=\"ms-thumb\" src=\"https:\/\/kaiserdom.de\/wp-content\/uploads\/2020\/07\/2016_Monkey_spiegel.png\" alt=\"\" \/>\n\t<div class=\"ms-thumb\" ><div class=\"ms-tab-context\"><div class=\"&quot;ms-tab-context&quot;\"><\/div><\/div>\n<\/div>\n\t\t\t\t<\/div>\n\t\t\t\t<div  class=\"ms-slide\" data-delay=\"3\" data-fill-mode=\"fit\"  >\n\t\t\t\t\t<img src=\"https:\/\/kaiserdom.de\/wp-content\/plugins\/master-slider\/public\/assets\/css\/blank.gif\" alt=\"\" title=\"\" data-src=\"https:\/\/kaiserdom.de\/wp-content\/uploads\/2021\/04\/2015_Sheep_spiegel_295x715px.png\" \/>\n\n\t\t\t\t\t<div class=\"ms-info\"><p style=\"color: black; text-align: center; font-size: 22px;\">Sheep Year<\/p><p style=\"color: black; text-align: center; font-size: 18px;\">(19\/02\/2015 - 07\/02\/2016)<\/p><\/div>\n\n\n\t<img class=\"ms-thumb\" src=\"https:\/\/kaiserdom.de\/wp-content\/uploads\/2021\/04\/2015_Sheep_spiegel_295x715px.png\" alt=\"\" \/>\n\t<div class=\"ms-thumb\" ><div class=\"ms-tab-context\"><div class=\"&quot;ms-tab-context&quot;\"><\/div><\/div>\n<\/div>\n\t\t\t\t<\/div>\n\t\t\t\t<div  class=\"ms-slide\" data-delay=\"3\" data-fill-mode=\"fit\"  >\n\t\t\t\t\t<img src=\"https:\/\/kaiserdom.de\/wp-content\/plugins\/master-slider\/public\/assets\/css\/blank.gif\" alt=\"\" title=\"\" data-src=\"https:\/\/kaiserdom.de\/wp-content\/uploads\/2020\/07\/World_Edition_2018_spiegel.png\" \/>\n\n\t\t\t\t\t<div class=\"ms-info\"><p style=\"color: black; text-align: center; font-size: 22px;\">World Edition 2018<\/p><p style=\"color: black; text-align: center; font-size: 18px;\">zur WM in Russland<\/p><\/div>\n\n\n\t<img class=\"ms-thumb\" src=\"https:\/\/kaiserdom.de\/wp-content\/uploads\/2020\/07\/World_Edition_2018_spiegel.png\" alt=\"\" \/>\n\t<div class=\"ms-thumb\" ><div class=\"ms-tab-context\"><div class=\"&quot;ms-tab-context&quot;\"><\/div><\/div>\n<\/div>\n\t\t\t\t<\/div>\n\t\t\t\t<div  class=\"ms-slide\" data-delay=\"3\" data-fill-mode=\"fit\"  >\n\t\t\t\t\t<img src=\"https:\/\/kaiserdom.de\/wp-content\/plugins\/master-slider\/public\/assets\/css\/blank.gif\" alt=\"\" title=\"\" data-src=\"https:\/\/kaiserdom.de\/wp-content\/uploads\/2020\/07\/Winterbock_spiegel1.png\" \/>\n\n\t\t\t\t\t<div class=\"ms-info\"><p style=\"color: black; text-align: center; font-size: 22px;\">Winterbock<\/p><p style=\"color: black; text-align: center; font-size: 18px;\">alc. 8,5% vol.<\/p><\/div>\n\n\n\t<img class=\"ms-thumb\" src=\"https:\/\/kaiserdom.de\/wp-content\/uploads\/2020\/07\/Winterbock_spiegel1.png\" alt=\"\" \/>\n\t<div class=\"ms-thumb\" ><div class=\"ms-tab-context\"><div class=\"&quot;ms-tab-context&quot;\"><\/div><\/div>\n<\/div>\n\t\t\t\t<\/div>\n\n\t\t\t<\/div>\n\t\t\t<!-- END MasterSlider Main -->\n\n\t\t\t \n\t\t<\/div>\n\t\t<!-- END MasterSlider -->\n\n\t\t<script>\n\t\t(function ( $ ) {\n\t\t\t\"use strict\";\n\n\t\t\t$(function () {\n\t\t\t\tvar masterslider_f849 = new MasterSlider();\n\n\t\t\t\t\/\/ slider controls\n\t\t\t\tmasterslider_f849.control('arrows'     ,{ autohide:false, overVideo:true  });\n\t\t\t\tmasterslider_f849.control('thumblist'  ,{ autohide:false, overVideo:false, dir:'h', speed:17, inset:false, arrows:false, hover:false, customClass:'', align:'bottom',type:'thumbs', margin:10, width:80, height:180, space:5, fillMode:'fit'  });\n\t\t\t\tmasterslider_f849.control('slideinfo'  ,{ autohide:false, overVideo:false, dir:'h', align:'top',inset:false , margin:19  , size:3 });\n\t\t\t\t\/\/ slider setup\n\t\t\t\tmasterslider_f849.setup(\"MS69e81827df849\", {\n\t\t\t\t\t\twidth           : 1000,\n\t\t\t\t\t\theight          : 500,\n\t\t\t\t\t\tminHeight       : 0,\n\t\t\t\t\t\tspace           : 0,\n\t\t\t\t\t\tstart           : 1,\n\t\t\t\t\t\tgrabCursor      : true,\n\t\t\t\t\t\tswipe           : true,\n\t\t\t\t\t\tmouse           : true,\n\t\t\t\t\t\tlayout          : \"boxed\",\n\t\t\t\t\t\twheel           : false,\n\t\t\t\t\t\tautoplay        : false,\n\t\t\t\t\t\tinstantStartLayers:false,\n\t\t\t\t\t\tloop            : false,\n\t\t\t\t\t\tshuffle         : false,\n\t\t\t\t\t\tpreload         : 0,\n\t\t\t\t\t\theightLimit     : true,\n\t\t\t\t\t\tautoHeight      : false,\n\t\t\t\t\t\tsmoothHeight    : true,\n\t\t\t\t\t\tendPause        : false,\n\t\t\t\t\t\toverPause       : true,\n\t\t\t\t\t\tfillMode        : \"fill\",\n\t\t\t\t\t\tcenterControls  : true,\n\t\t\t\t\t\tstartOnAppear   : false,\n\t\t\t\t\t\tlayersMode      : \"center\",\n\t\t\t\t\t\thideLayers      : false,\n\t\t\t\t\t\tfullscreenMargin: 0,\n\t\t\t\t\t\tspeed           : 20,\n\t\t\t\t\t\tdir             : \"h\",\n\t\t\t\t\t\tparallaxMode    : 'swipe',\n\t\t\t\t\t\tview            : \"basic\"\n\t\t\t\t});\n\n\t\t\t\t\n\t\t\t\twindow.masterslider_instances = window.masterslider_instances || [];\n\t\t\t\twindow.masterslider_instances.push( masterslider_f849 );\n\t\t\t });\n\n\t\t})(jQuery);\n\t\t<\/script>\n\n[\/et_pb_code][\/et_pb_column][\/et_pb_row][\/et_pb_section][et_pb_section fb_built=&#8220;1&#8243; _builder_version=&#8220;4.4.1&#8243; background_color=&#8220;#d6d6d6&#8243; min_height=&#8220;0px&#8220; custom_margin=&#8220;210px||||false|false&#8220; custom_padding=&#8220;5px||0px|||&#8220; saved_tabs=&#8220;all&#8220; global_module=&#8220;7115&#8243;][et_pb_row column_structure=&#8220;1_5,1_5,1_5,1_5,1_5&#8243; use_custom_gutter=&#8220;on&#8220; gutter_width=&#8220;2&#8243; _builder_version=&#8220;4.4.1&#8243; width=&#8220;100%&#8220; width_tablet=&#8220;100%&#8220; width_phone=&#8220;100%&#8220; width_last_edited=&#8220;on|phone&#8220; max_width=&#8220;100%&#8220; min_height=&#8220;67px&#8220; custom_margin=&#8220;||||false|false&#8220; custom_padding=&#8220;13px|0px|15px|||&#8220; module_alignment_tablet=&#8220;center&#8220; module_alignment_phone=&#8220;center&#8220; module_alignment_last_edited=&#8220;on|phone&#8220;][et_pb_column type=&#8220;1_5&#8243; _builder_version=&#8220;4.4.1&#8243;][\/et_pb_column][et_pb_column type=&#8220;1_5&#8243; _builder_version=&#8220;4.4.1&#8243;][et_pb_text content_tablet=&#8220;<\/p>\n<p style=%22text-align: center;%22><a href=%22https:\/\/kaiserdom.de\/kontakt%22><span style=%22color: #000000;%22>Kontakt<\/span><\/a><span style=%22color: #000000;%22> <\/span><\/p>\n<p style=%22text-align: center;%22><a href=%22https:\/\/kaiserdom.de\/karriere-3%22><span style=%22color: #000000;%22>Karriere<\/span><\/a><span style=%22color: #000000;%22> <\/span><\/p>\n<p style=%22text-align: center;%22><span style=%22color: #000000;%22><a href=%22https:\/\/kaiserdom.de\/kundenbereich%22 style=%22color: #000000;%22>Downloads<\/a><\/span><\/p>\n<p>&#8220; content_phone=&#8220;<\/p>\n<p style=%22text-align: center;%22><a href=%22https:\/\/kaiserdom.de\/kontakt%22><span style=%22color: #000000;%22>Kontakt<\/span><\/a><\/p>\n<p style=%22text-align: center;%22><span style=%22color: #000000;%22> <\/span><a href=%22https:\/\/kaiserdom.de\/karriere-3%22><span style=%22color: #000000;%22>Karriere<\/span><\/a><span style=%22color: #000000;%22> <\/span><\/p>\n<p style=%22text-align: center;%22><span style=%22color: #000000;%22><a href=%22https:\/\/kaiserdom.de\/kundenbereich%22 style=%22color: #000000;%22>Downloads<\/a><\/span><\/p>\n<p>&#8220; content_last_edited=&#8220;on|phone&#8220; _builder_version=&#8220;4.4.1&#8243; width_tablet=&#8220;100%&#8220; width_phone=&#8220;100%&#8220; width_last_edited=&#8220;on|phone&#8220; max_width_tablet=&#8220;100%&#8220; max_width_phone=&#8220;100%&#8220; max_width_last_edited=&#8220;on|phone&#8220; custom_margin=&#8220;22px|||65px||&#8220; custom_margin_tablet=&#8220;|||0px|false|false&#8220; custom_margin_phone=&#8220;22px|||0px|false|false&#8220; custom_margin_last_edited=&#8220;on|phone&#8220; module_alignment_tablet=&#8220;center&#8220; module_alignment_phone=&#8220;center&#8220; module_alignment_last_edited=&#8220;on|phone&#8220;]<\/p>\n<p style=\"text-align: left;\"><a href=\"https:\/\/kaiserdom.de\/kontakt\"><span style=\"color: #000000;\">Kontakt<\/span><\/a><span style=\"color: #000000;\">\u00a0 \u00a0 \u00a0 \u00a0<\/span><a href=\"https:\/\/kaiserdom.de\/karriere-3\"><span style=\"color: #000000;\">Karriere<\/span><\/a><span style=\"color: #000000;\">\u00a0 \u00a0 \u00a0<a href=\"https:\/\/kaiserdom.de\/kundenbereich\" style=\"color: #000000;\">Downloads<\/a><\/span><\/p>\n<p>[\/et_pb_text][\/et_pb_column][et_pb_column type=&#8220;1_5&#8243; _builder_version=&#8220;4.4.1&#8243;][et_pb_image src=&#8220;https:\/\/kaiserdom.de\/wp-content\/uploads\/2020\/03\/KDLogo_Goldimitation-e1533220731251.png&#8220; align=&#8220;center&#8220; _builder_version=&#8220;4.4.1&#8243; width=&#8220;27%&#8220; width_tablet=&#8220;100%&#8220; width_phone=&#8220;40%&#8220; width_last_edited=&#8220;on|phone&#8220; max_width_tablet=&#8220;100%&#8220; max_width_phone=&#8220;40%&#8220; max_width_last_edited=&#8220;on|phone&#8220; custom_margin=&#8220;|130px||||&#8220; custom_margin_tablet=&#8220;|0px|||false|false&#8220; custom_margin_phone=&#8220;10px|0px|||false|false&#8220; custom_margin_last_edited=&#8220;on|phone&#8220; custom_padding_tablet=&#8220;&#8220; custom_padding_phone=&#8220;0px|0px|0px|0px|false|false&#8220; custom_padding_last_edited=&#8220;on|phone&#8220; module_alignment_tablet=&#8220;center&#8220; module_alignment_phone=&#8220;center&#8220; module_alignment_last_edited=&#8220;on|phone&#8220;][\/et_pb_image][\/et_pb_column][et_pb_column type=&#8220;1_5&#8243; _builder_version=&#8220;4.4.1&#8243;][et_pb_text content_tablet=&#8220;<\/p>\n<p style=%22text-align: center;%22><a href=%22https:\/\/kaiserdom.de\/datenschutz%22><span style=%22color: #000000;%22>Datenschutz<\/span><\/a>       <a href=%22https:\/\/kaiserdom.de\/impressum%22><span style=%22color: #000000;%22>Impressum<\/span><\/a>       <a href=%22https:\/\/kaiserdom.de\/agb%22><span style=%22color: #000000;%22>AGB<\/span><\/a><\/p>\n<p>&#8220; content_phone=&#8220;<\/p>\n<p style=%22text-align: center;%22><a href=%22https:\/\/kaiserdom.de\/datenschutz%22><span style=%22color: #000000;%22>Datenschutz<\/span><\/a>       <a href=%22https:\/\/kaiserdom.de\/impressum%22><span style=%22color: #000000;%22>Impressum<\/span><\/a>       <a href=%22https:\/\/kaiserdom.de\/agb%22><span style=%22color: #000000;%22>AGB<\/span><\/a><\/p>\n<p>&#8220; content_last_edited=&#8220;on|phone&#8220; _builder_version=&#8220;4.4.1&#8243; width_tablet=&#8220;100%&#8220; width_phone=&#8220;&#8220; width_last_edited=&#8220;on|tablet&#8220; max_width_tablet=&#8220;100%&#8220; max_width_phone=&#8220;&#8220; max_width_last_edited=&#8220;on|tablet&#8220; custom_margin=&#8220;22px|||-90px||&#8220; custom_margin_tablet=&#8220;|||0px|false|false&#8220; custom_margin_phone=&#8220;0px|||0px|false|false&#8220; custom_margin_last_edited=&#8220;on|phone&#8220; custom_padding=&#8220;|2px||118px||&#8220; custom_padding_tablet=&#8220;|0px||0px|false|false&#8220; custom_padding_phone=&#8220;|0px||0px|false|false&#8220; custom_padding_last_edited=&#8220;on|phone&#8220; module_alignment_tablet=&#8220;center&#8220; module_alignment_phone=&#8220;&#8220; module_alignment_last_edited=&#8220;on|tablet&#8220;]<\/p>\n<p style=\"text-align: left;\"><a href=\"https:\/\/kaiserdom.de\/datenschutz\"><span style=\"color: #000000;\">Datenschutz<\/span><\/a>\u00a0 \u00a0 \u00a0 \u00a0\u00a0<a href=\"https:\/\/kaiserdom.de\/impressum\"><span style=\"color: #000000;\">Impressum<\/span><\/a>\u00a0 \u00a0 \u00a0 \u00a0\u00a0<a href=\"https:\/\/kaiserdom.de\/agb\"><span style=\"color: #000000;\">AGB<\/span><\/a><\/p>\n<p>[\/et_pb_text][\/et_pb_column][et_pb_column type=&#8220;1_5&#8243; _builder_version=&#8220;4.4.1&#8243;][et_pb_code _builder_version=&#8220;4.4.1&#8243; custom_margin_tablet=&#8220;&#8220; custom_margin_phone=&#8220;|||170px|false|false&#8220; custom_margin_last_edited=&#8220;on|phone&#8220; module_alignment_tablet=&#8220;&#8220; module_alignment_phone=&#8220;center&#8220; module_alignment_last_edited=&#8220;on|phone&#8220;]<a href=\"https:\/\/siwecos.de\/scanned-by-siwecos?data-siwecos=www.kaiserdom.de\"><img src=\"https:\/\/siegel.siwecos.de\/www.kaiserdom.de\/d.m.y.svg\" width=\"150\" \/><\/a>[\/et_pb_code][\/et_pb_column][\/et_pb_row][\/et_pb_section]<\/p>\n","protected":false},"excerpt":{"rendered":"<p>[et_pb_section fb_built=&#8220;1&#8243; custom_padding_last_edited=&#8220;on|phone&#8220; _builder_version=&#8220;4.4.1&#8243; background_image=&#8220;https:\/\/kaiserdom.de\/wp-content\/uploads\/2020\/04\/HP_Sondereditionen.jpg&#8220; min_height=&#8220;75px&#8220; min_height_tablet=&#8220;&#8220; min_height_phone=&#8220;170px&#8220; min_height_last_edited=&#8220;on|phone&#8220; height=&#8220;100px&#8220; height_tablet=&#8220;&#8220; height_phone=&#8220;200px&#8220; height_last_edited=&#8220;on|phone&#8220; max_height=&#8220;100px&#8220; max_height_tablet=&#8220;&#8220; max_height_phone=&#8220;1000px&#8220; max_height_last_edited=&#8220;on|phone&#8220; custom_padding=&#8220;||611px|||&#8220; custom_padding_tablet=&#8220;&#8220; custom_padding_phone=&#8220;||60px||false|false&#8220;][\/et_pb_section][et_pb_section fb_built=&#8220;1&#8243; _builder_version=&#8220;4.4.1&#8243; background_color=&#8220;rgba(0,0,0,0)&#8220; background_enable_image=&#8220;off&#8220; min_height=&#8220;1071px&#8220; custom_margin=&#8220;||-163px|||&#8220; custom_padding=&#8220;0px||1px|||&#8220;][et_pb_row _builder_version=&#8220;4.4.1&#8243; module_alignment=&#8220;center&#8220; custom_margin=&#8220;|584px||auto||&#8220;][et_pb_column type=&#8220;4_4&#8243; _builder_version=&#8220;4.4.1&#8243;][et_pb_text _builder_version=&#8220;4.4.1&#8243; text_font=&#8220;Casad||||||||&#8220; text_text_color=&#8220;#000000&#8243; text_font_size=&#8220;30px&#8220; text_orientation=&#8220;center&#8220; custom_margin=&#8220;30px|||||&#8220; custom_margin_tablet=&#8220;&#8220; custom_margin_phone=&#8220;16px||10px||false|false&#8220; custom_margin_last_edited=&#8220;on|phone&#8220;] Saisonale Sondereditionen [\/et_pb_text][\/et_pb_column][\/et_pb_row][et_pb_row _builder_version=&#8220;4.4.1&#8243; min_height=&#8220;91px&#8220; custom_margin=&#8220;-23px|auto||auto||&#8220; custom_padding=&#8220;||0px|||&#8220;][et_pb_column type=&#8220;4_4&#8243; _builder_version=&#8220;4.4.1&#8243;][et_pb_text _builder_version=&#8220;4.4.1&#8243;] Kaiserdom legt regelm\u00e4\u00dfig Sammler- [&hellip;]<\/p>\n","protected":false},"author":1,"featured_media":0,"parent":0,"menu_order":0,"comment_status":"closed","ping_status":"closed","template":"","meta":{"_et_pb_use_builder":"on","_et_pb_old_content":"","_et_gb_content_width":"","_lmt_disableupdate":"","_lmt_disable":"","_monsterinsights_skip_tracking":false,"_monsterinsights_sitenote_active":false,"_monsterinsights_sitenote_note":"","_monsterinsights_sitenote_category":0},"aioseo_notices":[],"_links":{"self":[{"href":"https:\/\/kaiserdom.de\/en\/wp-json\/wp\/v2\/pages\/1249"}],"collection":[{"href":"https:\/\/kaiserdom.de\/en\/wp-json\/wp\/v2\/pages"}],"about":[{"href":"https:\/\/kaiserdom.de\/en\/wp-json\/wp\/v2\/types\/page"}],"author":[{"embeddable":true,"href":"https:\/\/kaiserdom.de\/en\/wp-json\/wp\/v2\/users\/1"}],"replies":[{"embeddable":true,"href":"https:\/\/kaiserdom.de\/en\/wp-json\/wp\/v2\/comments?post=1249"}],"version-history":[{"count":25,"href":"https:\/\/kaiserdom.de\/en\/wp-json\/wp\/v2\/pages\/1249\/revisions"}],"predecessor-version":[{"id":7124,"href":"https:\/\/kaiserdom.de\/en\/wp-json\/wp\/v2\/pages\/1249\/revisions\/7124"}],"wp:attachment":[{"href":"https:\/\/kaiserdom.de\/en\/wp-json\/wp\/v2\/media?parent=1249"}],"curies":[{"name":"wp","href":"https:\/\/api.w.org\/{rel}","templated":true}]}}